{"id":6587,"date":"2019-10-13T14:19:08","date_gmt":"2019-10-13T11:19:08","guid":{"rendered":"https:\/\/www.saxsim.ee\/?post_type=product&#038;p=6587"},"modified":"2022-09-11T16:37:26","modified_gmt":"2022-09-11T13:37:26","slug":"cisoria-ltd-ed-rgoet30-fileerkaarid-55","status":"publish","type":"product","link":"https:\/\/saxsim.ee\/swp\/product\/cisoria-ltd-ed-rgoet30-fileerkaarid-55\/","title":{"rendered":"Cisoria LTD ED RGOET30 &#8211; fileerk\u00e4\u00e4rid 5,5&#8243;"},"content":{"rendered":"<p>Roostevabast\u00a0terasest, ergonoomilised, 30-hambaga\u00a0fileerk\u00e4\u00e4rid.<\/p>\n<p><strong>Materjal:<\/strong><br \/>\nSUS440C roostevaba teras, kaetud rose gold titaniumiga.<br \/>\nHRC: 59-60\u00b0<\/p>\n<p><strong>Disainielemendid:<\/strong><br \/>\nergonomic offset k\u00e4epide<br \/>\n30 hammast<br \/>\nfikseeritud s\u00f5rmetugi<br \/>\nregulaarse suurusega s\u00f5rmeaugud<\/p>\n<p><strong>Lisatud:<\/strong><br \/>\nk\u00e4\u00e4ri\u00f5li \u2013 1 tk.<br \/>\ns\u00f5rmer\u00f5ngad \u2013 2 tk.<br \/>\npuhastuslapp &#8211; 1 tk.<br \/>\npingutusv\u00f5ti &#8211; 1 tk.<\/p>\n","protected":false},"excerpt":{"rendered":"<p>Roostevabast\u00a0terasest, ergonoomilised, 30-hambaga\u00a0fileerk\u00e4\u00e4rid. Materjal: SUS440C roostevaba teras, kaetud rose gold titaniumiga. HRC: 59-60\u00b0 Disainielemendid: ergonomic offset k\u00e4epide 30 hammast fikseeritud s\u00f5rmetugi regulaarse suurusega s\u00f5rmeaugud Lisatud: k\u00e4\u00e4ri\u00f5li \u2013 1 tk. s\u00f5rmer\u00f5ngad \u2013 2 tk. puhastuslapp &#8211; 1 tk. pingutusv\u00f5ti &#8211; 1 tk.<\/p>\n","protected":false},"featured_media":6588,"comment_status":"closed","ping_status":"closed","template":"","meta":[],"product_cat":[735,401,174,277],"product_tag":[],"class_list":{"0":"post-6587","1":"product","2":"type-product","3":"status-publish","4":"has-post-thumbnail","6":"product_cat-cisoria","7":"product_cat-juuksuri-tarvikud","8":"product_cat-kaarid","9":"product_cat-fileerkaarid","11":"first","12":"instock","13":"taxable","14":"shipping-taxable","15":"purchasable","16":"product-type-simple"},"_links":{"self":[{"href":"https:\/\/saxsim.ee\/swp\/wp-json\/wp\/v2\/product\/6587"}],"collection":[{"href":"https:\/\/saxsim.ee\/swp\/wp-json\/wp\/v2\/product"}],"about":[{"href":"https:\/\/saxsim.ee\/swp\/wp-json\/wp\/v2\/types\/product"}],"replies":[{"embeddable":true,"href":"https:\/\/saxsim.ee\/swp\/wp-json\/wp\/v2\/comments?post=6587"}],"wp:featuredmedia":[{"embeddable":true,"href":"https:\/\/saxsim.ee\/swp\/wp-json\/wp\/v2\/media\/6588"}],"wp:attachment":[{"href":"https:\/\/saxsim.ee\/swp\/wp-json\/wp\/v2\/media?parent=6587"}],"wp:term":[{"taxonomy":"product_cat","embeddable":true,"href":"https:\/\/saxsim.ee\/swp\/wp-json\/wp\/v2\/product_cat?post=6587"},{"taxonomy":"product_tag","embeddable":true,"href":"https:\/\/saxsim.ee\/swp\/wp-json\/wp\/v2\/product_tag?post=6587"}],"curies":[{"name":"wp","href":"https:\/\/api.w.org\/{rel}","templated":true}]}}