{"id":6580,"date":"2019-10-10T09:26:53","date_gmt":"2019-10-10T06:26:53","guid":{"rendered":"https:\/\/www.saxsim.ee\/?post_type=product&#038;p=6580"},"modified":"2023-12-10T13:25:54","modified_gmt":"2023-12-10T11:25:54","slug":"vision-kasipeegel","status":"publish","type":"product","link":"https:\/\/saxsim.ee\/swp\/product\/vision-kasipeegel\/","title":{"rendered":"Vision &#8211; k\u00e4sipeegel"},"content":{"rendered":"<p><span class=\"gt-baf-term-text\"><span class=\"gt-baf-cell gt-baf-word-clickable\">Modernne peegel, mida on kerge kahe k\u00e4ega hoida. Peeglil on kummist \u00e4\u00e4r, mis kaitseb ja v\u00f5imaldab asetada teda tasapinnale, seda kriimustamatta.<br \/>\n<\/span><\/span><\/p>\n<p>V\u00e4rvus &#8211; must.<\/p>\n<p>M\u00f5\u00f5dud &#8211; 25 x 38 cm.<\/p>\n","protected":false},"excerpt":{"rendered":"<p>Modernne peegel, mida on kerge kahe k\u00e4ega hoida. Peeglil on kummist \u00e4\u00e4r, mis kaitseb ja v\u00f5imaldab asetada teda tasapinnale, seda kriimustamatta. V\u00e4rvus &#8211; must. M\u00f5\u00f5dud &#8211; 25 x 38 cm.<\/p>\n","protected":false},"featured_media":6581,"comment_status":"closed","ping_status":"closed","template":"","meta":[],"product_cat":[325,182,400,577,401],"product_tag":[],"class_list":{"0":"post-6580","1":"product","2":"type-product","3":"status-publish","4":"has-post-thumbnail","6":"product_cat-juuksuri-ja-ilusalongi-sisustus","7":"product_cat-kasipeeglid","8":"product_cat-ilusalongi-sisustus","9":"product_cat-iluteenindaja-tarvikud","10":"product_cat-juuksuri-tarvikud","12":"first","13":"instock","14":"taxable","15":"shipping-taxable","16":"purchasable","17":"product-type-simple"},"_links":{"self":[{"href":"https:\/\/saxsim.ee\/swp\/wp-json\/wp\/v2\/product\/6580"}],"collection":[{"href":"https:\/\/saxsim.ee\/swp\/wp-json\/wp\/v2\/product"}],"about":[{"href":"https:\/\/saxsim.ee\/swp\/wp-json\/wp\/v2\/types\/product"}],"replies":[{"embeddable":true,"href":"https:\/\/saxsim.ee\/swp\/wp-json\/wp\/v2\/comments?post=6580"}],"wp:featuredmedia":[{"embeddable":true,"href":"https:\/\/saxsim.ee\/swp\/wp-json\/wp\/v2\/media\/6581"}],"wp:attachment":[{"href":"https:\/\/saxsim.ee\/swp\/wp-json\/wp\/v2\/media?parent=6580"}],"wp:term":[{"taxonomy":"product_cat","embeddable":true,"href":"https:\/\/saxsim.ee\/swp\/wp-json\/wp\/v2\/product_cat?post=6580"},{"taxonomy":"product_tag","embeddable":true,"href":"https:\/\/saxsim.ee\/swp\/wp-json\/wp\/v2\/product_tag?post=6580"}],"curies":[{"name":"wp","href":"https:\/\/api.w.org\/{rel}","templated":true}]}}