{"id":6571,"date":"2019-10-02T19:38:19","date_gmt":"2019-10-02T16:38:19","guid":{"rendered":"https:\/\/www.saxsim.ee\/?post_type=product&#038;p=6571"},"modified":"2026-02-26T16:47:58","modified_gmt":"2026-02-26T14:47:58","slug":"sensido-trillion-tones-scale-elektrooniline-kaal","status":"publish","type":"product","link":"https:\/\/saxsim.ee\/swp\/product\/sensido-trillion-tones-scale-elektrooniline-kaal\/","title":{"rendered":"SensiDO Trillion Tones Scale &#8211; elektrooniline kaal"},"content":{"rendered":"<p><span class=\"tlid-translation translation\" lang=\"et\"><span title=\"\">Professionaalne v\u00e4rvkaal \u00e4\u00e4rmiselt t\u00e4pseks kaalumiseks.<\/span> <span title=\"\">Kaalul on automaatne v\u00e4ljal\u00fclitus 180 sekundi p\u00e4rast.<\/span> <span title=\"\">Kui soovite seda aega muuta, saate automaatse v\u00e4ljal\u00fclituse ajaks seada 60 v\u00f5i 120 sekundit v\u00f5i funktsiooni t\u00e4ielikult v\u00e4lja l\u00fclitada.<\/span> <span title=\"\">T\u00f6\u00f6tab kahe AAA patareiga.<\/span><\/span><\/p>\n<p>Maksimaalselt saab kaaluda kuni 500 g.<\/p>\n<p>Kaalub t\u00e4psusega 0,01 g.<\/p>\n<p>Taara nullimise funktsioon.<\/p>\n<p><span title=\"\">Kaalu\u00fchiku valimise v\u00f5imalus ( g. ct. dwt. ozt. oz. gn. lb. tl. ml. ). Vaikeseade on g. (gramm).<\/span><\/p>\n<p>&nbsp;<\/p>\n","protected":false},"excerpt":{"rendered":"<p>Professionaalne v\u00e4rvkaal \u00e4\u00e4rmiselt t\u00e4pseks kaalumiseks. Kaalul on automaatne v\u00e4ljal\u00fclitus 180 sekundi p\u00e4rast. Kui soovite seda aega muuta, saate automaatse v\u00e4ljal\u00fclituse ajaks seada 60 v\u00f5i 120 sekundit v\u00f5i funktsiooni t\u00e4ielikult v\u00e4lja l\u00fclitada. T\u00f6\u00f6tab kahe AAA patareiga. Maksimaalselt saab kaaluda kuni 500 g. Kaalub t\u00e4psusega 0,01 g. Taara nullimise funktsioon. Kaalu\u00fchiku valimise v\u00f5imalus ( g. ct. dwt. [&hellip;]<\/p>\n","protected":false},"featured_media":6572,"comment_status":"closed","ping_status":"closed","template":"","meta":[],"product_cat":[325,324,401,280,176],"product_tag":[],"class_list":{"0":"post-6571","1":"product","2":"type-product","3":"status-publish","4":"has-post-thumbnail","6":"product_cat-juuksuri-ja-ilusalongi-sisustus","7":"product_cat-kaalud","8":"product_cat-juuksuri-tarvikud","9":"product_cat-elektrilised-toovahendid","10":"product_cat-varvitarvikud","12":"first","13":"instock","14":"taxable","15":"shipping-taxable","16":"purchasable","17":"product-type-simple"},"_links":{"self":[{"href":"https:\/\/saxsim.ee\/swp\/wp-json\/wp\/v2\/product\/6571"}],"collection":[{"href":"https:\/\/saxsim.ee\/swp\/wp-json\/wp\/v2\/product"}],"about":[{"href":"https:\/\/saxsim.ee\/swp\/wp-json\/wp\/v2\/types\/product"}],"replies":[{"embeddable":true,"href":"https:\/\/saxsim.ee\/swp\/wp-json\/wp\/v2\/comments?post=6571"}],"wp:featuredmedia":[{"embeddable":true,"href":"https:\/\/saxsim.ee\/swp\/wp-json\/wp\/v2\/media\/6572"}],"wp:attachment":[{"href":"https:\/\/saxsim.ee\/swp\/wp-json\/wp\/v2\/media?parent=6571"}],"wp:term":[{"taxonomy":"product_cat","embeddable":true,"href":"https:\/\/saxsim.ee\/swp\/wp-json\/wp\/v2\/product_cat?post=6571"},{"taxonomy":"product_tag","embeddable":true,"href":"https:\/\/saxsim.ee\/swp\/wp-json\/wp\/v2\/product_tag?post=6571"}],"curies":[{"name":"wp","href":"https:\/\/api.w.org\/{rel}","templated":true}]}}