{"id":6569,"date":"2019-10-02T18:52:42","date_gmt":"2019-10-02T15:52:42","guid":{"rendered":"https:\/\/www.saxsim.ee\/?post_type=product&#038;p=6569"},"modified":"2019-10-02T18:56:27","modified_gmt":"2019-10-02T15:56:27","slug":"sensido-trillion-tones-coloring-cape-varvilina","status":"publish","type":"product","link":"https:\/\/saxsim.ee\/swp\/product\/sensido-trillion-tones-coloring-cape-varvilina\/","title":{"rendered":"SensiDO Trillion Tones Coloring Cape  &#8211; v\u00e4rvilina"},"content":{"rendered":"<p>Suurus &#8211; \u00a0\u00a0 cm.<\/p>\n<p>Kinnitus &#8211; haakidega<\/p>\n<p>Kaeluse max. \u00fcmberm\u00f5\u00f5t \u2013 58 cm.<\/p>\n<p>Materjal \u2013 100% pol\u00fcester<\/p>\n<p>K\u00e4eavadeta<\/p>\n<p><strong>Hooldus:<\/strong><\/p>\n<p>masinpesu madalal temperatuuril<\/p>\n<p>kuivatada soovitavalt n\u00f6\u00f6ril. Trummelkuivatust mitte kasutada!<\/p>\n<p>pesemisel \u00e4rge kunagi kasutage vedelaid valgendusvahendeid!<\/p>\n<p>&nbsp;<\/p>\n","protected":false},"excerpt":{"rendered":"<p>Suurus &#8211; \u00a0\u00a0 cm. Kinnitus &#8211; haakidega Kaeluse max. \u00fcmberm\u00f5\u00f5t \u2013 58 cm. Materjal \u2013 100% pol\u00fcester K\u00e4eavadeta Hooldus: masinpesu madalal temperatuuril kuivatada soovitavalt n\u00f6\u00f6ril. Trummelkuivatust mitte kasutada! pesemisel \u00e4rge kunagi kasutage vedelaid valgendusvahendeid! &nbsp;<\/p>\n","protected":false},"featured_media":6570,"comment_status":"closed","ping_status":"closed","template":"","meta":[],"product_cat":[401,296],"product_tag":[],"class_list":{"0":"post-6569","1":"product","2":"type-product","3":"status-publish","4":"has-post-thumbnail","6":"product_cat-juuksuri-tarvikud","7":"product_cat-loikus-ja-varvilinad","9":"first","10":"instock","11":"taxable","12":"shipping-taxable","13":"purchasable","14":"product-type-simple"},"_links":{"self":[{"href":"https:\/\/saxsim.ee\/swp\/wp-json\/wp\/v2\/product\/6569"}],"collection":[{"href":"https:\/\/saxsim.ee\/swp\/wp-json\/wp\/v2\/product"}],"about":[{"href":"https:\/\/saxsim.ee\/swp\/wp-json\/wp\/v2\/types\/product"}],"replies":[{"embeddable":true,"href":"https:\/\/saxsim.ee\/swp\/wp-json\/wp\/v2\/comments?post=6569"}],"wp:featuredmedia":[{"embeddable":true,"href":"https:\/\/saxsim.ee\/swp\/wp-json\/wp\/v2\/media\/6570"}],"wp:attachment":[{"href":"https:\/\/saxsim.ee\/swp\/wp-json\/wp\/v2\/media?parent=6569"}],"wp:term":[{"taxonomy":"product_cat","embeddable":true,"href":"https:\/\/saxsim.ee\/swp\/wp-json\/wp\/v2\/product_cat?post=6569"},{"taxonomy":"product_tag","embeddable":true,"href":"https:\/\/saxsim.ee\/swp\/wp-json\/wp\/v2\/product_tag?post=6569"}],"curies":[{"name":"wp","href":"https:\/\/api.w.org\/{rel}","templated":true}]}}