{"id":6538,"date":"2019-09-23T13:39:04","date_gmt":"2019-09-23T10:39:04","guid":{"rendered":"https:\/\/www.saxsim.ee\/?post_type=product&#038;p=6538"},"modified":"2024-01-07T17:19:45","modified_gmt":"2024-01-07T15:19:45","slug":"hairways-14-hair-gel-50-ml-juuksegeel","status":"publish","type":"product","link":"https:\/\/saxsim.ee\/swp\/product\/hairways-14-hair-gel-50-ml-juuksegeel\/","title":{"rendered":"Hairways 14 Hair Gel 50 ml &#8211; juuksegeel"},"content":{"rendered":"<p><span id=\"result_box\" class=\"\" lang=\"et\">Tugev juuksegeel kauap\u00fcsivate soengute loomiseks.<br \/>\n<\/span><\/p>\n<p><span id=\"result_box\" class=\"\" lang=\"et\"><span class=\"\"><strong>Kasutamine:<\/strong><\/span> k<\/span><span id=\"result_box\" class=\"\" lang=\"et\"><span class=\"\"><span class=\"tlid-translation translation\" lang=\"et\"><span class=\"\" title=\"\">anna r\u00e4tikuivadesse juustesse v\u00f5i kuivadele juustele, vormi vastavalt soovile.<\/span><\/span><\/span><\/span><\/p>\n<p>Toode on vegan.<\/p>\n<p>pH: 6.5<\/p>\n<p>&nbsp;<\/p>\n<p>&nbsp;<\/p>\n<p>&nbsp;<\/p>\n<p>&nbsp;<\/p>\n<p>&nbsp;<\/p>\n<p>&nbsp;<\/p>\n","protected":false},"excerpt":{"rendered":"<p>Tugev juuksegeel kauap\u00fcsivate soengute loomiseks. Kasutamine: kanna r\u00e4tikuivadesse juustesse v\u00f5i kuivadele juustele, vormi vastavalt soovile. Toode on vegan. pH: 6.5 &nbsp; &nbsp; &nbsp; &nbsp; &nbsp; &nbsp;<\/p>\n","protected":false},"featured_media":6539,"comment_status":"closed","ping_status":"closed","template":"","meta":[],"product_cat":[642,395,683,284],"product_tag":[],"class_list":{"0":"post-6538","1":"product","2":"type-product","3":"status-publish","4":"has-post-thumbnail","6":"product_cat-hairways","7":"product_cat-juuksed","8":"product_cat-juuksegeelid","9":"product_cat-reisimiseks","11":"first","12":"instock","13":"taxable","14":"shipping-taxable","15":"purchasable","16":"product-type-simple"},"_links":{"self":[{"href":"https:\/\/saxsim.ee\/swp\/wp-json\/wp\/v2\/product\/6538"}],"collection":[{"href":"https:\/\/saxsim.ee\/swp\/wp-json\/wp\/v2\/product"}],"about":[{"href":"https:\/\/saxsim.ee\/swp\/wp-json\/wp\/v2\/types\/product"}],"replies":[{"embeddable":true,"href":"https:\/\/saxsim.ee\/swp\/wp-json\/wp\/v2\/comments?post=6538"}],"wp:featuredmedia":[{"embeddable":true,"href":"https:\/\/saxsim.ee\/swp\/wp-json\/wp\/v2\/media\/6539"}],"wp:attachment":[{"href":"https:\/\/saxsim.ee\/swp\/wp-json\/wp\/v2\/media?parent=6538"}],"wp:term":[{"taxonomy":"product_cat","embeddable":true,"href":"https:\/\/saxsim.ee\/swp\/wp-json\/wp\/v2\/product_cat?post=6538"},{"taxonomy":"product_tag","embeddable":true,"href":"https:\/\/saxsim.ee\/swp\/wp-json\/wp\/v2\/product_tag?post=6538"}],"curies":[{"name":"wp","href":"https:\/\/api.w.org\/{rel}","templated":true}]}}