{"id":6534,"date":"2019-09-23T13:06:40","date_gmt":"2019-09-23T10:06:40","guid":{"rendered":"https:\/\/www.saxsim.ee\/?post_type=product&#038;p=6534"},"modified":"2024-01-07T17:19:06","modified_gmt":"2024-01-07T15:19:06","slug":"hairways-24-hair-wax-50ml-juuksevaha","status":"publish","type":"product","link":"https:\/\/saxsim.ee\/swp\/product\/hairways-24-hair-wax-50ml-juuksevaha\/","title":{"rendered":"Hairways 24 Hair Wax 50ml &#8211; juuksevaha"},"content":{"rendered":"<p><span id=\"result_box\" class=\"\" lang=\"et\"><span class=\"tlid-translation translation\" lang=\"et\"><span title=\"\">Juuksevaha lisab juustele struktuuri, annab tugeva toe ja kauni l\u00e4ike.<\/span> <span title=\"\">Vahal on v\u00e4rske piparm\u00fcndi l\u00f5hn.<\/span><\/span><\/span><\/p>\n<p><span id=\"result_box\" class=\"\" lang=\"et\"><span class=\"\"><strong>Kasutamine:<\/strong><\/span> k<\/span><span id=\"result_box\" class=\"\" lang=\"et\"><span class=\"\"><span class=\"tlid-translation translation\" lang=\"et\"><span class=\"\" title=\"\">anna r\u00e4tikuivadesse juustesse v\u00f5i kuivadele juustele, vormi vastavalt soovile.<\/span><\/span><\/span><\/span><\/p>\n<p>Toode on vegan.<\/p>\n<p>&nbsp;<\/p>\n<p>&nbsp;<\/p>\n<p>&nbsp;<\/p>\n<p>&nbsp;<\/p>\n<p>&nbsp;<\/p>\n<p>&nbsp;<\/p>\n","protected":false},"excerpt":{"rendered":"<p>Juuksevaha lisab juustele struktuuri, annab tugeva toe ja kauni l\u00e4ike. Vahal on v\u00e4rske piparm\u00fcndi l\u00f5hn. Kasutamine: kanna r\u00e4tikuivadesse juustesse v\u00f5i kuivadele juustele, vormi vastavalt soovile. Toode on vegan. &nbsp; &nbsp; &nbsp; &nbsp; &nbsp; &nbsp;<\/p>\n","protected":false},"featured_media":6535,"comment_status":"closed","ping_status":"closed","template":"","meta":[],"product_cat":[642,395,681,684,284],"product_tag":[],"class_list":{"0":"post-6534","1":"product","2":"type-product","3":"status-publish","4":"has-post-thumbnail","6":"product_cat-hairways","7":"product_cat-juuksed","8":"product_cat-viimistlus","9":"product_cat-juuksevahad","10":"product_cat-reisimiseks","12":"first","13":"instock","14":"taxable","15":"shipping-taxable","16":"purchasable","17":"product-type-simple"},"_links":{"self":[{"href":"https:\/\/saxsim.ee\/swp\/wp-json\/wp\/v2\/product\/6534"}],"collection":[{"href":"https:\/\/saxsim.ee\/swp\/wp-json\/wp\/v2\/product"}],"about":[{"href":"https:\/\/saxsim.ee\/swp\/wp-json\/wp\/v2\/types\/product"}],"replies":[{"embeddable":true,"href":"https:\/\/saxsim.ee\/swp\/wp-json\/wp\/v2\/comments?post=6534"}],"wp:featuredmedia":[{"embeddable":true,"href":"https:\/\/saxsim.ee\/swp\/wp-json\/wp\/v2\/media\/6535"}],"wp:attachment":[{"href":"https:\/\/saxsim.ee\/swp\/wp-json\/wp\/v2\/media?parent=6534"}],"wp:term":[{"taxonomy":"product_cat","embeddable":true,"href":"https:\/\/saxsim.ee\/swp\/wp-json\/wp\/v2\/product_cat?post=6534"},{"taxonomy":"product_tag","embeddable":true,"href":"https:\/\/saxsim.ee\/swp\/wp-json\/wp\/v2\/product_tag?post=6534"}],"curies":[{"name":"wp","href":"https:\/\/api.w.org\/{rel}","templated":true}]}}