{"id":6528,"date":"2019-09-22T13:28:52","date_gmt":"2019-09-22T10:28:52","guid":{"rendered":"https:\/\/www.saxsim.ee\/?post_type=product&#038;p=6528"},"modified":"2025-03-21T17:06:00","modified_gmt":"2025-03-21T15:06:00","slug":"joewell-sz-525-loikuskaarid","status":"publish","type":"product","link":"https:\/\/saxsim.ee\/swp\/product\/joewell-sz-525-loikuskaarid\/","title":{"rendered":"Joewell SZ 525 &#8211; l\u00f5ikusk\u00e4\u00e4rid"},"content":{"rendered":"<p><span id=\"result_box\" class=\"\" lang=\"et\">Joewell SZ mudeli valmistamisel on kasutatud veidi teistsuguste omadustega sulamit, mis kajastub oluliselt madalamas hinnas.<\/span><\/p>\n<p><strong>Eelised:<\/strong>\u00a0taskukohane<br \/>\n<strong>Materjal:<\/strong> Supreme roostevaba sulam, mis sisaldab 5% niklit<\/p>\n<p><strong>Disainielemendid:<\/strong><br \/>\nSemi-Offset k\u00e4epide<br \/>\nlame, s\u00fcvistatud reguleerimiskruvi<br \/>\neemaldatav s\u00f5rmetugi<br \/>\nregulaarse suurusega s\u00f5rmeaugud<\/p>\n<p>Convex Shape<\/p>\n<p><strong>lisatud:<\/strong><br \/>\nJoewell k\u00e4\u00e4ri\u00f5li &#8211; 1 tk.<br \/>\ns\u00f5rmer\u00f5ngad &#8211; 2 tk.<\/p>\n<p>Joewell SZ k\u00e4\u00e4re on saadaval ka suuruses 5,75&#8243;.<\/p>\n<p>Tootja &#8211; TOKOSHA CO., LTD, Japan<\/p>\n","protected":false},"excerpt":{"rendered":"<p>Joewell SZ mudeli valmistamisel on kasutatud veidi teistsuguste omadustega sulamit, mis kajastub oluliselt madalamas hinnas. Eelised:\u00a0taskukohane Materjal: Supreme roostevaba sulam, mis sisaldab 5% niklit Disainielemendid: Semi-Offset k\u00e4epide lame, s\u00fcvistatud reguleerimiskruvi eemaldatav s\u00f5rmetugi regulaarse suurusega s\u00f5rmeaugud Convex Shape lisatud: Joewell k\u00e4\u00e4ri\u00f5li &#8211; 1 tk. s\u00f5rmer\u00f5ngad &#8211; 2 tk. Joewell SZ k\u00e4\u00e4re on saadaval ka suuruses 5,75&#8243;. [&hellip;]<\/p>\n","protected":false},"featured_media":6529,"comment_status":"closed","ping_status":"closed","template":"","meta":[],"product_cat":[703,401,174,276],"product_tag":[],"class_list":{"0":"post-6528","1":"product","2":"type-product","3":"status-publish","4":"has-post-thumbnail","6":"product_cat-joewell","7":"product_cat-juuksuri-tarvikud","8":"product_cat-kaarid","9":"product_cat-loikuskaarid","11":"first","12":"instock","13":"taxable","14":"shipping-taxable","15":"purchasable","16":"product-type-simple"},"_links":{"self":[{"href":"https:\/\/saxsim.ee\/swp\/wp-json\/wp\/v2\/product\/6528"}],"collection":[{"href":"https:\/\/saxsim.ee\/swp\/wp-json\/wp\/v2\/product"}],"about":[{"href":"https:\/\/saxsim.ee\/swp\/wp-json\/wp\/v2\/types\/product"}],"replies":[{"embeddable":true,"href":"https:\/\/saxsim.ee\/swp\/wp-json\/wp\/v2\/comments?post=6528"}],"wp:featuredmedia":[{"embeddable":true,"href":"https:\/\/saxsim.ee\/swp\/wp-json\/wp\/v2\/media\/6529"}],"wp:attachment":[{"href":"https:\/\/saxsim.ee\/swp\/wp-json\/wp\/v2\/media?parent=6528"}],"wp:term":[{"taxonomy":"product_cat","embeddable":true,"href":"https:\/\/saxsim.ee\/swp\/wp-json\/wp\/v2\/product_cat?post=6528"},{"taxonomy":"product_tag","embeddable":true,"href":"https:\/\/saxsim.ee\/swp\/wp-json\/wp\/v2\/product_tag?post=6528"}],"curies":[{"name":"wp","href":"https:\/\/api.w.org\/{rel}","templated":true}]}}