{"id":6415,"date":"2019-08-14T19:43:06","date_gmt":"2019-08-14T16:43:06","guid":{"rendered":"https:\/\/www.saxsim.ee\/?post_type=product&#038;p=6415"},"modified":"2020-05-18T22:00:48","modified_gmt":"2020-05-18T19:00:48","slug":"ga-ma-g-style-ionic-red-sirgendaja","status":"publish","type":"product","link":"https:\/\/saxsim.ee\/swp\/product\/ga-ma-g-style-ionic-red-sirgendaja\/","title":{"rendered":"GA.MA G-Style Ionic, Red &#8211; sirgendaja"},"content":{"rendered":"<p><span class=\"tlid-translation translation\" lang=\"et\"><span class=\"\" title=\"\">T\u00e4nu IHT-tehnoloogiale saavutab G-Style IHT ION Plus sirgendaja kiiresti soovitud temperatuuri. <\/span><span class=\"\" title=\"\">Suurema arvu ioonide pidev emissioon regenereerib juuksekiudu, v\u00e4hendades karvasust ja <\/span><\/span>tagab siidiselt sileda l\u00f5pptulemuse.<\/p>\n<p><strong>Tehnilised andmed:<\/strong><\/p>\n<p>reguleeritav temperatuur &#8211; 150-230\u00b0C<\/p>\n<p>turmaliinkattega plaadid &#8211; 25*90 mm, vetruvad<\/p>\n<p>energias\u00e4\u00e4stlik s\u00fcsteem, a<span class=\"tlid-translation translation\" lang=\"et\"><span class=\"\" title=\"\">utomaatne v\u00e4ljal\u00fclitus 60 min. p\u00e4rast<\/span><\/span><\/p>\n<p>v\u00e4ike kaal &#8211; 248 g<\/p>\n<p>p\u00f6\u00f6rlev juhe &#8211; 3 m<\/p>\n<p>Tootja:\u00a0GA.MA S.r.l., Italy<\/p>\n<p>&nbsp;<\/p>\n","protected":false},"excerpt":{"rendered":"<p>T\u00e4nu IHT-tehnoloogiale saavutab G-Style IHT ION Plus sirgendaja kiiresti soovitud temperatuuri. Suurema arvu ioonide pidev emissioon regenereerib juuksekiudu, v\u00e4hendades karvasust ja tagab siidiselt sileda l\u00f5pptulemuse. Tehnilised andmed: reguleeritav temperatuur &#8211; 150-230\u00b0C turmaliinkattega plaadid &#8211; 25*90 mm, vetruvad energias\u00e4\u00e4stlik s\u00fcsteem, automaatne v\u00e4ljal\u00fclitus 60 min. p\u00e4rast v\u00e4ike kaal &#8211; 248 g p\u00f6\u00f6rlev juhe &#8211; 3 m Tootja:\u00a0GA.MA [&hellip;]<\/p>\n","protected":false},"featured_media":6416,"comment_status":"closed","ping_status":"closed","template":"","meta":[],"product_cat":[709,401,280,338],"product_tag":[],"class_list":{"0":"post-6415","1":"product","2":"type-product","3":"status-publish","4":"has-post-thumbnail","6":"product_cat-ga-ma","7":"product_cat-juuksuri-tarvikud","8":"product_cat-elektrilised-toovahendid","9":"product_cat-sirgendajad","11":"first","12":"outofstock","13":"taxable","14":"shipping-taxable","15":"purchasable","16":"product-type-simple"},"_links":{"self":[{"href":"https:\/\/saxsim.ee\/swp\/wp-json\/wp\/v2\/product\/6415"}],"collection":[{"href":"https:\/\/saxsim.ee\/swp\/wp-json\/wp\/v2\/product"}],"about":[{"href":"https:\/\/saxsim.ee\/swp\/wp-json\/wp\/v2\/types\/product"}],"replies":[{"embeddable":true,"href":"https:\/\/saxsim.ee\/swp\/wp-json\/wp\/v2\/comments?post=6415"}],"wp:featuredmedia":[{"embeddable":true,"href":"https:\/\/saxsim.ee\/swp\/wp-json\/wp\/v2\/media\/6416"}],"wp:attachment":[{"href":"https:\/\/saxsim.ee\/swp\/wp-json\/wp\/v2\/media?parent=6415"}],"wp:term":[{"taxonomy":"product_cat","embeddable":true,"href":"https:\/\/saxsim.ee\/swp\/wp-json\/wp\/v2\/product_cat?post=6415"},{"taxonomy":"product_tag","embeddable":true,"href":"https:\/\/saxsim.ee\/swp\/wp-json\/wp\/v2\/product_tag?post=6415"}],"curies":[{"name":"wp","href":"https:\/\/api.w.org\/{rel}","templated":true}]}}