{"id":6411,"date":"2019-08-11T14:24:55","date_gmt":"2019-08-11T11:24:55","guid":{"rendered":"https:\/\/www.saxsim.ee\/?post_type=product&#038;p=6411"},"modified":"2019-08-11T14:45:02","modified_gmt":"2019-08-11T11:45:02","slug":"sensido-trillion-tones-starter-kit-alustuspakett-8-toodet-2","status":"publish","type":"product","link":"https:\/\/saxsim.ee\/swp\/product\/sensido-trillion-tones-starter-kit-alustuspakett-8-toodet-2\/","title":{"rendered":"SensiDO Trillion Tones Starter Kit &#8211; alustuspakett ( 8 toodet )"},"content":{"rendered":"<p><strong>SensiDO Trillion Tones by Rebecca Taylor<\/strong> <strong>alustuspakett<\/strong><\/p>\n<p>SensiDO Trillion Tones by Rebecca Taylor v\u00e4rvid on h\u00fcbriidv\u00e4rvid, mis ei ole otse-, p\u00fcsi- ega kergv\u00e4rvid, vaid k\u00f5ik need kokku. SensiDO Trillion Tones on otsev\u00e4rvipigmentidel p\u00f5hinev PPD vaba juuksev\u00e4rv, mida saab kasutada nagu p\u00fcsiv\u00e4rvi. SensiDO Trillion Tones v\u00e4rvidega \u00f5nnestuvad k\u00f5ik v\u00e4rvimised looduslikest pruunidest pastellseteni, erksad <em>unicorn <\/em>toonid, hallide juuste v\u00e4rvimine, kui ka soovimatute toonide neutraliseerimine.<\/p>\n<p>SensiDO Trillion Tones kontseptsiooniks on kompaktne tootesari, mis v\u00f5imaldab igal juuksuril \u00fcletada tavap\u00e4rase v\u00e4rvimise piire. V\u00e4rvisarja kuulub 5 intensiivv\u00e4rvi, 5 pastellv\u00e4rvi ja valge laveerimisv\u00e4rv, mida omavahel segades on v\u00f5imalus luua triljoneid erinevaid v\u00e4rvitoone t\u00f6\u00f6deldud, t\u00f6\u00f6tlemata ja isegi hallide juuste v\u00e4rvimiseks. SensiDO Trillion Tones esitab v\u00e4ljakutse, kogu maailma juuksuritele, ennast proovile panema ja looma imelisi v\u00e4rvitoone!<\/p>\n<p><strong>Kuidas toode toimib?<\/strong><\/p>\n<p>Tootesarjal on kolm p\u00f5hikomponenti otsev\u00e4rvipigmendid, leelised ja vesinikud. Otsev\u00e4rvipigmentide abil lood lihtsalt ja kiirelt triljoneid erinevaid v\u00e4rvitoone, mille piiriks on vaid kujutlusv\u00f5ime. Leelis aitab v\u00e4rvipigmentidel tungida s\u00fcgavamale juuste sisse. Leelises sisalduv ammoniaak soodustab valgendamisprotsessi, t\u00f6\u00f6tades katal\u00fcsaatorina koos vesinikperoksiidiga (oks\u00fcdandiga). Vesinik toimib oks\u00fcdeerijana, vabanenud hapnik valgendab juukse loomulikku melaniinipigmenti ja muudab v\u00e4rvi p\u00fcsivaks.<\/p>\n<p>SensiDO Trillion Tones by Rebecca Taylor tooted on taimsed.<\/p>\n<p><strong>Starter Kit alustuspaketis on 8 toodet:<\/strong><\/p>\n<p>1 \u00d7 SensiDO Trillion Tones White 1000 ml.<\/p>\n<p>1 \u00d7 SensiDO Trillion Tones Intense Blue 60 ml.<\/p>\n<p>1 \u00d7 SensiDO Trillion Tones Intense Red 60 ml.<\/p>\n<p>1 \u00d7 SensiDO Trillion Tones Intense Yellow 60 ml.<\/p>\n<p>1 \u00d7 SensiDO Trillion Tones Intense Brown 60 ml.<\/p>\n<p>1 \u00d7 SensiDO Trillion Tones Intense Black 60 ml.<\/p>\n<p>1 \u00d7 SensiDO Trillion Tones 3% Developer 1000 ml.<\/p>\n<p>1 \u00d7 SensiDO Trillion Tones Alkaline \/0 1000 ml.<\/p>\n<p><strong>Segamissuhe:<\/strong> v\u00e4rv + leelis + vesinik, 1:1:1<br \/>\n<strong>Segamise j\u00e4rjekord:<\/strong> v\u00e4rv (A) + leelis (B) + vesinik (C)<br \/>\n<strong>M\u00f5juaeg:<\/strong> 30 minutit. V\u00e4rvi v\u00f5ib kasutada ka otsev\u00e4rvina, ilma leelise ja vesinikuta. Sellisel juhul on m\u00f5juaeg 20 minutit.<\/p>\n<p><strong>T\u00e4helepanu!<\/strong> Kasutades SensiDO Trillion Tones v\u00e4rve otsev\u00e4rvina, peavad juuksed olema valgendatud.<\/p>\n<p>SensiDO Trillion Tones v\u00e4rviretseptide abivahend: app.trilliontones.com<\/p>\n<p><strong>SensiDO Trillion Tones tooted:<\/strong><br \/>\n<u>V\u00e4rvipigmendid (A)<\/u><br \/>\nSinine: intensiivne 60 ja 250 ml., pastell 250 ml.<br \/>\nPunane: intensiivne\u00a0 60 ja 250 ml., pastell 250 ml.<br \/>\nKollane: intensiivne 60 ja 250 ml., pastell 250 ml.<br \/>\nPruun: intensiivne 60 ja 250 ml., pastell 250 ml.<br \/>\nMust: intensiivne 60 ja 250 ml., pastell 250 ml.<br \/>\nValge: 250 ml. ja 1000 ml.<\/p>\n<p><u>Leelis (B)<\/u><br \/>\n\/0 1000 ml.<br \/>\n\/00 1000 ml.<\/p>\n<p><u>Vesinik (C)<\/u><br \/>\nDeveloper 3% 1000 ml.<br \/>\nDeveloper 7,5% 1000 ml.<\/p>\n","protected":false},"excerpt":{"rendered":"<p>SensiDO Trillion Tones by Rebecca Taylor alustuspakett SensiDO Trillion Tones by Rebecca Taylor v\u00e4rvid on h\u00fcbriidv\u00e4rvid, mis ei ole otse-, p\u00fcsi- ega kergv\u00e4rvid, vaid k\u00f5ik need kokku. SensiDO Trillion Tones on otsev\u00e4rvipigmentidel p\u00f5hinev PPD vaba juuksev\u00e4rv, mida saab kasutada nagu p\u00fcsiv\u00e4rvi. SensiDO Trillion Tones v\u00e4rvidega \u00f5nnestuvad k\u00f5ik v\u00e4rvimised looduslikest pruunidest pastellseteni, erksad unicorn toonid, hallide [&hellip;]<\/p>\n","protected":false},"featured_media":5190,"comment_status":"closed","ping_status":"closed","template":"","meta":[],"product_cat":[395,95,652],"product_tag":[637],"class_list":{"0":"post-6411","1":"product","2":"type-product","3":"status-publish","4":"has-post-thumbnail","6":"product_cat-juuksed","7":"product_cat-sensido-juuksevarvid","8":"product_cat-sensido-trillion-tones","9":"product_tag-profitoode","11":"first","12":"instock","13":"taxable","14":"shipping-taxable","15":"purchasable","16":"product-type-simple"},"_links":{"self":[{"href":"https:\/\/saxsim.ee\/swp\/wp-json\/wp\/v2\/product\/6411"}],"collection":[{"href":"https:\/\/saxsim.ee\/swp\/wp-json\/wp\/v2\/product"}],"about":[{"href":"https:\/\/saxsim.ee\/swp\/wp-json\/wp\/v2\/types\/product"}],"replies":[{"embeddable":true,"href":"https:\/\/saxsim.ee\/swp\/wp-json\/wp\/v2\/comments?post=6411"}],"wp:featuredmedia":[{"embeddable":true,"href":"https:\/\/saxsim.ee\/swp\/wp-json\/wp\/v2\/media\/5190"}],"wp:attachment":[{"href":"https:\/\/saxsim.ee\/swp\/wp-json\/wp\/v2\/media?parent=6411"}],"wp:term":[{"taxonomy":"product_cat","embeddable":true,"href":"https:\/\/saxsim.ee\/swp\/wp-json\/wp\/v2\/product_cat?post=6411"},{"taxonomy":"product_tag","embeddable":true,"href":"https:\/\/saxsim.ee\/swp\/wp-json\/wp\/v2\/product_tag?post=6411"}],"curies":[{"name":"wp","href":"https:\/\/api.w.org\/{rel}","templated":true}]}}