{"id":6407,"date":"2019-08-11T14:08:41","date_gmt":"2019-08-11T11:08:41","guid":{"rendered":"https:\/\/www.saxsim.ee\/?post_type=product&#038;p=6407"},"modified":"2019-08-11T14:09:47","modified_gmt":"2019-08-11T11:09:47","slug":"sensido-trillion-tones-intense-brown-60-ml-pruun-otsevarvipigment","status":"publish","type":"product","link":"https:\/\/saxsim.ee\/swp\/product\/sensido-trillion-tones-intense-brown-60-ml-pruun-otsevarvipigment\/","title":{"rendered":"SensiDO Trillion Tones Intense Brown 60 ml. &#8211; pruun otsev\u00e4rvipigment"},"content":{"rendered":"<p>L\u00f5hnavaba, intensiivne pruun v\u00e4rvipigment.<\/p>\n<p><span id=\"result_box\" class=\"\" lang=\"et\"><span class=\"\">Segades omavahel SensiDO Trillion Tones otsev\u00e4rvipigmente on v\u00f5imalus luua triljoneid erinevaid v\u00e4rvitoone t\u00f6\u00f6deldud, t\u00f6\u00f6tlemata ja isegi hallide juuste v\u00e4rvimiseks. Intensiivse pruuni otsev\u00e4rvipigmendiga on v\u00f5imalus luua ilusaid loomulikke toone. Segades omavahel pruuni ja kollast otsev\u00e4rvi, on v\u00f5imalus luua v\u00e4ga erinevaid vasekarva toone. Kombineerides omavahel pruune ja punaseid v\u00e4rvipigmente, saab luua intensiivseid punakaspruune toone.<br \/>\n<\/span><\/span><\/p>\n<p><span id=\"result_box\" class=\"\" lang=\"et\"><span class=\"\">Otsev\u00e4rvipigmendid sisaldavad juukseid kaitsvaid koostisaineid, mis eemaldavad juustest elektrit, annavad ilusa l\u00e4ike ja muudavad juuksed pehmeteks.<br \/>\n<\/span><\/span><\/p>\n<p>Intensiivseid <span id=\"result_box\" class=\"\" lang=\"et\"><span class=\"\">otsev\u00e4rvipigmente on<\/span><\/span> ka: punast, musta, sinist ja kollast.<\/p>\n<p>SensiDO Trillion Tones by Rebecca Taylor tooted on taimsed.<\/p>\n<p><strong>pH:<\/strong> 4,5<\/p>\n<p>SensiDO Trillion Tones v\u00e4rviretseptide abivahend: app.trilliontones.com<\/p>\n","protected":false},"excerpt":{"rendered":"<p>L\u00f5hnavaba, intensiivne pruun v\u00e4rvipigment. Segades omavahel SensiDO Trillion Tones otsev\u00e4rvipigmente on v\u00f5imalus luua triljoneid erinevaid v\u00e4rvitoone t\u00f6\u00f6deldud, t\u00f6\u00f6tlemata ja isegi hallide juuste v\u00e4rvimiseks. Intensiivse pruuni otsev\u00e4rvipigmendiga on v\u00f5imalus luua ilusaid loomulikke toone. Segades omavahel pruuni ja kollast otsev\u00e4rvi, on v\u00f5imalus luua v\u00e4ga erinevaid vasekarva toone. Kombineerides omavahel pruune ja punaseid v\u00e4rvipigmente, saab luua intensiivseid punakaspruune [&hellip;]<\/p>\n","protected":false},"featured_media":6408,"comment_status":"closed","ping_status":"closed","template":"","meta":[],"product_cat":[395,95,652],"product_tag":[637],"class_list":{"0":"post-6407","1":"product","2":"type-product","3":"status-publish","4":"has-post-thumbnail","6":"product_cat-juuksed","7":"product_cat-sensido-juuksevarvid","8":"product_cat-sensido-trillion-tones","9":"product_tag-profitoode","11":"first","12":"instock","13":"taxable","14":"shipping-taxable","15":"purchasable","16":"product-type-simple"},"_links":{"self":[{"href":"https:\/\/saxsim.ee\/swp\/wp-json\/wp\/v2\/product\/6407"}],"collection":[{"href":"https:\/\/saxsim.ee\/swp\/wp-json\/wp\/v2\/product"}],"about":[{"href":"https:\/\/saxsim.ee\/swp\/wp-json\/wp\/v2\/types\/product"}],"replies":[{"embeddable":true,"href":"https:\/\/saxsim.ee\/swp\/wp-json\/wp\/v2\/comments?post=6407"}],"wp:featuredmedia":[{"embeddable":true,"href":"https:\/\/saxsim.ee\/swp\/wp-json\/wp\/v2\/media\/6408"}],"wp:attachment":[{"href":"https:\/\/saxsim.ee\/swp\/wp-json\/wp\/v2\/media?parent=6407"}],"wp:term":[{"taxonomy":"product_cat","embeddable":true,"href":"https:\/\/saxsim.ee\/swp\/wp-json\/wp\/v2\/product_cat?post=6407"},{"taxonomy":"product_tag","embeddable":true,"href":"https:\/\/saxsim.ee\/swp\/wp-json\/wp\/v2\/product_tag?post=6407"}],"curies":[{"name":"wp","href":"https:\/\/api.w.org\/{rel}","templated":true}]}}