{"id":6403,"date":"2019-08-11T14:03:53","date_gmt":"2019-08-11T11:03:53","guid":{"rendered":"https:\/\/www.saxsim.ee\/?post_type=product&#038;p=6403"},"modified":"2019-08-11T14:05:14","modified_gmt":"2019-08-11T11:05:14","slug":"sensido-trillion-tones-intense-blue-60-ml-sinine-otsevarvipigment","status":"publish","type":"product","link":"https:\/\/saxsim.ee\/swp\/product\/sensido-trillion-tones-intense-blue-60-ml-sinine-otsevarvipigment\/","title":{"rendered":"SensiDO Trillion Tones Intense Blue 60 ml. &#8211; sinine otsev\u00e4rvipigment"},"content":{"rendered":"<p>L\u00f5hnavaba, intensiivne sinine v\u00e4rvipigment.<\/p>\n<p><span id=\"result_box\" class=\"\" lang=\"et\"><span class=\"\">Segades omavahel SensiDO Trillion Tones otsev\u00e4rvipigmente on v\u00f5imalus luua triljoneid erinevaid v\u00e4rvitoone t\u00f6\u00f6deldud, t\u00f6\u00f6tlemata ja isegi hallide juuste v\u00e4rvimiseks. Intensiivse sinise v\u00e4rvipigmendiga lood intensiivseid \u0161okiv\u00e4rve. T\u00e4iesti valged juuksed on v\u00f5imalik v\u00e4rvida k\u00fclma tooniga, intensiivseks mustaks, segades omavahel intensiivsed sinise, punase ja musta otsev\u00e4rvipigmendid.<\/span><\/span><\/p>\n<p><span id=\"result_box\" class=\"\" lang=\"et\"><span title=\"HUOM! \"><strong>T\u00c4HELEPANU!<\/strong><br \/>\n<\/span><span title=\"Sininen muuttuu kemiallisen reaktion my\u00f6t\u00e4 vihre\u00e4ksi alkalin ja hapetteen lis\u00e4yksen j\u00e4lkeen.\">Sinine <span class=\"\">otsev\u00e4rvipigment<\/span> muutub p\u00e4rast keemilist reaktsiooni leelise ja vesinikuga roheliseks. Peale segamist, v\u00f5ib kohe alustada v<\/span><span title=\"V\u00e4rin levitt\u00e4misen voi aloittaa hiukseen heti sekoittamisen j\u00e4lkeen, sill\u00e4 vihre\u00e4 s\u00e4vy palautuu muutamassa minuutissa siniseksi.\">\u00e4rvisegu kandmist juustele, sest roheline toon muutub m\u00f5ne minutiga j\u00e4lle siniseks. V\u00e4rvitoon s\u00e4ilib siis sellisena, nagu olete selle <span class=\"\">otsev\u00e4rvipigmentidest kokku seganud.<\/span><br \/>\n<\/span><\/span><\/p>\n<p><span id=\"result_box\" class=\"\" lang=\"et\"><span class=\"\">Otsev\u00e4rvipigmendid sisaldavad juukseid kaitsvaid koostisaineid, mis eemaldavad juustest elektrit, annavad ilusa l\u00e4ike ja muudavad juuksed pehmeteks.<br \/>\n<\/span><\/span><\/p>\n<p>Intensiivseid <span id=\"result_box\" class=\"\" lang=\"et\"><span class=\"\">otsev\u00e4rvipigmente on<\/span><\/span> ka: pruuni, musta, punast ja kollast.<\/p>\n<p>SensiDO Trillion Tones by Rebecca Taylor tooted on taimsed.<\/p>\n<p><strong>pH:<\/strong> 4,5<\/p>\n<p>SensiDO Trillion Tones v\u00e4rviretseptide abivahend: app.trilliontones.com<\/p>\n","protected":false},"excerpt":{"rendered":"<p>L\u00f5hnavaba, intensiivne sinine v\u00e4rvipigment. Segades omavahel SensiDO Trillion Tones otsev\u00e4rvipigmente on v\u00f5imalus luua triljoneid erinevaid v\u00e4rvitoone t\u00f6\u00f6deldud, t\u00f6\u00f6tlemata ja isegi hallide juuste v\u00e4rvimiseks. Intensiivse sinise v\u00e4rvipigmendiga lood intensiivseid \u0161okiv\u00e4rve. T\u00e4iesti valged juuksed on v\u00f5imalik v\u00e4rvida k\u00fclma tooniga, intensiivseks mustaks, segades omavahel intensiivsed sinise, punase ja musta otsev\u00e4rvipigmendid. T\u00c4HELEPANU! Sinine otsev\u00e4rvipigment muutub p\u00e4rast keemilist reaktsiooni leelise [&hellip;]<\/p>\n","protected":false},"featured_media":6404,"comment_status":"closed","ping_status":"closed","template":"","meta":[],"product_cat":[395,95,652],"product_tag":[637],"class_list":{"0":"post-6403","1":"product","2":"type-product","3":"status-publish","4":"has-post-thumbnail","6":"product_cat-juuksed","7":"product_cat-sensido-juuksevarvid","8":"product_cat-sensido-trillion-tones","9":"product_tag-profitoode","11":"first","12":"instock","13":"taxable","14":"shipping-taxable","15":"purchasable","16":"product-type-simple"},"_links":{"self":[{"href":"https:\/\/saxsim.ee\/swp\/wp-json\/wp\/v2\/product\/6403"}],"collection":[{"href":"https:\/\/saxsim.ee\/swp\/wp-json\/wp\/v2\/product"}],"about":[{"href":"https:\/\/saxsim.ee\/swp\/wp-json\/wp\/v2\/types\/product"}],"replies":[{"embeddable":true,"href":"https:\/\/saxsim.ee\/swp\/wp-json\/wp\/v2\/comments?post=6403"}],"wp:featuredmedia":[{"embeddable":true,"href":"https:\/\/saxsim.ee\/swp\/wp-json\/wp\/v2\/media\/6404"}],"wp:attachment":[{"href":"https:\/\/saxsim.ee\/swp\/wp-json\/wp\/v2\/media?parent=6403"}],"wp:term":[{"taxonomy":"product_cat","embeddable":true,"href":"https:\/\/saxsim.ee\/swp\/wp-json\/wp\/v2\/product_cat?post=6403"},{"taxonomy":"product_tag","embeddable":true,"href":"https:\/\/saxsim.ee\/swp\/wp-json\/wp\/v2\/product_tag?post=6403"}],"curies":[{"name":"wp","href":"https:\/\/api.w.org\/{rel}","templated":true}]}}