{"id":6394,"date":"2019-08-10T19:26:17","date_gmt":"2019-08-10T16:26:17","guid":{"rendered":"https:\/\/www.saxsim.ee\/?post_type=product&#038;p=6394"},"modified":"2026-01-15T09:28:50","modified_gmt":"2026-01-15T07:28:50","slug":"micro-fibre-towel-5090-cm-ratik","status":"publish","type":"product","link":"https:\/\/saxsim.ee\/swp\/product\/micro-fibre-towel-5090-cm-ratik\/","title":{"rendered":"Micro Fibre Towel 50*90 cm. &#8211; r\u00e4tik"},"content":{"rendered":"<p>K\u00f5rgtehnoloogilisest mikrofiiberkiust valmistatud r\u00e4tik, mis on pehme ja samas v\u00e4ga niiskustimav.<\/p>\n","protected":false},"excerpt":{"rendered":"<p>K\u00f5rgtehnoloogilisest mikrofiiberkiust valmistatud r\u00e4tik, mis on pehme ja samas v\u00e4ga niiskustimav.<\/p>\n","protected":false},"featured_media":2488,"comment_status":"closed","ping_status":"closed","template":"","meta":[],"product_cat":[577,601,401,329],"product_tag":[],"class_list":{"0":"post-6394","1":"product","2":"type-product","3":"status-publish","4":"has-post-thumbnail","6":"product_cat-iluteenindaja-tarvikud","7":"product_cat-ratikud-iluteenindaja-tarvikud","8":"product_cat-juuksuri-tarvikud","9":"product_cat-ratikud","11":"first","12":"instock","13":"taxable","14":"shipping-taxable","15":"purchasable","16":"product-type-simple"},"_links":{"self":[{"href":"https:\/\/saxsim.ee\/swp\/wp-json\/wp\/v2\/product\/6394"}],"collection":[{"href":"https:\/\/saxsim.ee\/swp\/wp-json\/wp\/v2\/product"}],"about":[{"href":"https:\/\/saxsim.ee\/swp\/wp-json\/wp\/v2\/types\/product"}],"replies":[{"embeddable":true,"href":"https:\/\/saxsim.ee\/swp\/wp-json\/wp\/v2\/comments?post=6394"}],"wp:featuredmedia":[{"embeddable":true,"href":"https:\/\/saxsim.ee\/swp\/wp-json\/wp\/v2\/media\/2488"}],"wp:attachment":[{"href":"https:\/\/saxsim.ee\/swp\/wp-json\/wp\/v2\/media?parent=6394"}],"wp:term":[{"taxonomy":"product_cat","embeddable":true,"href":"https:\/\/saxsim.ee\/swp\/wp-json\/wp\/v2\/product_cat?post=6394"},{"taxonomy":"product_tag","embeddable":true,"href":"https:\/\/saxsim.ee\/swp\/wp-json\/wp\/v2\/product_tag?post=6394"}],"curies":[{"name":"wp","href":"https:\/\/api.w.org\/{rel}","templated":true}]}}