{"id":6380,"date":"2019-08-07T12:18:54","date_gmt":"2019-08-07T09:18:54","guid":{"rendered":"https:\/\/www.saxsim.ee\/?post_type=product&#038;p=6380"},"modified":"2025-07-09T09:23:59","modified_gmt":"2025-07-09T06:23:59","slug":"sterisept-ready-to-use-1000-ml-alkoholivaba-kiirdesinfektsiooni-ja-puhastusvahend","status":"publish","type":"product","link":"https:\/\/saxsim.ee\/swp\/product\/sterisept-ready-to-use-1000-ml-alkoholivaba-kiirdesinfektsiooni-ja-puhastusvahend\/","title":{"rendered":"Sterisept Ready to Use 1000 ml. &#8211; alkoholivaba kiirdesinfektsiooni- ja puhastusvahend"},"content":{"rendered":"<div class=\"pos-description\">\n<div class=\"element element-textarea first last\">\n<div class=\"uk-margin\">\n<p>Sterisept Ready to Use on alkoholivaba kiirdesinfektsiooni- ja puhastusvahend invasiivsete ja mitte-invasiivsete meditsiiniseadmete ning alkoholile tundlike pindade desinfektsiooniks ja puhastamiseks. Toode ei sisalda alkohole, aldeh\u00fc\u00fcde ega biguaniide (PHMB) ning sobib tervishoiuasutustes k\u00f5ikide veepesu taluvate pindade puhastamiseks. T\u00e4nu spetsiaalsele koostisele omab toode h\u00e4id desinfitseeri-vaid ja ka puhastavaid omadusi.<\/p>\n<p>Sterisept Ready to Use on laia bakteritsiidse (sh. MRSA, VRE), m\u00fckobakteritsiidse (sh. Mycobacterium avium ja Mycobacterium terrae), fungitsiidse ja p\u00e4rmseentevastase toimega, samuti omab toimet viirus-tesse (sh. HBV, HIV, HCV, Vaccinia, Rota) ja spooridesse (sh. Clostridium difficile).<\/p>\n<p>Sterisept Ready to Use on sobiv ka kontamineerunud meditsiiniinstrumentide leotamiseks ja eeldesin-fektsiooniks. Kirurgiliste instrumentide steriliseerimiseelne t\u00f6\u00f6tlemine on oluline samm t\u00f5husa ja ohutu steriliseerimisprotseduuri tagamiseks. Protseduur v\u00e4hendab mikroobset saastumist ning eemaldab ins-trumentidelt vere, koed ja muud orgaanilised j\u00e4\u00e4gid.<\/p>\n<p>Sterisept Ready to Use sobib kasutamiseks j\u00e4rgmiste pindade ja instrumentide t\u00f6\u00f6tlemiseks: roostevaba teras, klaas, alumiinium, vask, messing, keraamika, PVC, kumm, plastik, silikoon ning akr\u00fc\u00fcl- ja pleksi-klaas.<\/p>\n<p>KASUTUSKOHAD:<br \/>\nSterisept Ready to Use\u00b4i kasutatakse haiglates ja teistes tervishoiuasutustes, operatsioonitubades, inten-siivravi palatites, nakkus- ja vastuv\u00f5tuosakondades, perearstikeskustes, polikliinikutes, kiirabijaamades, haigete trantspordivahendites, laboratooriumites:<br \/>\n\u2022Mitteinvasiivsete, alkoholi mittetaluvate meditsiiniseadmete puhastamiseks ja desinfitseerimiseks<br \/>\n\u2022Patsiendiga seotud pinnad, nagu voodiraamid ja madratsid<br \/>\n\u2022L\u00e4bivaatuse instrumendid<br \/>\n\u2022Opeartsioonisaali pinnad<br \/>\n\u2022Kuv\u00f6\u00f6sid, vannid ja protseduurik\u00e4rud<br \/>\n\u2022Klaviatuurid ja aparaatide ekraanid ning korpused<\/p>\n<p>ETTEVAATUST:<br \/>\nKahjulik veeorganismidele, pikaajaline toime. V\u00e4ltida sattumist keskkonda. Sisu\/mahuti k\u00f5rvaldada vastavalt ohtlike j\u00e4\u00e4tmete v\u00f5i vastavate pakendite v\u00f5i pakendij\u00e4\u00e4tmete eeskirjadele<\/p>\n<\/div>\n<\/div>\n<\/div>\n","protected":false},"excerpt":{"rendered":"<p>Sterisept Ready to Use on alkoholivaba kiirdesinfektsiooni- ja puhastusvahend invasiivsete ja mitte-invasiivsete meditsiiniseadmete ning alkoholile tundlike pindade desinfektsiooniks ja puhastamiseks. Toode ei sisalda alkohole, aldeh\u00fc\u00fcde ega biguaniide (PHMB) ning sobib tervishoiuasutustes k\u00f5ikide veepesu taluvate pindade puhastamiseks. T\u00e4nu spetsiaalsele koostisele omab toode h\u00e4id desinfitseeri-vaid ja ka puhastavaid omadusi. Sterisept Ready to Use on laia bakteritsiidse (sh. [&hellip;]<\/p>\n","protected":false},"featured_media":6381,"comment_status":"closed","ping_status":"closed","template":"","meta":[],"product_cat":[745,696,577,600,401,599],"product_tag":[],"class_list":{"0":"post-6380","1":"product","2":"type-product","3":"status-publish","4":"has-post-thumbnail","6":"product_cat-chemi-pharm","7":"product_cat-tarvikud","8":"product_cat-iluteenindaja-tarvikud","9":"product_cat-puhastus-ja-desinfektsioonivahendid-iluteenindaja-tarvikud","10":"product_cat-juuksuri-tarvikud","11":"product_cat-puhastus-ja-desinfektsioonivahendid","13":"first","14":"instock","15":"taxable","16":"shipping-taxable","17":"purchasable","18":"product-type-simple"},"_links":{"self":[{"href":"https:\/\/saxsim.ee\/swp\/wp-json\/wp\/v2\/product\/6380"}],"collection":[{"href":"https:\/\/saxsim.ee\/swp\/wp-json\/wp\/v2\/product"}],"about":[{"href":"https:\/\/saxsim.ee\/swp\/wp-json\/wp\/v2\/types\/product"}],"replies":[{"embeddable":true,"href":"https:\/\/saxsim.ee\/swp\/wp-json\/wp\/v2\/comments?post=6380"}],"wp:featuredmedia":[{"embeddable":true,"href":"https:\/\/saxsim.ee\/swp\/wp-json\/wp\/v2\/media\/6381"}],"wp:attachment":[{"href":"https:\/\/saxsim.ee\/swp\/wp-json\/wp\/v2\/media?parent=6380"}],"wp:term":[{"taxonomy":"product_cat","embeddable":true,"href":"https:\/\/saxsim.ee\/swp\/wp-json\/wp\/v2\/product_cat?post=6380"},{"taxonomy":"product_tag","embeddable":true,"href":"https:\/\/saxsim.ee\/swp\/wp-json\/wp\/v2\/product_tag?post=6380"}],"curies":[{"name":"wp","href":"https:\/\/api.w.org\/{rel}","templated":true}]}}