{"id":6377,"date":"2019-08-07T11:44:16","date_gmt":"2019-08-07T08:44:16","guid":{"rendered":"https:\/\/www.saxsim.ee\/?post_type=product&#038;p=6377"},"modified":"2026-02-06T08:02:14","modified_gmt":"2026-02-06T06:02:14","slug":"chemisept-spray-1000-ml-kosmeetiliste-instrumentide-kiirdesinfektsioonivahend-alkoholiga","status":"publish","type":"product","link":"https:\/\/saxsim.ee\/swp\/product\/chemisept-spray-1000-ml-kosmeetiliste-instrumentide-kiirdesinfektsioonivahend-alkoholiga\/","title":{"rendered":"Chemisept Spray 1000 ml. &#8211; kosmeetiliste instrumentide kiirdesinfektsioonivahend, alkoholiga"},"content":{"rendered":"<p>CHEMISEPT SPRAY on desinfektsioonivahend, mis on ohutu nii inimesele kui ka keskkonnale. Toode ei sisalda toksilisi ja kantserogeenseid komponente ja on t\u00e4ielikult looduses lagunev.<br \/>\nCHEMISEPT SPRAY omab laia bakteritsiidset ja fungitsiidset toimet, h\u00e4vitab GRAM-positiivseid ja GRAM-negatiivseid baktereid, sealhulgas tuberkuloositekitajat, desaktiviseerib viirusi ( HIV, HBV, ROTA ).<br \/>\nCHEMISEPT SPRAY omab:<br \/>\n&#8211; head puhastavat toimet<br \/>\n&#8211; toimib kiiresti, toimeaeg 30 sek<br \/>\n&#8211; laia toimespektrit<br \/>\n&#8211; pikaaegset m\u00f5ju, desinfitseeritud pinnal ei kasva bakterid 3 tunni jooksul<\/p>\n<p>CHEMISEPT SPRAY koostises on lisaks etanoolile ja desinfektantidele ka naturaalsed \u00f5lid, mis aitavad kaitsta instrumentide pinda, mis omakorda aitab suurendada nende eluiga.<br \/>\nCHEMISEPT SPRAY ei sisalda isoprop\u00fc\u00fclalkoholi, mis oma suure lendumise ja pikaaegse \u00f5hus p\u00fcsimise t\u00f5ttu m\u00f5jub allergeenina nii personalile kui ka klientidele. Samuti esineb isoprop\u00fc\u00fclalkoholi kasutamisel personalil tihti astmaatilisi protsesse.<\/p>\n<p><strong>Kasutamine:<\/strong><\/p>\n<p>CHEMISEPT SPRAY sobib alkoholi taluvate pindade ja istrumentide (kosmeetilised lusikad, pintslid, tangid, k\u00fc\u00fcneviilid, kammid, f\u00f6\u00f6niharjad, juukseharjad, juuksel\u00f5ikusmasina terad ja kammid, samuti k\u00f5igi manik\u00fc\u00fcri ja pedik\u00fc\u00fcri instrumentide) desinfektsiooniks.<br \/>\nCHEMISEPT SPRAY\u2019d pihustada desinfitseeritavale pinnale ja lasta m\u00f5juda 30 sekundit Toimeaja m\u00f6\u00f6dudes vajadusel p\u00fchitakse laiali.<\/p>\n<p>PAKENDID:<br \/>\n250 ml pihustipudel<br \/>\n1000 ml t\u00e4itepakend<\/p>\n","protected":false},"excerpt":{"rendered":"<p>CHEMISEPT SPRAY on desinfektsioonivahend, mis on ohutu nii inimesele kui ka keskkonnale. Toode ei sisalda toksilisi ja kantserogeenseid komponente ja on t\u00e4ielikult looduses lagunev. CHEMISEPT SPRAY omab laia bakteritsiidset ja fungitsiidset toimet, h\u00e4vitab GRAM-positiivseid ja GRAM-negatiivseid baktereid, sealhulgas tuberkuloositekitajat, desaktiviseerib viirusi ( HIV, HBV, ROTA ). CHEMISEPT SPRAY omab: &#8211; head puhastavat toimet &#8211; toimib [&hellip;]<\/p>\n","protected":false},"featured_media":7327,"comment_status":"closed","ping_status":"closed","template":"","meta":[],"product_cat":[745,696,577,600,401,599],"product_tag":[],"class_list":{"0":"post-6377","1":"product","2":"type-product","3":"status-publish","4":"has-post-thumbnail","6":"product_cat-chemi-pharm","7":"product_cat-tarvikud","8":"product_cat-iluteenindaja-tarvikud","9":"product_cat-puhastus-ja-desinfektsioonivahendid-iluteenindaja-tarvikud","10":"product_cat-juuksuri-tarvikud","11":"product_cat-puhastus-ja-desinfektsioonivahendid","13":"first","14":"instock","15":"taxable","16":"shipping-taxable","17":"purchasable","18":"product-type-simple"},"_links":{"self":[{"href":"https:\/\/saxsim.ee\/swp\/wp-json\/wp\/v2\/product\/6377"}],"collection":[{"href":"https:\/\/saxsim.ee\/swp\/wp-json\/wp\/v2\/product"}],"about":[{"href":"https:\/\/saxsim.ee\/swp\/wp-json\/wp\/v2\/types\/product"}],"replies":[{"embeddable":true,"href":"https:\/\/saxsim.ee\/swp\/wp-json\/wp\/v2\/comments?post=6377"}],"wp:featuredmedia":[{"embeddable":true,"href":"https:\/\/saxsim.ee\/swp\/wp-json\/wp\/v2\/media\/7327"}],"wp:attachment":[{"href":"https:\/\/saxsim.ee\/swp\/wp-json\/wp\/v2\/media?parent=6377"}],"wp:term":[{"taxonomy":"product_cat","embeddable":true,"href":"https:\/\/saxsim.ee\/swp\/wp-json\/wp\/v2\/product_cat?post=6377"},{"taxonomy":"product_tag","embeddable":true,"href":"https:\/\/saxsim.ee\/swp\/wp-json\/wp\/v2\/product_tag?post=6377"}],"curies":[{"name":"wp","href":"https:\/\/api.w.org\/{rel}","templated":true}]}}