{"id":6347,"date":"2019-07-24T09:43:00","date_gmt":"2019-07-24T06:43:00","guid":{"rendered":"https:\/\/www.saxsim.ee\/?post_type=product&#038;p=6347"},"modified":"2025-10-22T12:14:33","modified_gmt":"2025-10-22T09:14:33","slug":"apron-piltidega-tooroivas","status":"publish","type":"product","link":"https:\/\/saxsim.ee\/swp\/product\/apron-piltidega-tooroivas\/","title":{"rendered":"Apron &#8211; piltidega t\u00f6\u00f6r\u00f5ivas"},"content":{"rendered":"<p>Piltidega t\u00f6\u00f6r\u00f5ivas.<\/p>\n<p>Suurus &#8211; sobib enamusele<\/p>\n<p>Kinnitus &#8211;\u00a0 paeltega<\/p>\n<p>Materjal \u2013 100% pol\u00fcester<\/p>\n<p>Kahe tasku ja aasadega klambrite hoidmiseks<\/p>\n<p><strong>Hooldus:<\/strong><\/p>\n<p>masinpesu madalal temperatuuril ( 40\u00b0C )<\/p>\n<p>kuivatada soovitavalt n\u00f6\u00f6ril. Trummelkuivatus ainult madalatel p\u00f6\u00f6retel!<\/p>\n<p>pesemisel \u00e4rge kunagi kasutage vedelaid valgendusvahendeid!<\/p>\n<p>v\u00e4rviplekid eemaldage koheselt niiske paberr\u00e4tikuga. Raskemaid v\u00e4rviplekke proovi eemaldada sooja vee ja seebiga. Eriti rasketel juhtudel v\u00f5ib vaja minna v\u00e4rvieemaldajat.<\/p>\n<p>\u00e4rge kunagi pange v\u00e4rviplekkidega r\u00f5ivast otse masinasse<\/p>\n<p>triikida k\u00fclma triikrauaga<\/p>\n","protected":false},"excerpt":{"rendered":"<p>Piltidega t\u00f6\u00f6r\u00f5ivas. Suurus &#8211; sobib enamusele Kinnitus &#8211;\u00a0 paeltega Materjal \u2013 100% pol\u00fcester Kahe tasku ja aasadega klambrite hoidmiseks Hooldus: masinpesu madalal temperatuuril ( 40\u00b0C ) kuivatada soovitavalt n\u00f6\u00f6ril. Trummelkuivatus ainult madalatel p\u00f6\u00f6retel! pesemisel \u00e4rge kunagi kasutage vedelaid valgendusvahendeid! v\u00e4rviplekid eemaldage koheselt niiske paberr\u00e4tikuga. Raskemaid v\u00e4rviplekke proovi eemaldada sooja vee ja seebiga. Eriti rasketel juhtudel [&hellip;]<\/p>\n","protected":false},"featured_media":6348,"comment_status":"closed","ping_status":"closed","template":"","meta":[],"product_cat":[577,592,401,297],"product_tag":[],"class_list":{"0":"post-6347","1":"product","2":"type-product","3":"status-publish","4":"has-post-thumbnail","6":"product_cat-iluteenindaja-tarvikud","7":"product_cat-polled-ja-tooroivad-iluteenindajale","8":"product_cat-juuksuri-tarvikud","9":"product_cat-polled-ja-tooroivad","11":"first","12":"instock","13":"taxable","14":"shipping-taxable","15":"purchasable","16":"product-type-simple"},"_links":{"self":[{"href":"https:\/\/saxsim.ee\/swp\/wp-json\/wp\/v2\/product\/6347"}],"collection":[{"href":"https:\/\/saxsim.ee\/swp\/wp-json\/wp\/v2\/product"}],"about":[{"href":"https:\/\/saxsim.ee\/swp\/wp-json\/wp\/v2\/types\/product"}],"replies":[{"embeddable":true,"href":"https:\/\/saxsim.ee\/swp\/wp-json\/wp\/v2\/comments?post=6347"}],"wp:featuredmedia":[{"embeddable":true,"href":"https:\/\/saxsim.ee\/swp\/wp-json\/wp\/v2\/media\/6348"}],"wp:attachment":[{"href":"https:\/\/saxsim.ee\/swp\/wp-json\/wp\/v2\/media?parent=6347"}],"wp:term":[{"taxonomy":"product_cat","embeddable":true,"href":"https:\/\/saxsim.ee\/swp\/wp-json\/wp\/v2\/product_cat?post=6347"},{"taxonomy":"product_tag","embeddable":true,"href":"https:\/\/saxsim.ee\/swp\/wp-json\/wp\/v2\/product_tag?post=6347"}],"curies":[{"name":"wp","href":"https:\/\/api.w.org\/{rel}","templated":true}]}}