{"id":6345,"date":"2019-07-23T18:58:36","date_gmt":"2019-07-23T15:58:36","guid":{"rendered":"https:\/\/www.saxsim.ee\/?post_type=product&#038;p=6345"},"modified":"2025-08-05T09:25:51","modified_gmt":"2025-08-05T06:25:51","slug":"panasonic-er-dgp72-juukseloikusmasin","status":"publish","type":"product","link":"https:\/\/saxsim.ee\/swp\/product\/panasonic-er-dgp72-juukseloikusmasin\/","title":{"rendered":"Panasonic ER-DGP72 &#8211; juuksel\u00f5ikusmasin"},"content":{"rendered":"<p>Ergonoomilise kujuga, vaikne, juhtmega\/juhtmeta, v\u00f5imsa lineaarmootoriga juuksel\u00f5ikusmasin n\u00f5udlikule professionaalile.<\/p>\n<p><strong>Tehnilised andmed:<\/strong><br \/>\nakutoitel t\u00f6\u00f6tab &#8211; 50 min.<br \/>\naku laadimisaeg &#8211; 60 min.<br \/>\nl\u00f5iketera pikkuse reguleerimine (0,8 &#8211; 2 mm.)<br \/>\nkaal &#8211; 265 g.<br \/>\njuhe &#8211; 3 m.<br \/>\nindikaatortuled\u00a0aku laetusastme kuvamiseks<\/p>\n<p><strong>Komplektis:<\/strong><br \/>\n1 titaankattega l\u00f5ikustera ( laius-45 mm. )<br \/>\n3 erinevat l\u00f5ikustalda ( 3\/4 mm., 6\/9 mm., 12\/15 mm. )<br \/>\nlaadimisalus koos juhtmega<br \/>\npuhastushari<br \/>\nmasina\u00f5li\u00a0\u00a0\u00a0\u00a0\u00a0\u00a0\u00a0\u00a0\u00a0\u00a0\u00a0\u00a0\u00a0\u00a0\u00a0\u00a0\u00a0\u00a0\u00a0\u00a0\u00a0\u00a0\u00a0\u00a0\u00a0\u00a0\u00a0\u00a0\u00a0\u00a0\u00a0\u00a0\u00a0\u00a0\u00a0\u00a0\u00a0\u00a0\u00a0\u00a0\u00a0\u00a0\u00a0\u00a0\u00a0\u00a0\u00a0\u00a0\u00a0\u00a0\u00a0\u00a0\u00a0\u00a0\u00a0\u00a0\u00a0\u00a0\u00a0\u00a0\u00a0\u00a0\u00a0\u00a0\u00a0\u00a0\u00a0\u00a0\u00a0\u00a0\u00a0\u00a0\u00a0\u00a0\u00a0\u00a0\u00a0\u00a0\u00a0\u00a0\u00a0\u00a0\u00a0\u00a0\u00a0\u00a0\u00a0\u00a0\u00a0\u00a0\u00a0\u00a0\u00a0\u00a0\u00a0\u00a0kott masinale<\/p>\n","protected":false},"excerpt":{"rendered":"<p>Ergonoomilise kujuga, vaikne, juhtmega\/juhtmeta, v\u00f5imsa lineaarmootoriga juuksel\u00f5ikusmasin n\u00f5udlikule professionaalile. Tehnilised andmed: akutoitel t\u00f6\u00f6tab &#8211; 50 min. aku laadimisaeg &#8211; 60 min. l\u00f5iketera pikkuse reguleerimine (0,8 &#8211; 2 mm.) kaal &#8211; 265 g. juhe &#8211; 3 m. indikaatortuled\u00a0aku laetusastme kuvamiseks Komplektis: 1 titaankattega l\u00f5ikustera ( laius-45 mm. ) 3 erinevat l\u00f5ikustalda ( 3\/4 mm., 6\/9 mm., [&hellip;]<\/p>\n","protected":false},"featured_media":6346,"comment_status":"closed","ping_status":"closed","template":"","meta":[],"product_cat":[669,401,280,286],"product_tag":[],"class_list":{"0":"post-6345","1":"product","2":"type-product","3":"status-publish","4":"has-post-thumbnail","6":"product_cat-panasonic","7":"product_cat-juuksuri-tarvikud","8":"product_cat-elektrilised-toovahendid","9":"product_cat-loikusmasinad-ja-trimmerid","11":"first","12":"instock","13":"taxable","14":"shipping-taxable","15":"purchasable","16":"product-type-simple"},"_links":{"self":[{"href":"https:\/\/saxsim.ee\/swp\/wp-json\/wp\/v2\/product\/6345"}],"collection":[{"href":"https:\/\/saxsim.ee\/swp\/wp-json\/wp\/v2\/product"}],"about":[{"href":"https:\/\/saxsim.ee\/swp\/wp-json\/wp\/v2\/types\/product"}],"replies":[{"embeddable":true,"href":"https:\/\/saxsim.ee\/swp\/wp-json\/wp\/v2\/comments?post=6345"}],"wp:featuredmedia":[{"embeddable":true,"href":"https:\/\/saxsim.ee\/swp\/wp-json\/wp\/v2\/media\/6346"}],"wp:attachment":[{"href":"https:\/\/saxsim.ee\/swp\/wp-json\/wp\/v2\/media?parent=6345"}],"wp:term":[{"taxonomy":"product_cat","embeddable":true,"href":"https:\/\/saxsim.ee\/swp\/wp-json\/wp\/v2\/product_cat?post=6345"},{"taxonomy":"product_tag","embeddable":true,"href":"https:\/\/saxsim.ee\/swp\/wp-json\/wp\/v2\/product_tag?post=6345"}],"curies":[{"name":"wp","href":"https:\/\/api.w.org\/{rel}","templated":true}]}}