{"id":6336,"date":"2019-07-17T07:47:20","date_gmt":"2019-07-17T04:47:20","guid":{"rendered":"https:\/\/www.saxsim.ee\/?post_type=product&#038;p=6336"},"modified":"2024-01-09T08:01:41","modified_gmt":"2024-01-09T06:01:41","slug":"almond-shampoo-concentrate-100-ml-kontsentreeritud-sampoon-110","status":"publish","type":"product","link":"https:\/\/saxsim.ee\/swp\/product\/almond-shampoo-concentrate-100-ml-kontsentreeritud-sampoon-110\/","title":{"rendered":"Almond Shampoo Concentrate 100 ml. &#8211; kontsentreeritud \u0161ampoon 1:10"},"content":{"rendered":"<p>Mandlil\u00f5hnaline, kontsentreeritud \u0161ampoon professionaalseks kasutamiseks. Normaalsetele juustele m\u00f5eldud \u0161ampoon <span class=\"tlid-translation translation\" lang=\"et\"><span class=\"\" title=\"\">sisaldab palju t\u00f5husaid puhastusaineid<\/span><\/span>. Pesemisel saadakse kiiresti intensiivne, \u00f5rnatoimeline vaht, mis <span class=\"tlid-translation translation\" lang=\"et\"><span class=\"\" title=\"\">eraldab mandli parf\u00fc\u00fcmi<\/span><\/span>.<\/p>\n<p><strong><u>Kasutamine:<\/u><\/strong> Kontsentreeritud \u0161ampoon <strong>KINDLASTI LAHJENDADA<\/strong> veega <strong>1:10<\/strong>. Kasutamisvalmis ( lahjendatud ) \u0161ampoon kanda niisketesse juustesse, ajada vahule ja loputada hoolikalt.<\/p>\n<p>Kontsentreeritud \u0161ampoon on m\u00f5eldud PROFESSIONAALSEKS KASUTAMISEKS!<\/p>\n<p>&nbsp;<\/p>\n<p>&nbsp;<\/p>\n<p>&nbsp;<\/p>\n<p>&nbsp;<\/p>\n","protected":false},"excerpt":{"rendered":"<p>Mandlil\u00f5hnaline, kontsentreeritud \u0161ampoon professionaalseks kasutamiseks. Normaalsetele juustele m\u00f5eldud \u0161ampoon sisaldab palju t\u00f5husaid puhastusaineid. Pesemisel saadakse kiiresti intensiivne, \u00f5rnatoimeline vaht, mis eraldab mandli parf\u00fc\u00fcmi. Kasutamine: Kontsentreeritud \u0161ampoon KINDLASTI LAHJENDADA veega 1:10. Kasutamisvalmis ( lahjendatud ) \u0161ampoon kanda niisketesse juustesse, ajada vahule ja loputada hoolikalt. Kontsentreeritud \u0161ampoon on m\u00f5eldud PROFESSIONAALSEKS KASUTAMISEKS! &nbsp; &nbsp; &nbsp; &nbsp;<\/p>\n","protected":false},"featured_media":6349,"comment_status":"closed","ping_status":"closed","template":"","meta":[],"product_cat":[395,666,659],"product_tag":[637],"class_list":{"0":"post-6336","1":"product","2":"type-product","3":"status-publish","4":"has-post-thumbnail","6":"product_cat-juuksed","7":"product_cat-professionaalseks-kasutamiseks","8":"product_cat-sampoonid","9":"product_tag-profitoode","11":"first","12":"instock","13":"taxable","14":"shipping-taxable","15":"purchasable","16":"product-type-simple"},"_links":{"self":[{"href":"https:\/\/saxsim.ee\/swp\/wp-json\/wp\/v2\/product\/6336"}],"collection":[{"href":"https:\/\/saxsim.ee\/swp\/wp-json\/wp\/v2\/product"}],"about":[{"href":"https:\/\/saxsim.ee\/swp\/wp-json\/wp\/v2\/types\/product"}],"replies":[{"embeddable":true,"href":"https:\/\/saxsim.ee\/swp\/wp-json\/wp\/v2\/comments?post=6336"}],"wp:featuredmedia":[{"embeddable":true,"href":"https:\/\/saxsim.ee\/swp\/wp-json\/wp\/v2\/media\/6349"}],"wp:attachment":[{"href":"https:\/\/saxsim.ee\/swp\/wp-json\/wp\/v2\/media?parent=6336"}],"wp:term":[{"taxonomy":"product_cat","embeddable":true,"href":"https:\/\/saxsim.ee\/swp\/wp-json\/wp\/v2\/product_cat?post=6336"},{"taxonomy":"product_tag","embeddable":true,"href":"https:\/\/saxsim.ee\/swp\/wp-json\/wp\/v2\/product_tag?post=6336"}],"curies":[{"name":"wp","href":"https:\/\/api.w.org\/{rel}","templated":true}]}}