{"id":6322,"date":"2019-07-08T22:18:37","date_gmt":"2019-07-08T19:18:37","guid":{"rendered":"https:\/\/www.saxsim.ee\/?post_type=product&#038;p=6322"},"modified":"2024-03-16T08:48:16","modified_gmt":"2024-03-16T06:48:16","slug":"sensido-simplex-bonder-conditioning-mask-250-ml-juukseid-taastav-maskpalsam","status":"publish","type":"product","link":"https:\/\/saxsim.ee\/swp\/product\/sensido-simplex-bonder-conditioning-mask-250-ml-juukseid-taastav-maskpalsam\/","title":{"rendered":"SensiDO Simplex Bonder Conditioning Mask 250 ml &#8211; juukseid taastav mask\/palsam"},"content":{"rendered":"<p><span class=\"tlid-translation translation\" lang=\"et\"><span title=\"\">L\u00f5hnastamata, juukseid taastav mask\/palsam. Tugevdab kahjustatud juukseid, niisutab t\u00f5husalt ja <span class=\"\" title=\"\">kaitseb mehaaniliste t\u00f6\u00f6tluste eest. <\/span><\/span>Juuksehooldusvahend taaselustab juuksed igal kasutamisel. Hooldusvahendi tugevdav ja parandav toime t\u00f6\u00f6tab k\u00f5ikide juukset\u00fc\u00fcpide ning igas seisukorras juuste puhul. Parandab juuksev\u00e4rvi p\u00fcsivust, muudab juuksed kergesti k\u00e4sitletavateks, l\u00e4ikivateks ja annab juustele hoolitsetud v\u00e4ljan\u00e4gemise. Kaitseb \u00f5husaaste eest. Sisaldab kuuma- ja UV-kaitset. <\/span><\/p>\n<p><strong><u>Kasutamine:<\/u><\/strong>\u00a0Kanna Simplex Bonder Conditioning Mask r\u00e4tikukuivadesse juustesse, lase m\u00f5juda 2-3 minutit ja loputa hoolikalt. T\u00f5husama hoolduse saamiseks, lase m\u00f5juda 10 &#8211; 15 minutit ja loputa hoolikalt.<\/p>\n<p>pH: 3,8<\/p>\n<p><span class=\"tlid-translation translation\" lang=\"et\">Toode on vegan.<\/span><\/p>\n","protected":false},"excerpt":{"rendered":"<p>L\u00f5hnastamata, juukseid taastav mask\/palsam. Tugevdab kahjustatud juukseid, niisutab t\u00f5husalt ja kaitseb mehaaniliste t\u00f6\u00f6tluste eest. Juuksehooldusvahend taaselustab juuksed igal kasutamisel. Hooldusvahendi tugevdav ja parandav toime t\u00f6\u00f6tab k\u00f5ikide juukset\u00fc\u00fcpide ning igas seisukorras juuste puhul. Parandab juuksev\u00e4rvi p\u00fcsivust, muudab juuksed kergesti k\u00e4sitletavateks, l\u00e4ikivateks ja annab juustele hoolitsetud v\u00e4ljan\u00e4gemise. Kaitseb \u00f5husaaste eest. Sisaldab kuuma- ja UV-kaitset. Kasutamine:\u00a0Kanna Simplex Bonder [&hellip;]<\/p>\n","protected":false},"featured_media":6323,"comment_status":"closed","ping_status":"closed","template":"","meta":[],"product_cat":[673,246,660,662],"product_tag":[],"class_list":{"0":"post-6322","1":"product","2":"type-product","3":"status-publish","4":"has-post-thumbnail","6":"product_cat-sensido","7":"product_cat-sensido-lisatooted","8":"product_cat-palsamid","9":"product_cat-juuksemaskid-ja-taastavad-vahendid","11":"first","12":"instock","13":"taxable","14":"shipping-taxable","15":"purchasable","16":"product-type-simple"},"_links":{"self":[{"href":"https:\/\/saxsim.ee\/swp\/wp-json\/wp\/v2\/product\/6322"}],"collection":[{"href":"https:\/\/saxsim.ee\/swp\/wp-json\/wp\/v2\/product"}],"about":[{"href":"https:\/\/saxsim.ee\/swp\/wp-json\/wp\/v2\/types\/product"}],"replies":[{"embeddable":true,"href":"https:\/\/saxsim.ee\/swp\/wp-json\/wp\/v2\/comments?post=6322"}],"wp:featuredmedia":[{"embeddable":true,"href":"https:\/\/saxsim.ee\/swp\/wp-json\/wp\/v2\/media\/6323"}],"wp:attachment":[{"href":"https:\/\/saxsim.ee\/swp\/wp-json\/wp\/v2\/media?parent=6322"}],"wp:term":[{"taxonomy":"product_cat","embeddable":true,"href":"https:\/\/saxsim.ee\/swp\/wp-json\/wp\/v2\/product_cat?post=6322"},{"taxonomy":"product_tag","embeddable":true,"href":"https:\/\/saxsim.ee\/swp\/wp-json\/wp\/v2\/product_tag?post=6322"}],"curies":[{"name":"wp","href":"https:\/\/api.w.org\/{rel}","templated":true}]}}