{"id":6236,"date":"2019-05-24T23:25:41","date_gmt":"2019-05-24T20:25:41","guid":{"rendered":"https:\/\/www.saxsim.ee\/?post_type=product&#038;p=6236"},"modified":"2024-02-23T09:13:05","modified_gmt":"2024-02-23T07:13:05","slug":"rose-line-50-loikuskaarid","status":"publish","type":"product","link":"https:\/\/saxsim.ee\/swp\/product\/rose-line-50-loikuskaarid\/","title":{"rendered":"Rose Line 5,0&#8243;- l\u00f5ikusk\u00e4\u00e4rid"},"content":{"rendered":"<p>Saksa kvaliteediga, karastatud roostevabast terasest l\u00f5ikusk\u00e4\u00e4rid, millel on satiinviimistlusega mikro-sakkidega l\u00f5ikusterad.<\/p>\n<p><strong>Eelised:<\/strong>\u00a0k\u00f5rge kulude-tulude suhe, mikro-sakkidega l\u00f5ikustera<br \/>\n<strong>Materjal:<\/strong>\u00a0karastatud roostevaba teras<br \/>\n<strong>Disainielemendid:<\/strong><br \/>\nmikro-sakkidega l\u00f5ikustera<br \/>\ns\u00fcmmeetrilise kujuga<br \/>\neemaldatav s\u00f5rmetugi<\/p>\n<p><strong>lisatud:<\/strong><br \/>\ns\u00f5rmer\u00f5ngad &#8211; 2 tk.<\/p>\n<p>Rose Line k\u00e4\u00e4re on saadaval 5 erinevas suuruses ( 4,5\u2033 kuni 6,5\u2033 ).<\/p>\n<p>Tootja &#8211; K.-R. Witte GmbH &amp; Co. KG, Solingen, Germany<\/p>\n<p>&nbsp;<\/p>\n","protected":false},"excerpt":{"rendered":"<p>Saksa kvaliteediga, karastatud roostevabast terasest l\u00f5ikusk\u00e4\u00e4rid, millel on satiinviimistlusega mikro-sakkidega l\u00f5ikusterad. Eelised:\u00a0k\u00f5rge kulude-tulude suhe, mikro-sakkidega l\u00f5ikustera Materjal:\u00a0karastatud roostevaba teras Disainielemendid: mikro-sakkidega l\u00f5ikustera s\u00fcmmeetrilise kujuga eemaldatav s\u00f5rmetugi lisatud: s\u00f5rmer\u00f5ngad &#8211; 2 tk. Rose Line k\u00e4\u00e4re on saadaval 5 erinevas suuruses ( 4,5\u2033 kuni 6,5\u2033 ). Tootja &#8211; K.-R. Witte GmbH &amp; Co. KG, Solingen, Germany &nbsp;<\/p>\n","protected":false},"featured_media":1639,"comment_status":"closed","ping_status":"closed","template":"","meta":[],"product_cat":[704,401,174,276],"product_tag":[],"class_list":{"0":"post-6236","1":"product","2":"type-product","3":"status-publish","4":"has-post-thumbnail","6":"product_cat-rose-line","7":"product_cat-juuksuri-tarvikud","8":"product_cat-kaarid","9":"product_cat-loikuskaarid","11":"first","12":"instock","13":"taxable","14":"shipping-taxable","15":"purchasable","16":"product-type-simple"},"_links":{"self":[{"href":"https:\/\/saxsim.ee\/swp\/wp-json\/wp\/v2\/product\/6236"}],"collection":[{"href":"https:\/\/saxsim.ee\/swp\/wp-json\/wp\/v2\/product"}],"about":[{"href":"https:\/\/saxsim.ee\/swp\/wp-json\/wp\/v2\/types\/product"}],"replies":[{"embeddable":true,"href":"https:\/\/saxsim.ee\/swp\/wp-json\/wp\/v2\/comments?post=6236"}],"wp:featuredmedia":[{"embeddable":true,"href":"https:\/\/saxsim.ee\/swp\/wp-json\/wp\/v2\/media\/1639"}],"wp:attachment":[{"href":"https:\/\/saxsim.ee\/swp\/wp-json\/wp\/v2\/media?parent=6236"}],"wp:term":[{"taxonomy":"product_cat","embeddable":true,"href":"https:\/\/saxsim.ee\/swp\/wp-json\/wp\/v2\/product_cat?post=6236"},{"taxonomy":"product_tag","embeddable":true,"href":"https:\/\/saxsim.ee\/swp\/wp-json\/wp\/v2\/product_tag?post=6236"}],"curies":[{"name":"wp","href":"https:\/\/api.w.org\/{rel}","templated":true}]}}