{"id":6208,"date":"2019-06-04T12:15:14","date_gmt":"2019-06-04T09:15:14","guid":{"rendered":"https:\/\/www.saxsim.ee\/?post_type=product&#038;p=6208"},"modified":"2024-03-22T09:17:34","modified_gmt":"2024-03-22T07:17:34","slug":"sensido-trillion-tones-pigment-remover-500-ml-varvipigmentide-eemaldaja","status":"publish","type":"product","link":"https:\/\/saxsim.ee\/swp\/product\/sensido-trillion-tones-pigment-remover-500-ml-varvipigmentide-eemaldaja\/","title":{"rendered":"SensiDO Trillion Tones Pigment Remover 500 ml. &#8211; v\u00e4rvipigmentide eemaldaja"},"content":{"rendered":"<p>L\u00f5hnavaba v\u00e4rvieemaldaja, mis eemaldab juustelt <span class=\"tlid-translation translation\" lang=\"et\">SensiDO Trillion Tones otsev\u00e4rvipigmente. M\u00f5jub eriti h\u00e4sti mustade, pruunide ja siniste toonide, kuid ka teiste otsev\u00e4rvipigmentide puhul. Eemaldab suurep\u00e4raselt ka SensiDO Match otsev\u00e4rvipigmente. Toode sisaldab \u00f5li, mis kaitseb juukseid nende t\u00f6\u00f6tlemise ajal. Toode on l\u00f5hnatu ja vegan.<\/span><\/p>\n<p><strong>Kasutamine:<\/strong> Raputa Pigment Remover pudelit kuni vedelik muutub peaaegu valgeks. Sega omavahel 1 osa blondeerimisainet ja 7 osa Pigment Remover`it. Kanna segu kuivadele v\u00f5i r\u00e4tikukuivadele juustele. Lase m\u00f5juda 30-45 minutit. V\u00f5ib kasutada soojust ( 37\u00b0C \/ 98,60\u00b0F ). J\u00e4lgige juukseid <span class=\"tlid-translation translation\" lang=\"et\">t\u00f6\u00f6tlemise ajal. <\/span>Soovitame juukseid vahepeal masseerida, vajadusel pikendage m\u00f5juaega. Loputa sooja veega, seej\u00e4rel pese juuksed \u0161ampooniga ja kasuta palsamit. Toote kasutamisel kanna kaitsekindaid.<\/p>\n<p>&nbsp;<\/p>\n","protected":false},"excerpt":{"rendered":"<p>L\u00f5hnavaba v\u00e4rvieemaldaja, mis eemaldab juustelt SensiDO Trillion Tones otsev\u00e4rvipigmente. M\u00f5jub eriti h\u00e4sti mustade, pruunide ja siniste toonide, kuid ka teiste otsev\u00e4rvipigmentide puhul. Eemaldab suurep\u00e4raselt ka SensiDO Match otsev\u00e4rvipigmente. Toode sisaldab \u00f5li, mis kaitseb juukseid nende t\u00f6\u00f6tlemise ajal. Toode on l\u00f5hnatu ja vegan. Kasutamine: Raputa Pigment Remover pudelit kuni vedelik muutub peaaegu valgeks. Sega omavahel 1 [&hellip;]<\/p>\n","protected":false},"featured_media":6209,"comment_status":"closed","ping_status":"closed","template":"","meta":[],"product_cat":[395,666,246],"product_tag":[637],"class_list":{"0":"post-6208","1":"product","2":"type-product","3":"status-publish","4":"has-post-thumbnail","6":"product_cat-juuksed","7":"product_cat-professionaalseks-kasutamiseks","8":"product_cat-sensido-lisatooted","9":"product_tag-profitoode","11":"first","12":"instock","13":"taxable","14":"shipping-taxable","15":"purchasable","16":"product-type-simple"},"_links":{"self":[{"href":"https:\/\/saxsim.ee\/swp\/wp-json\/wp\/v2\/product\/6208"}],"collection":[{"href":"https:\/\/saxsim.ee\/swp\/wp-json\/wp\/v2\/product"}],"about":[{"href":"https:\/\/saxsim.ee\/swp\/wp-json\/wp\/v2\/types\/product"}],"replies":[{"embeddable":true,"href":"https:\/\/saxsim.ee\/swp\/wp-json\/wp\/v2\/comments?post=6208"}],"wp:featuredmedia":[{"embeddable":true,"href":"https:\/\/saxsim.ee\/swp\/wp-json\/wp\/v2\/media\/6209"}],"wp:attachment":[{"href":"https:\/\/saxsim.ee\/swp\/wp-json\/wp\/v2\/media?parent=6208"}],"wp:term":[{"taxonomy":"product_cat","embeddable":true,"href":"https:\/\/saxsim.ee\/swp\/wp-json\/wp\/v2\/product_cat?post=6208"},{"taxonomy":"product_tag","embeddable":true,"href":"https:\/\/saxsim.ee\/swp\/wp-json\/wp\/v2\/product_tag?post=6208"}],"curies":[{"name":"wp","href":"https:\/\/api.w.org\/{rel}","templated":true}]}}