{"id":6188,"date":"2019-05-03T00:24:57","date_gmt":"2019-05-02T21:24:57","guid":{"rendered":"https:\/\/www.saxsim.ee\/?post_type=product&#038;p=6188"},"modified":"2025-07-09T09:14:12","modified_gmt":"2025-07-09T06:14:12","slug":"design-spray-bottle-h2o-250-ml-veeprits","status":"publish","type":"product","link":"https:\/\/saxsim.ee\/swp\/product\/design-spray-bottle-h2o-250-ml-veeprits\/","title":{"rendered":"Design Spray Bottle H2O, 250 ml. &#8211; veeprits"},"content":{"rendered":"<p>Spetsiaalse v\u00e4rviga kaetud, alumiiniumist korpusega, roostevaba veeprits, millel on <span class=\"tlid-translation translation\" lang=\"et\"><span class=\"\" title=\"\">reguleeritav <\/span><\/span>pihusti.<\/p>\n<p>Mahtuvus &#8211; 250 ml.<\/p>\n<p>V\u00e4rvus &#8211; h\u00f5bedane\/logoga<\/p>\n<p>&nbsp;<\/p>\n<p><span class=\"tlid-translation translation\" lang=\"et\"><span title=\"\">\u00a0<\/span><\/span><\/p>\n","protected":false},"excerpt":{"rendered":"<p>Spetsiaalse v\u00e4rviga kaetud, alumiiniumist korpusega, roostevaba veeprits, millel on reguleeritav pihusti. Mahtuvus &#8211; 250 ml. V\u00e4rvus &#8211; h\u00f5bedane\/logoga &nbsp; \u00a0<\/p>\n","protected":false},"featured_media":6189,"comment_status":"closed","ping_status":"closed","template":"","meta":[],"product_cat":[401,308],"product_tag":[],"class_list":{"0":"post-6188","1":"product","2":"type-product","3":"status-publish","4":"has-post-thumbnail","6":"product_cat-juuksuri-tarvikud","7":"product_cat-veepritsid","9":"first","10":"instock","11":"taxable","12":"shipping-taxable","13":"purchasable","14":"product-type-simple"},"_links":{"self":[{"href":"https:\/\/saxsim.ee\/swp\/wp-json\/wp\/v2\/product\/6188"}],"collection":[{"href":"https:\/\/saxsim.ee\/swp\/wp-json\/wp\/v2\/product"}],"about":[{"href":"https:\/\/saxsim.ee\/swp\/wp-json\/wp\/v2\/types\/product"}],"replies":[{"embeddable":true,"href":"https:\/\/saxsim.ee\/swp\/wp-json\/wp\/v2\/comments?post=6188"}],"wp:featuredmedia":[{"embeddable":true,"href":"https:\/\/saxsim.ee\/swp\/wp-json\/wp\/v2\/media\/6189"}],"wp:attachment":[{"href":"https:\/\/saxsim.ee\/swp\/wp-json\/wp\/v2\/media?parent=6188"}],"wp:term":[{"taxonomy":"product_cat","embeddable":true,"href":"https:\/\/saxsim.ee\/swp\/wp-json\/wp\/v2\/product_cat?post=6188"},{"taxonomy":"product_tag","embeddable":true,"href":"https:\/\/saxsim.ee\/swp\/wp-json\/wp\/v2\/product_tag?post=6188"}],"curies":[{"name":"wp","href":"https:\/\/api.w.org\/{rel}","templated":true}]}}