{"id":6179,"date":"2019-05-02T18:29:02","date_gmt":"2019-05-02T15:29:02","guid":{"rendered":"https:\/\/www.saxsim.ee\/?post_type=product&#038;p=6179"},"modified":"2023-09-16T07:53:25","modified_gmt":"2023-09-16T04:53:25","slug":"trolley-starter-tookaru","status":"publish","type":"product","link":"https:\/\/saxsim.ee\/swp\/product\/trolley-starter-tookaru\/","title":{"rendered":"Trolley, Starter &#8211; t\u00f6\u00f6k\u00e4ru"},"content":{"rendered":"<p>Stabiilse metallraamiga, kummist ratastega, kvaliteetne, 5 sahtliga t\u00f6\u00f6k\u00e4ru.<\/p>\n<p>K\u00f5rgus &#8211; 98,0 cm.<\/p>\n<p>Laius &#8211; 34,0 cm.<\/p>\n<p>S\u00fcgavus &#8211; 38,0 cm.<\/p>\n<p>&nbsp;<\/p>\n","protected":false},"excerpt":{"rendered":"<p>Stabiilse metallraamiga, kummist ratastega, kvaliteetne, 5 sahtliga t\u00f6\u00f6k\u00e4ru. K\u00f5rgus &#8211; 98,0 cm. Laius &#8211; 34,0 cm. S\u00fcgavus &#8211; 38,0 cm. &nbsp;<\/p>\n","protected":false},"featured_media":6180,"comment_status":"closed","ping_status":"closed","template":"","meta":[],"product_cat":[325,334,401],"product_tag":[],"class_list":{"0":"post-6179","1":"product","2":"type-product","3":"status-publish","4":"has-post-thumbnail","6":"product_cat-juuksuri-ja-ilusalongi-sisustus","7":"product_cat-tookarud","8":"product_cat-juuksuri-tarvikud","10":"first","11":"instock","12":"taxable","13":"shipping-taxable","14":"purchasable","15":"product-type-simple"},"_links":{"self":[{"href":"https:\/\/saxsim.ee\/swp\/wp-json\/wp\/v2\/product\/6179"}],"collection":[{"href":"https:\/\/saxsim.ee\/swp\/wp-json\/wp\/v2\/product"}],"about":[{"href":"https:\/\/saxsim.ee\/swp\/wp-json\/wp\/v2\/types\/product"}],"replies":[{"embeddable":true,"href":"https:\/\/saxsim.ee\/swp\/wp-json\/wp\/v2\/comments?post=6179"}],"wp:featuredmedia":[{"embeddable":true,"href":"https:\/\/saxsim.ee\/swp\/wp-json\/wp\/v2\/media\/6180"}],"wp:attachment":[{"href":"https:\/\/saxsim.ee\/swp\/wp-json\/wp\/v2\/media?parent=6179"}],"wp:term":[{"taxonomy":"product_cat","embeddable":true,"href":"https:\/\/saxsim.ee\/swp\/wp-json\/wp\/v2\/product_cat?post=6179"},{"taxonomy":"product_tag","embeddable":true,"href":"https:\/\/saxsim.ee\/swp\/wp-json\/wp\/v2\/product_tag?post=6179"}],"curies":[{"name":"wp","href":"https:\/\/api.w.org\/{rel}","templated":true}]}}