{"id":6163,"date":"2019-12-07T19:57:49","date_gmt":"2019-12-07T17:57:49","guid":{"rendered":"https:\/\/www.saxsim.ee\/?post_type=product&#038;p=6163"},"modified":"2025-07-01T10:20:59","modified_gmt":"2025-07-01T07:20:59","slug":"sensido-bleaching-paste-blondeerimiskreem-500-g","status":"publish","type":"product","link":"https:\/\/saxsim.ee\/swp\/product\/sensido-bleaching-paste-blondeerimiskreem-500-g\/","title":{"rendered":"SensiDO Bleaching Paste &#8211; blondeerimiskreem 500 g."},"content":{"rendered":"<div id=\"short_description_content\" class=\"rte align_justify\">\n<p>L\u00f5hnastamatta blondeerimiskreem.<\/p>\n<p>\u00d5rn ja t\u00f5hus alternatiiv juuste blondeerimiseks. Sobib erinevateks salgutamis- ja valgendustehnikateks. Valgendab kuni 7 astet. Laboratoorsete testide tulemus n\u00e4itas, et SensiDO Bleaching Paste ostus k\u00f5ikidest teistest blondeerijatest t\u00f5husaimaks ja kahjustuste poolest k\u00f5ige leebemaks. Blondeerimispastas olev ammoniaak tagab t\u00f5husa blondeerimise ja tootes sisalduvad \u00f5lid ning oluliselt madalam pH muudavad toote tavap\u00e4raste blondeerimispulbritega v\u00f5rreldes \u00f5rnatoimelisemaks.<\/p>\n<p>SensiDO Bleaching Paste kreemjas ja paisumatu koostis muudab sellega t\u00f6\u00f6tamise ja pealekandmise meeldivaks. Pasta sisaldab rohkelt mineraal- ja jojoba\u00f5li, mis kaitsevad juukseid tehnilise t\u00f6\u00f6lemise ajal, annavad juustele l\u00e4iget, siluvad ja niisutavad juukseid, j\u00e4tmata juustele \u00f5list kihti.<\/p>\n<p>Soovides juukseid \u00fcheaegselt valgendada ja v\u00e4rvida, v\u00f5ib blondeerimiskreemi kasutada koos SensiDO Magic Color Paste triibuv\u00e4rvidega. SensiDO Magic v\u00f5imaldab blondeerida ja v\u00e4rvida, tumedaks v\u00e4rvitud juukseid, isegi kuni 6 tooni heledamaks, k\u00fclma blondi v\u00f5i intensiivse punaseni.<\/p>\n<p><strong><u>Kasutamine:<\/u><\/strong><\/p>\n<p>SensiDO\u00a0Bleaching Paste blondeerimiskreemi v\u00f5ib kasutada 6%, 9% v\u00f5i 12% (20, 30 v\u00f5i 40 vol.) SensiDO Creme <span class=\"xn-productName\">kreemvesinik<\/span>uga.<\/p>\n<p>Segamissuhe: 1:2 v\u00f5i 1:3.<\/p>\n<p><span class=\"tlid-translation translation\" lang=\"et\">M\u00f5juaeg: 10-45 minutit, s\u00f5ltuvalt juuste struktuurist, kasutatud <span class=\"xn-productName\">kreemvesinik<\/span>ust ja soovitud l\u00f5pptulemusest. \u00c4rge j\u00e4tke klienti j\u00e4relevalveta ja kontrollige regulaarselt kliendi juuste seisukorda. <\/span><br \/>\n\u00c4rge kasutage v\u00e4liseid soojusallikaid m\u00f5juaja l\u00fchendamiseks!<\/p>\n<\/div>\n<p>Soovitud valgendusaste<strong>:<\/strong><br \/>\n3 astet, 6% <span class=\"xn-productName\">kreem<\/span>vesinik, m\u00f5juaeg &#8211; 20 min.<br \/>\n4 astet, 9% <span class=\"xn-productName\">kreem<\/span>vesinik, m\u00f5juaeg &#8211; 25 min.<br \/>\n6 astet, 12% <span class=\"xn-productName\">kreem<\/span>vesinik, m\u00f5juaeg &#8211; 35 min.<\/p>\n<p><strong>NB! <\/strong>T\u00f6\u00f6 k\u00e4igus j\u00e4lgige valgendamise tulemusi hoolikalt. \u00c4rge \u00fcletage soovitatavat\u00a0m\u00f5juaega!<\/p>\n<p>P\u00e4rast valgendamist:<br \/>\nLoputage juuksed leige veega. Peske hooldava \u0161ampooniga ja kasutage hooldusvahendit.<\/p>\n<p>pH: 8,8-9,8<\/p>\n","protected":false},"excerpt":{"rendered":"<p>L\u00f5hnastamatta blondeerimiskreem. \u00d5rn ja t\u00f5hus alternatiiv juuste blondeerimiseks. Sobib erinevateks salgutamis- ja valgendustehnikateks. Valgendab kuni 7 astet. Laboratoorsete testide tulemus n\u00e4itas, et SensiDO Bleaching Paste ostus k\u00f5ikidest teistest blondeerijatest t\u00f5husaimaks ja kahjustuste poolest k\u00f5ige leebemaks. Blondeerimispastas olev ammoniaak tagab t\u00f5husa blondeerimise ja tootes sisalduvad \u00f5lid ning oluliselt madalam pH muudavad toote tavap\u00e4raste blondeerimispulbritega v\u00f5rreldes \u00f5rnatoimelisemaks. [&hellip;]<\/p>\n","protected":false},"featured_media":10422,"comment_status":"closed","ping_status":"closed","template":"","meta":[],"product_cat":[673,666,247],"product_tag":[637],"class_list":{"0":"post-6163","1":"product","2":"type-product","3":"status-publish","4":"has-post-thumbnail","6":"product_cat-sensido","7":"product_cat-professionaalseks-kasutamiseks","8":"product_cat-blondeerimisained","9":"product_tag-profitoode","11":"first","12":"instock","13":"taxable","14":"shipping-taxable","15":"purchasable","16":"product-type-simple"},"_links":{"self":[{"href":"https:\/\/saxsim.ee\/swp\/wp-json\/wp\/v2\/product\/6163"}],"collection":[{"href":"https:\/\/saxsim.ee\/swp\/wp-json\/wp\/v2\/product"}],"about":[{"href":"https:\/\/saxsim.ee\/swp\/wp-json\/wp\/v2\/types\/product"}],"replies":[{"embeddable":true,"href":"https:\/\/saxsim.ee\/swp\/wp-json\/wp\/v2\/comments?post=6163"}],"wp:featuredmedia":[{"embeddable":true,"href":"https:\/\/saxsim.ee\/swp\/wp-json\/wp\/v2\/media\/10422"}],"wp:attachment":[{"href":"https:\/\/saxsim.ee\/swp\/wp-json\/wp\/v2\/media?parent=6163"}],"wp:term":[{"taxonomy":"product_cat","embeddable":true,"href":"https:\/\/saxsim.ee\/swp\/wp-json\/wp\/v2\/product_cat?post=6163"},{"taxonomy":"product_tag","embeddable":true,"href":"https:\/\/saxsim.ee\/swp\/wp-json\/wp\/v2\/product_tag?post=6163"}],"curies":[{"name":"wp","href":"https:\/\/api.w.org\/{rel}","templated":true}]}}