{"id":6148,"date":"2019-04-22T21:16:38","date_gmt":"2019-04-22T18:16:38","guid":{"rendered":"https:\/\/www.saxsim.ee\/?post_type=product&#038;p=6148"},"modified":"2025-08-20T11:11:44","modified_gmt":"2025-08-20T08:11:44","slug":"bacticid-wipes-100-tk-desinfitseerivad-ratikud","status":"publish","type":"product","link":"https:\/\/saxsim.ee\/swp\/product\/bacticid-wipes-100-tk-desinfitseerivad-ratikud\/","title":{"rendered":"Bacticid Wipes, 100 tk. &#8211; desinfitseerivad r\u00e4tikud"},"content":{"rendered":"<p>Desinfektandiga immutatud r\u00e4tikud alkoholi taluvate meditsiiniseadmete pindade kiirdesinfektsiooniks..<br \/>\nToode on laia fungitsiidse ja bakteritsiidse toimega, h\u00e4vitab Gram-positiivseid ja Gram-negatiivseid baktereid (sh Mycobacterium terrae), desaktiveerib nii \u00fcmbrisega (sh HBV, HIV, HCV, Vaccinia, Herpes simplex) kui ka \u00fcmbriseta viirusi (sh Adeno, Rota) ja seeni. Tootes sisalduv desinfektant h\u00e4vitab pinnal olnud bakterid ning loob bakterite kasvuks ebasoodsa keskkonna. Toode on materjalis\u00f5bralik.<br \/>\nKASUTAMINE:<br \/>\nAvada kaane otsas olev klapp ja t\u00f5mmata sealt v\u00e4lja r\u00e4tik kuni perforeeritud kohani. R\u00e4tiku lahtirebimiseks v\u00f5ib kaant teise k\u00e4ega toetada. Peale r\u00e4tiku lahtit\u00f5mbamist sulgeda koheselt klapp, v\u00e4ltimaks r\u00e4tikute kuivamist. Saadaval ka t\u00e4itepakendid.<br \/>\nDesinfitseeritavad pinnad p\u00fchkida r\u00e4tikuga nii, et kogu pind oleks \u00fchtlaselt desinfektandiga kaetud. Toimeaeg 30 sekundit.<br \/>\nR\u00e4tikute desinfitseerimislahus vastab EN 1040, EN 13727, EN 1275, EN 14348, EN 13624, EN13697 n\u00f5uetele.<\/p>\n<p>Kuna BACTICID WIPES desinfitseerimislahus on l\u00e4binud testid BVDV (HCV surrogaat) ja vaccinia viirustele, inaktiveerib toode k\u00f5iki kapseldunud viiruseid. Nende katsetuste p\u00f5hjal v\u00f5ib v\u00e4ita, et BACTICID WIPES desinfitseerimislahus on efektiivne ka nn. verega edasikanduvate viiruste suhtes nagu HBV, HCV ja HIV, samuti viirusgruppidele nagu orthomyxoviirused (kaasaarvatud influensaviirus, H5N1) ja herpesviirused (Herpes simplex virus).<\/p>\n<p><strong>Kasutamine:<\/strong><\/p>\n<p>Avada kaane otsas olev klapp ja t\u00f5mmata sealt v\u00e4lja r\u00e4tik kuni perforeeritud kohani. R\u00e4tiku lahtirebimiseks v\u00f5ib kaant teise k\u00e4ega toetada. Peale r\u00e4tiku lahtit\u00f5mbamist sulgeda koheselt klapp, v\u00e4ltimaks r\u00e4tikute kuivamist. Saadaval ka t\u00e4itepakendid.<br \/>\nDesinfitseeritavad pinnad p\u00fchkida r\u00e4tikuga nii, et kogu pind oleks \u00fchtlaselt desinfektandiga kaetud. Toimeaeg 30 sekundit.<br \/>\nR\u00e4tikute desinfitseerimislahus vastab EN 1040, EN 13727, EN 1275, EN 14348, EN 13624, EN13697 n\u00f5uetele.<\/p>\n<p>Kuna BACTICID WIPES desinfitseerimislahus on l\u00e4binud testid BVDV (HCV surrogaat) ja vaccinia viirustele, inaktiveerib toode k\u00f5iki kapseldunud viiruseid. Nende katsetuste p\u00f5hjal v\u00f5ib v\u00e4ita, et BACTICID WIPES desinfitseerimislahus on efektiivne ka nn. verega edasikanduvate viiruste suhtes nagu HBV, HCV ja HIV, samuti viirusgruppidele nagu orthomyxoviirused (kaasaarvatud influensaviirus, H5N1) ja herpesviirused (Herpes simplex virus).<\/p>\n<p><strong>ETTEVAATUSABIN\u00d5UD:<\/strong><br \/>\nToode on v\u00e4ga tuleohtlik. Hoida eemal s\u00fcttimisallikatest. Mitte suitsetada!<br \/>\nSilma sattumisel loputada kohe rohke veega ja p\u00f6\u00f6rduda arsti poole<\/p>\n<p>Omab CE m\u00e4rgistust vastavalt Meditsiiniseadmete Direktiivile<\/p>\n<p>PAKENDID:<br \/>\n100 tk.<br \/>\n150 tk.<br \/>\n600 tk.<\/p>\n","protected":false},"excerpt":{"rendered":"<p>Desinfektandiga immutatud r\u00e4tikud alkoholi taluvate meditsiiniseadmete pindade kiirdesinfektsiooniks.. Toode on laia fungitsiidse ja bakteritsiidse toimega, h\u00e4vitab Gram-positiivseid ja Gram-negatiivseid baktereid (sh Mycobacterium terrae), desaktiveerib nii \u00fcmbrisega (sh HBV, HIV, HCV, Vaccinia, Herpes simplex) kui ka \u00fcmbriseta viirusi (sh Adeno, Rota) ja seeni. Tootes sisalduv desinfektant h\u00e4vitab pinnal olnud bakterid ning loob bakterite kasvuks ebasoodsa keskkonna. [&hellip;]<\/p>\n","protected":false},"featured_media":6149,"comment_status":"closed","ping_status":"closed","template":"","meta":[],"product_cat":[745,696,577,600,401,599],"product_tag":[],"class_list":{"0":"post-6148","1":"product","2":"type-product","3":"status-publish","4":"has-post-thumbnail","6":"product_cat-chemi-pharm","7":"product_cat-tarvikud","8":"product_cat-iluteenindaja-tarvikud","9":"product_cat-puhastus-ja-desinfektsioonivahendid-iluteenindaja-tarvikud","10":"product_cat-juuksuri-tarvikud","11":"product_cat-puhastus-ja-desinfektsioonivahendid","13":"first","14":"instock","15":"taxable","16":"shipping-taxable","17":"purchasable","18":"product-type-simple"},"_links":{"self":[{"href":"https:\/\/saxsim.ee\/swp\/wp-json\/wp\/v2\/product\/6148"}],"collection":[{"href":"https:\/\/saxsim.ee\/swp\/wp-json\/wp\/v2\/product"}],"about":[{"href":"https:\/\/saxsim.ee\/swp\/wp-json\/wp\/v2\/types\/product"}],"replies":[{"embeddable":true,"href":"https:\/\/saxsim.ee\/swp\/wp-json\/wp\/v2\/comments?post=6148"}],"wp:featuredmedia":[{"embeddable":true,"href":"https:\/\/saxsim.ee\/swp\/wp-json\/wp\/v2\/media\/6149"}],"wp:attachment":[{"href":"https:\/\/saxsim.ee\/swp\/wp-json\/wp\/v2\/media?parent=6148"}],"wp:term":[{"taxonomy":"product_cat","embeddable":true,"href":"https:\/\/saxsim.ee\/swp\/wp-json\/wp\/v2\/product_cat?post=6148"},{"taxonomy":"product_tag","embeddable":true,"href":"https:\/\/saxsim.ee\/swp\/wp-json\/wp\/v2\/product_tag?post=6148"}],"curies":[{"name":"wp","href":"https:\/\/api.w.org\/{rel}","templated":true}]}}