{"id":6143,"date":"2019-04-22T20:47:37","date_gmt":"2019-04-22T17:47:37","guid":{"rendered":"https:\/\/www.saxsim.ee\/?post_type=product&#038;p=6143"},"modified":"2020-05-22T10:58:00","modified_gmt":"2020-05-22T07:58:00","slug":"cascade-high-1000-ml-kontsentreeritud-fosfaadivaba-noude-ja-uldpesuvahend","status":"publish","type":"product","link":"https:\/\/saxsim.ee\/swp\/product\/cascade-high-1000-ml-kontsentreeritud-fosfaadivaba-noude-ja-uldpesuvahend\/","title":{"rendered":"Cascade High 1000 ml. &#8211; kontsentreeritud fosfaadivaba n\u00f5ude- ja \u00fcldpesuvahend"},"content":{"rendered":"<p>CASCADE HIGH on apelsinil\u00f5hnaline kontsentreeritud vedel pesuvahend k\u00f5ikide k\u00f6\u00f6giriistade ja -n\u00f5ude nagu pannid, potid, fajanssn\u00f5ud, klaasesemed pesemiseks.\u00a0Sobib ka teiste vetttaluvate pindade puhastamiseks.<\/p>\n<p>CASCADE HIGH on mahe, kuid tugevatoimeline vahend ka v\u00e4ga rasvaste toidun\u00f5ude pesemiseks.\u00a0CASCADE HIGH on neutraalne, ei sisalda fosfaate. Toote koostises olevad tensiidid on v\u00e4ga heade rasva emulgeerivate omadustega. Kindlustatud on suurep\u00e4rane pesutulemus ka jahedas ning karedas vees. Peale pesemist j\u00e4\u00e4vad toidun\u00f5ud ning klaasesemed s\u00e4ravaks. Sisaldab ka k\u00e4enahka s\u00e4\u00e4stvaid ja pehmendavaid aineid.<\/p>\n<p>Sobib kasutamiseks toiduainetet\u00f6\u00f6stuses, tervishoiu- ja lasteasutustes<\/p>\n<p>CASCADE HIGH on keskkonnas\u00f5bralik, tensiidid on looduses lagunevad.<\/p>\n<p><strong>Kasutamine:<\/strong><\/p>\n<p>CASCADE HIGH on \u00f6konoomne kasutamisel, 5 l vee kohta lisatakse 1 &#8211; 2,5 ml n\u00f5udepesuainet. N\u00f5ud asetatakse lahusesse, pestakse ja seej\u00e4rel loputatakse.<\/p>\n<p>Kaitsta k\u00fclmumise eest. Kui aine on k\u00fclmunud, soojendada toatemperatuurini ja loksutada hoolikalt.<\/p>\n<p>PAKENDID:<br \/>\n1000 ml plastpudel<br \/>\n5000 ml kanister<\/p>\n","protected":false},"excerpt":{"rendered":"<p>CASCADE HIGH on apelsinil\u00f5hnaline kontsentreeritud vedel pesuvahend k\u00f5ikide k\u00f6\u00f6giriistade ja -n\u00f5ude nagu pannid, potid, fajanssn\u00f5ud, klaasesemed pesemiseks.\u00a0Sobib ka teiste vetttaluvate pindade puhastamiseks. CASCADE HIGH on mahe, kuid tugevatoimeline vahend ka v\u00e4ga rasvaste toidun\u00f5ude pesemiseks.\u00a0CASCADE HIGH on neutraalne, ei sisalda fosfaate. Toote koostises olevad tensiidid on v\u00e4ga heade rasva emulgeerivate omadustega. Kindlustatud on suurep\u00e4rane pesutulemus ka [&hellip;]<\/p>\n","protected":false},"featured_media":6144,"comment_status":"closed","ping_status":"closed","template":"","meta":[],"product_cat":[745,696,577,600,401,599],"product_tag":[],"class_list":{"0":"post-6143","1":"product","2":"type-product","3":"status-publish","4":"has-post-thumbnail","6":"product_cat-chemi-pharm","7":"product_cat-tarvikud","8":"product_cat-iluteenindaja-tarvikud","9":"product_cat-puhastus-ja-desinfektsioonivahendid-iluteenindaja-tarvikud","10":"product_cat-juuksuri-tarvikud","11":"product_cat-puhastus-ja-desinfektsioonivahendid","13":"first","14":"instock","15":"taxable","16":"shipping-taxable","17":"purchasable","18":"product-type-simple"},"_links":{"self":[{"href":"https:\/\/saxsim.ee\/swp\/wp-json\/wp\/v2\/product\/6143"}],"collection":[{"href":"https:\/\/saxsim.ee\/swp\/wp-json\/wp\/v2\/product"}],"about":[{"href":"https:\/\/saxsim.ee\/swp\/wp-json\/wp\/v2\/types\/product"}],"replies":[{"embeddable":true,"href":"https:\/\/saxsim.ee\/swp\/wp-json\/wp\/v2\/comments?post=6143"}],"wp:featuredmedia":[{"embeddable":true,"href":"https:\/\/saxsim.ee\/swp\/wp-json\/wp\/v2\/media\/6144"}],"wp:attachment":[{"href":"https:\/\/saxsim.ee\/swp\/wp-json\/wp\/v2\/media?parent=6143"}],"wp:term":[{"taxonomy":"product_cat","embeddable":true,"href":"https:\/\/saxsim.ee\/swp\/wp-json\/wp\/v2\/product_cat?post=6143"},{"taxonomy":"product_tag","embeddable":true,"href":"https:\/\/saxsim.ee\/swp\/wp-json\/wp\/v2\/product_tag?post=6143"}],"curies":[{"name":"wp","href":"https:\/\/api.w.org\/{rel}","templated":true}]}}