{"id":6043,"date":"2019-03-14T13:10:04","date_gmt":"2019-03-14T11:10:04","guid":{"rendered":"https:\/\/www.saxsim.ee\/?post_type=product&#038;p=6043"},"modified":"2026-01-06T10:44:51","modified_gmt":"2026-01-06T08:44:51","slug":"tinting-apron-light-poll","status":"publish","type":"product","link":"https:\/\/saxsim.ee\/swp\/product\/tinting-apron-light-poll\/","title":{"rendered":"Tinting Apron, Light &#8211; p\u00f5ll"},"content":{"rendered":"<p>Kerge, veekindel v\u00e4rvip\u00f5ll, mis sobib ka l\u00f5ikuste ja soengute tegemiseks.<\/p>\n<p>Suurus &#8211; 61*76 cm.<\/p>\n<p>Kinnitus &#8211;\u00a0reguleeritavate \u00f5lapaeltega<\/p>\n<p>Materjal \u2013 veekindel,\u00a0pol\u00fcester, lamineeritud pol\u00fcuretaaniga<\/p>\n<p>Kolm taskut<\/p>\n<p><strong>Hooldus:<\/strong><\/p>\n<p>masinpesu madalal temperatuuril<\/p>\n<p>kuivatada soovitavalt n\u00f6\u00f6ril. Trummelkuivatus ainult madalatel p\u00f6\u00f6retel!<\/p>\n<p>pesemisel \u00e4rge kunagi kasutage vedelaid valgendusvahendeid!<\/p>\n<p>v\u00e4rviplekid eemaldage koheselt niiske paberr\u00e4tikuga. Raskemaid v\u00e4rviplekke proovi eemaldada sooja vee ja seebiga. Eriti rasketel juhtudel v\u00f5ib vaja minna v\u00e4rvieemaldajat.<\/p>\n<p>\u00e4rge kunagi pange v\u00e4rviplekkidega r\u00f5ivast otse masinasse<\/p>\n<p>\u00e4rge triikige<\/p>\n<p>&nbsp;<\/p>\n","protected":false},"excerpt":{"rendered":"<p>Kerge, veekindel v\u00e4rvip\u00f5ll, mis sobib ka l\u00f5ikuste ja soengute tegemiseks. Suurus &#8211; 61*76 cm. Kinnitus &#8211;\u00a0reguleeritavate \u00f5lapaeltega Materjal \u2013 veekindel,\u00a0pol\u00fcester, lamineeritud pol\u00fcuretaaniga Kolm taskut Hooldus: masinpesu madalal temperatuuril kuivatada soovitavalt n\u00f6\u00f6ril. Trummelkuivatus ainult madalatel p\u00f6\u00f6retel! pesemisel \u00e4rge kunagi kasutage vedelaid valgendusvahendeid! v\u00e4rviplekid eemaldage koheselt niiske paberr\u00e4tikuga. Raskemaid v\u00e4rviplekke proovi eemaldada sooja vee ja seebiga. Eriti [&hellip;]<\/p>\n","protected":false},"featured_media":6044,"comment_status":"closed","ping_status":"closed","template":"","meta":[],"product_cat":[577,592,401,297],"product_tag":[],"class_list":{"0":"post-6043","1":"product","2":"type-product","3":"status-publish","4":"has-post-thumbnail","6":"product_cat-iluteenindaja-tarvikud","7":"product_cat-polled-ja-tooroivad-iluteenindajale","8":"product_cat-juuksuri-tarvikud","9":"product_cat-polled-ja-tooroivad","11":"first","12":"instock","13":"taxable","14":"shipping-taxable","15":"purchasable","16":"product-type-simple"},"_links":{"self":[{"href":"https:\/\/saxsim.ee\/swp\/wp-json\/wp\/v2\/product\/6043"}],"collection":[{"href":"https:\/\/saxsim.ee\/swp\/wp-json\/wp\/v2\/product"}],"about":[{"href":"https:\/\/saxsim.ee\/swp\/wp-json\/wp\/v2\/types\/product"}],"replies":[{"embeddable":true,"href":"https:\/\/saxsim.ee\/swp\/wp-json\/wp\/v2\/comments?post=6043"}],"wp:featuredmedia":[{"embeddable":true,"href":"https:\/\/saxsim.ee\/swp\/wp-json\/wp\/v2\/media\/6044"}],"wp:attachment":[{"href":"https:\/\/saxsim.ee\/swp\/wp-json\/wp\/v2\/media?parent=6043"}],"wp:term":[{"taxonomy":"product_cat","embeddable":true,"href":"https:\/\/saxsim.ee\/swp\/wp-json\/wp\/v2\/product_cat?post=6043"},{"taxonomy":"product_tag","embeddable":true,"href":"https:\/\/saxsim.ee\/swp\/wp-json\/wp\/v2\/product_tag?post=6043"}],"curies":[{"name":"wp","href":"https:\/\/api.w.org\/{rel}","templated":true}]}}