{"id":6040,"date":"2019-03-13T18:17:05","date_gmt":"2019-03-13T16:17:05","guid":{"rendered":"https:\/\/www.saxsim.ee\/?post_type=product&#038;p=6040"},"modified":"2023-02-11T08:27:14","modified_gmt":"2023-02-11T06:27:14","slug":"hairdresser%ef%bb%bf-towel-ecoter-76x50-paberratikud","status":"publish","type":"product","link":"https:\/\/saxsim.ee\/swp\/product\/hairdresser%ef%bb%bf-towel-ecoter-76x50-paberratikud\/","title":{"rendered":"Hairdresser\ufeff Towel ECOTER 76&#215;50 &#8211; paberr\u00e4tikud"},"content":{"rendered":"<p><span id=\"result_box\" class=\"\" lang=\"et\"><span class=\"\">Materjal &#8211;<br \/>\n<\/span><\/span><\/p>\n<p>M\u00f5\u00f5dud &#8211; 50*76 cm.<\/p>\n<p><span id=\"result_box\" class=\"\" lang=\"et\"><span class=\"\">V\u00e4rv &#8211; valge.<\/span><\/span><\/p>\n<p><span id=\"result_box\" class=\"\" lang=\"et\"><span class=\"\">Kaal &#8211;<br \/>\n<\/span><\/span><\/p>\n<p>Pakis &#8211; 100 tk.<\/p>\n<p>Valmistatud &#8211; Poolas<\/p>\n","protected":false},"excerpt":{"rendered":"<p>Materjal &#8211; M\u00f5\u00f5dud &#8211; 50*76 cm. V\u00e4rv &#8211; valge. Kaal &#8211; Pakis &#8211; 100 tk. Valmistatud &#8211; Poolas<\/p>\n","protected":false},"featured_media":6041,"comment_status":"closed","ping_status":"closed","template":"","meta":[],"product_cat":[577,583,401,291,346],"product_tag":[],"class_list":{"0":"post-6040","1":"product","2":"type-product","3":"status-publish","4":"has-post-thumbnail","6":"product_cat-iluteenindaja-tarvikud","7":"product_cat-uhekordsed-tooted-iluteenindaja-tarvikud","8":"product_cat-juuksuri-tarvikud","9":"product_cat-uhekordsed-tooted","10":"product_cat-uhekordsed-ratikud","12":"first","13":"outofstock","14":"taxable","15":"shipping-taxable","16":"purchasable","17":"product-type-simple"},"_links":{"self":[{"href":"https:\/\/saxsim.ee\/swp\/wp-json\/wp\/v2\/product\/6040"}],"collection":[{"href":"https:\/\/saxsim.ee\/swp\/wp-json\/wp\/v2\/product"}],"about":[{"href":"https:\/\/saxsim.ee\/swp\/wp-json\/wp\/v2\/types\/product"}],"replies":[{"embeddable":true,"href":"https:\/\/saxsim.ee\/swp\/wp-json\/wp\/v2\/comments?post=6040"}],"wp:featuredmedia":[{"embeddable":true,"href":"https:\/\/saxsim.ee\/swp\/wp-json\/wp\/v2\/media\/6041"}],"wp:attachment":[{"href":"https:\/\/saxsim.ee\/swp\/wp-json\/wp\/v2\/media?parent=6040"}],"wp:term":[{"taxonomy":"product_cat","embeddable":true,"href":"https:\/\/saxsim.ee\/swp\/wp-json\/wp\/v2\/product_cat?post=6040"},{"taxonomy":"product_tag","embeddable":true,"href":"https:\/\/saxsim.ee\/swp\/wp-json\/wp\/v2\/product_tag?post=6040"}],"curies":[{"name":"wp","href":"https:\/\/api.w.org\/{rel}","templated":true}]}}