{"id":6038,"date":"2019-03-13T18:04:10","date_gmt":"2019-03-13T16:04:10","guid":{"rendered":"https:\/\/www.saxsim.ee\/?post_type=product&#038;p=6038"},"modified":"2021-09-17T10:35:34","modified_gmt":"2021-09-17T07:35:34","slug":"cotton-cosmetic-swab-puuvillased-vatipadjad-1200-tk","status":"publish","type":"product","link":"https:\/\/saxsim.ee\/swp\/product\/cotton-cosmetic-swab-puuvillased-vatipadjad-1200-tk\/","title":{"rendered":"Cotton Cosmetic Swab &#8211; puuvillased vatipadjad u.1200 tk."},"content":{"rendered":"<p>\u00dcmmargused puuvillased vatipadjad.<\/p>\n<p>M\u00f5\u00f5dud &#8211;\u00a0 cm.<\/p>\n<p>Pakend &#8211; 0,5 kg., u. 1200 tk.<\/p>\n<p>&nbsp;<\/p>\n","protected":false},"excerpt":{"rendered":"<p>\u00dcmmargused puuvillased vatipadjad. M\u00f5\u00f5dud &#8211;\u00a0 cm. Pakend &#8211; 0,5 kg., u. 1200 tk. &nbsp;<\/p>\n","protected":false},"featured_media":6039,"comment_status":"closed","ping_status":"closed","template":"","meta":[],"product_cat":[577,583],"product_tag":[],"class_list":{"0":"post-6038","1":"product","2":"type-product","3":"status-publish","4":"has-post-thumbnail","6":"product_cat-iluteenindaja-tarvikud","7":"product_cat-uhekordsed-tooted-iluteenindaja-tarvikud","9":"first","10":"outofstock","11":"taxable","12":"shipping-taxable","13":"purchasable","14":"product-type-simple"},"_links":{"self":[{"href":"https:\/\/saxsim.ee\/swp\/wp-json\/wp\/v2\/product\/6038"}],"collection":[{"href":"https:\/\/saxsim.ee\/swp\/wp-json\/wp\/v2\/product"}],"about":[{"href":"https:\/\/saxsim.ee\/swp\/wp-json\/wp\/v2\/types\/product"}],"replies":[{"embeddable":true,"href":"https:\/\/saxsim.ee\/swp\/wp-json\/wp\/v2\/comments?post=6038"}],"wp:featuredmedia":[{"embeddable":true,"href":"https:\/\/saxsim.ee\/swp\/wp-json\/wp\/v2\/media\/6039"}],"wp:attachment":[{"href":"https:\/\/saxsim.ee\/swp\/wp-json\/wp\/v2\/media?parent=6038"}],"wp:term":[{"taxonomy":"product_cat","embeddable":true,"href":"https:\/\/saxsim.ee\/swp\/wp-json\/wp\/v2\/product_cat?post=6038"},{"taxonomy":"product_tag","embeddable":true,"href":"https:\/\/saxsim.ee\/swp\/wp-json\/wp\/v2\/product_tag?post=6038"}],"curies":[{"name":"wp","href":"https:\/\/api.w.org\/{rel}","templated":true}]}}