{"id":6000,"date":"2019-03-11T17:28:49","date_gmt":"2019-03-11T15:28:49","guid":{"rendered":"https:\/\/www.saxsim.ee\/?post_type=product&#038;p=6000"},"modified":"2024-01-08T13:04:16","modified_gmt":"2024-01-08T11:04:16","slug":"cera-pro-dc-kasifoon","status":"publish","type":"product","link":"https:\/\/saxsim.ee\/swp\/product\/cera-pro-dc-kasifoon\/","title":{"rendered":"Cera Pro DC &#8211; k\u00e4sif\u00f6\u00f6n"},"content":{"rendered":"<p>Kummise kattega, ION-tehnoloogiaga v\u00f5imas f\u00f6\u00f6n.<\/p>\n<p><strong>Tehnilised andmed:<\/strong><\/p>\n<p>1417 l \u00f5hku min. ( 84 m\u00b3\/h )<br \/>\n2000 W<br \/>\n2 kiirust<br \/>\n2 kuumusastet<br \/>\nk\u00fclma \u00f5huvoo nupp<br \/>\nJohnson mootor<br \/>\nkaal &#8211; 390 g<br \/>\njuhe &#8211; 3 m<br \/>\n2 \u00f5husuunajat<\/p>\n<p>Tootja:<\/p>\n<p>&nbsp;<\/p>\n<p>&nbsp;<\/p>\n","protected":false},"excerpt":{"rendered":"<p>Kummise kattega, ION-tehnoloogiaga v\u00f5imas f\u00f6\u00f6n. Tehnilised andmed: 1417 l \u00f5hku min. ( 84 m\u00b3\/h ) 2000 W 2 kiirust 2 kuumusastet k\u00fclma \u00f5huvoo nupp Johnson mootor kaal &#8211; 390 g juhe &#8211; 3 m 2 \u00f5husuunajat Tootja: &nbsp; &nbsp;<\/p>\n","protected":false},"featured_media":6001,"comment_status":"closed","ping_status":"closed","template":"","meta":[],"product_cat":[710,401,280,285],"product_tag":[],"class_list":{"0":"post-6000","1":"product","2":"type-product","3":"status-publish","4":"has-post-thumbnail","6":"product_cat-cera-professional","7":"product_cat-juuksuri-tarvikud","8":"product_cat-elektrilised-toovahendid","9":"product_cat-kasifoonid","11":"first","12":"instock","13":"taxable","14":"shipping-taxable","15":"purchasable","16":"product-type-simple"},"_links":{"self":[{"href":"https:\/\/saxsim.ee\/swp\/wp-json\/wp\/v2\/product\/6000"}],"collection":[{"href":"https:\/\/saxsim.ee\/swp\/wp-json\/wp\/v2\/product"}],"about":[{"href":"https:\/\/saxsim.ee\/swp\/wp-json\/wp\/v2\/types\/product"}],"replies":[{"embeddable":true,"href":"https:\/\/saxsim.ee\/swp\/wp-json\/wp\/v2\/comments?post=6000"}],"wp:featuredmedia":[{"embeddable":true,"href":"https:\/\/saxsim.ee\/swp\/wp-json\/wp\/v2\/media\/6001"}],"wp:attachment":[{"href":"https:\/\/saxsim.ee\/swp\/wp-json\/wp\/v2\/media?parent=6000"}],"wp:term":[{"taxonomy":"product_cat","embeddable":true,"href":"https:\/\/saxsim.ee\/swp\/wp-json\/wp\/v2\/product_cat?post=6000"},{"taxonomy":"product_tag","embeddable":true,"href":"https:\/\/saxsim.ee\/swp\/wp-json\/wp\/v2\/product_tag?post=6000"}],"curies":[{"name":"wp","href":"https:\/\/api.w.org\/{rel}","templated":true}]}}