{"id":5990,"date":"2019-03-11T07:52:53","date_gmt":"2019-03-11T05:52:53","guid":{"rendered":"https:\/\/www.saxsim.ee\/?post_type=product&#038;p=5990"},"modified":"2024-01-08T11:27:53","modified_gmt":"2024-01-08T09:27:53","slug":"cera-wandbar-koonustangid-19-32-mm","status":"publish","type":"product","link":"https:\/\/saxsim.ee\/swp\/product\/cera-wandbar-koonustangid-19-32-mm\/","title":{"rendered":"Cera Wandbar &#8211; koonustangid 19-32 mm"},"content":{"rendered":"<p>Ergonoomilise k\u00e4epidemega, koonusekujuline lokitang. Ergonoomiline kuju v\u00e4hendab koormust randmele, k\u00fc\u00fcnarnukile ja \u00f5lale.<br \/>\n<strong>Tehnilised andmed:<\/strong><\/p>\n<p><span class=\"tlid-translation translation\"><span title=\"\">LCD ekraan<\/span><\/span><\/p>\n<p>mittekuumenev ots<\/p>\n<p>automaatne v\u00e4ljal\u00fclitus u. 60 min. m\u00f6\u00f6dumisel<\/p>\n<p>t\u00f6\u00f6temperatuur \u2013 80\u00b0C &#8211; 210\u00b0C, reguleeritav<\/p>\n<p>kuumenev pind &#8211;\u00a0keraamiline<\/p>\n<p>koonuse suurus &#8211; 19-32 mm<\/p>\n<p>kaal \u2013 220 g<\/p>\n<p>p\u00f6\u00f6rlev juhe \u2013 3 m<\/p>\n<p>&nbsp;<\/p>\n","protected":false},"excerpt":{"rendered":"<p>Ergonoomilise k\u00e4epidemega, koonusekujuline lokitang. Ergonoomiline kuju v\u00e4hendab koormust randmele, k\u00fc\u00fcnarnukile ja \u00f5lale. Tehnilised andmed: LCD ekraan mittekuumenev ots automaatne v\u00e4ljal\u00fclitus u. 60 min. m\u00f6\u00f6dumisel t\u00f6\u00f6temperatuur \u2013 80\u00b0C &#8211; 210\u00b0C, reguleeritav kuumenev pind &#8211;\u00a0keraamiline koonuse suurus &#8211; 19-32 mm kaal \u2013 220 g p\u00f6\u00f6rlev juhe \u2013 3 m &nbsp;<\/p>\n","protected":false},"featured_media":5991,"comment_status":"closed","ping_status":"closed","template":"","meta":[],"product_cat":[710,401,280,281],"product_tag":[],"class_list":{"0":"post-5990","1":"product","2":"type-product","3":"status-publish","4":"has-post-thumbnail","6":"product_cat-cera-professional","7":"product_cat-juuksuri-tarvikud","8":"product_cat-elektrilised-toovahendid","9":"product_cat-lokitangid","11":"first","12":"instock","13":"taxable","14":"shipping-taxable","15":"purchasable","16":"product-type-simple"},"_links":{"self":[{"href":"https:\/\/saxsim.ee\/swp\/wp-json\/wp\/v2\/product\/5990"}],"collection":[{"href":"https:\/\/saxsim.ee\/swp\/wp-json\/wp\/v2\/product"}],"about":[{"href":"https:\/\/saxsim.ee\/swp\/wp-json\/wp\/v2\/types\/product"}],"replies":[{"embeddable":true,"href":"https:\/\/saxsim.ee\/swp\/wp-json\/wp\/v2\/comments?post=5990"}],"wp:featuredmedia":[{"embeddable":true,"href":"https:\/\/saxsim.ee\/swp\/wp-json\/wp\/v2\/media\/5991"}],"wp:attachment":[{"href":"https:\/\/saxsim.ee\/swp\/wp-json\/wp\/v2\/media?parent=5990"}],"wp:term":[{"taxonomy":"product_cat","embeddable":true,"href":"https:\/\/saxsim.ee\/swp\/wp-json\/wp\/v2\/product_cat?post=5990"},{"taxonomy":"product_tag","embeddable":true,"href":"https:\/\/saxsim.ee\/swp\/wp-json\/wp\/v2\/product_tag?post=5990"}],"curies":[{"name":"wp","href":"https:\/\/api.w.org\/{rel}","templated":true}]}}