{"id":5987,"date":"2019-03-11T07:27:05","date_gmt":"2019-03-11T05:27:05","guid":{"rendered":"https:\/\/www.saxsim.ee\/?post_type=product&#038;p=5987"},"modified":"2025-07-31T12:10:46","modified_gmt":"2025-07-31T09:10:46","slug":"cera-ir-straightener-infrapuna-sirgendaja","status":"publish","type":"product","link":"https:\/\/saxsim.ee\/swp\/product\/cera-ir-straightener-infrapuna-sirgendaja\/","title":{"rendered":"Cera IR Straightener &#8211; infrapuna sirgendaja"},"content":{"rendered":"<p><span class=\"tlid-translation translation\"><span title=\"\">Infrapunakiired lukustuvad juustesse loomuliku niiskuse, mis muudab soengute tegemise veelgi t\u00f5husamaks ja annab tulemuseks l\u00e4ikivad, terved juuksed.<\/span><\/span><\/p>\n<p><strong>Tehnilised andmed:<\/strong><\/p>\n<p><span class=\"tlid-translation translation\"><span class=\"\" title=\"\">PTC k\u00fctteseade soojeneb kiiresti ja tagab stabiilse temperatuuri<\/span><\/span><\/p>\n<p><span class=\"tlid-translation translation\"><span title=\"\">IR-tehnoloogia<\/span><\/span><\/p>\n<p>digitaalne temperatuuri reguleerimine<\/p>\n<p>t\u00f6\u00f6temperatuur &#8211; 160\u00b0C kuni 230\u00b0C<\/p>\n<p>plaadid &#8211; alumiinium + chrome, vetruvad<\/p>\n<p>plaatide suurus &#8211; 23 x 90 mm<\/p>\n<p>automaatne v\u00e4ljal\u00fclitus 60 min. m\u00f6\u00f6dumisel<\/p>\n<p>kaal &#8211; 280 g<\/p>\n<p>p\u00f6\u00f6rlev juhe &#8211; 2,5 m<\/p>\n<p>&nbsp;<\/p>\n","protected":false},"excerpt":{"rendered":"<p>Infrapunakiired lukustuvad juustesse loomuliku niiskuse, mis muudab soengute tegemise veelgi t\u00f5husamaks ja annab tulemuseks l\u00e4ikivad, terved juuksed. Tehnilised andmed: PTC k\u00fctteseade soojeneb kiiresti ja tagab stabiilse temperatuuri IR-tehnoloogia digitaalne temperatuuri reguleerimine t\u00f6\u00f6temperatuur &#8211; 160\u00b0C kuni 230\u00b0C plaadid &#8211; alumiinium + chrome, vetruvad plaatide suurus &#8211; 23 x 90 mm automaatne v\u00e4ljal\u00fclitus 60 min. m\u00f6\u00f6dumisel kaal [&hellip;]<\/p>\n","protected":false},"featured_media":5988,"comment_status":"closed","ping_status":"closed","template":"","meta":[],"product_cat":[710,401,280,338],"product_tag":[],"class_list":{"0":"post-5987","1":"product","2":"type-product","3":"status-publish","4":"has-post-thumbnail","6":"product_cat-cera-professional","7":"product_cat-juuksuri-tarvikud","8":"product_cat-elektrilised-toovahendid","9":"product_cat-sirgendajad","11":"first","12":"instock","13":"taxable","14":"shipping-taxable","15":"purchasable","16":"product-type-simple"},"_links":{"self":[{"href":"https:\/\/saxsim.ee\/swp\/wp-json\/wp\/v2\/product\/5987"}],"collection":[{"href":"https:\/\/saxsim.ee\/swp\/wp-json\/wp\/v2\/product"}],"about":[{"href":"https:\/\/saxsim.ee\/swp\/wp-json\/wp\/v2\/types\/product"}],"replies":[{"embeddable":true,"href":"https:\/\/saxsim.ee\/swp\/wp-json\/wp\/v2\/comments?post=5987"}],"wp:featuredmedia":[{"embeddable":true,"href":"https:\/\/saxsim.ee\/swp\/wp-json\/wp\/v2\/media\/5988"}],"wp:attachment":[{"href":"https:\/\/saxsim.ee\/swp\/wp-json\/wp\/v2\/media?parent=5987"}],"wp:term":[{"taxonomy":"product_cat","embeddable":true,"href":"https:\/\/saxsim.ee\/swp\/wp-json\/wp\/v2\/product_cat?post=5987"},{"taxonomy":"product_tag","embeddable":true,"href":"https:\/\/saxsim.ee\/swp\/wp-json\/wp\/v2\/product_tag?post=5987"}],"curies":[{"name":"wp","href":"https:\/\/api.w.org\/{rel}","templated":true}]}}