{"id":5985,"date":"2019-03-11T07:13:37","date_gmt":"2019-03-11T05:13:37","guid":{"rendered":"https:\/\/www.saxsim.ee\/?post_type=product&#038;p=5985"},"modified":"2026-01-09T08:11:57","modified_gmt":"2026-01-09T06:11:57","slug":"barber-hair-grip-juuksehaarats","status":"publish","type":"product","link":"https:\/\/saxsim.ee\/swp\/product\/barber-hair-grip-juuksehaarats\/","title":{"rendered":"Barber Hair Grip &#8211; juuksehaarats, 1 tk."},"content":{"rendered":"<p>Takjakinnitusega juustehaarats on kasulik abivahend l\u00f5ikuste ja soengute tegemisel. Hoiab juuksed kinlalt paigas.<\/p>\n<p>M\u00fc\u00fcakse 1 tk. kaupa!<\/p>\n<p>Pakendis 6 tk.<\/p>\n<p>&nbsp;<\/p>\n<p>&nbsp;<\/p>\n<p>&nbsp;<\/p>\n<p>&nbsp;<\/p>\n","protected":false},"excerpt":{"rendered":"<p>Takjakinnitusega juustehaarats on kasulik abivahend l\u00f5ikuste ja soengute tegemisel. Hoiab juuksed kinlalt paigas. M\u00fc\u00fcakse 1 tk. kaupa! Pakendis 6 tk. &nbsp; &nbsp; &nbsp; &nbsp;<\/p>\n","protected":false},"featured_media":10193,"comment_status":"closed","ping_status":"closed","template":"","meta":[],"product_cat":[401,303,605],"product_tag":[],"class_list":{"0":"post-5985","1":"product","2":"type-product","3":"status-publish","4":"has-post-thumbnail","6":"product_cat-juuksuri-tarvikud","7":"product_cat-juukseklambrid-ja-noelad","8":"product_cat-juukseklambrid","10":"first","11":"instock","12":"taxable","13":"shipping-taxable","14":"purchasable","15":"product-type-simple"},"_links":{"self":[{"href":"https:\/\/saxsim.ee\/swp\/wp-json\/wp\/v2\/product\/5985"}],"collection":[{"href":"https:\/\/saxsim.ee\/swp\/wp-json\/wp\/v2\/product"}],"about":[{"href":"https:\/\/saxsim.ee\/swp\/wp-json\/wp\/v2\/types\/product"}],"replies":[{"embeddable":true,"href":"https:\/\/saxsim.ee\/swp\/wp-json\/wp\/v2\/comments?post=5985"}],"wp:featuredmedia":[{"embeddable":true,"href":"https:\/\/saxsim.ee\/swp\/wp-json\/wp\/v2\/media\/10193"}],"wp:attachment":[{"href":"https:\/\/saxsim.ee\/swp\/wp-json\/wp\/v2\/media?parent=5985"}],"wp:term":[{"taxonomy":"product_cat","embeddable":true,"href":"https:\/\/saxsim.ee\/swp\/wp-json\/wp\/v2\/product_cat?post=5985"},{"taxonomy":"product_tag","embeddable":true,"href":"https:\/\/saxsim.ee\/swp\/wp-json\/wp\/v2\/product_tag?post=5985"}],"curies":[{"name":"wp","href":"https:\/\/api.w.org\/{rel}","templated":true}]}}