{"id":5946,"date":"2019-03-02T00:58:34","date_gmt":"2019-03-01T22:58:34","guid":{"rendered":"https:\/\/www.saxsim.ee\/?post_type=product&#038;p=5946"},"modified":"2024-01-21T11:06:04","modified_gmt":"2024-01-21T09:06:04","slug":"jaguar-cj4-plus-55-loikuskaarid","status":"publish","type":"product","link":"https:\/\/saxsim.ee\/swp\/product\/jaguar-cj4-plus-55-loikuskaarid\/","title":{"rendered":"Jaguar CJ4 Plus 5,5&#8243; &#8211; l\u00f5ikusk\u00e4\u00e4rid"},"content":{"rendered":"<p>L\u00f5ikusk\u00e4\u00e4rid.<\/p>\n<p>K\u00e4epide \u2013 nihkes (offset)<\/p>\n<p>Materjal \u2013 Molybdenum steel<\/p>\n<p>Metalli pinnat\u00f6\u00f6tlus \u2013 <span class=\"tlid-translation translation\"><span class=\"\" title=\"\">poleeritud viimistlus<\/span><\/span><\/p>\n<p>K\u00e4\u00e4ride suurus \u2013 5,5\u2033<\/p>\n<p>Kaal \u2013 41 g.<\/p>\n<p>&nbsp;<\/p>\n","protected":false},"excerpt":{"rendered":"<p>L\u00f5ikusk\u00e4\u00e4rid. K\u00e4epide \u2013 nihkes (offset) Materjal \u2013 Molybdenum steel Metalli pinnat\u00f6\u00f6tlus \u2013 poleeritud viimistlus K\u00e4\u00e4ride suurus \u2013 5,5\u2033 Kaal \u2013 41 g. &nbsp;<\/p>\n","protected":false},"featured_media":5947,"comment_status":"closed","ping_status":"closed","template":"","meta":[],"product_cat":[736,401,174,276],"product_tag":[],"class_list":{"0":"post-5946","1":"product","2":"type-product","3":"status-publish","4":"has-post-thumbnail","6":"product_cat-jaguar","7":"product_cat-juuksuri-tarvikud","8":"product_cat-kaarid","9":"product_cat-loikuskaarid","11":"first","12":"instock","13":"taxable","14":"shipping-taxable","15":"purchasable","16":"product-type-simple"},"_links":{"self":[{"href":"https:\/\/saxsim.ee\/swp\/wp-json\/wp\/v2\/product\/5946"}],"collection":[{"href":"https:\/\/saxsim.ee\/swp\/wp-json\/wp\/v2\/product"}],"about":[{"href":"https:\/\/saxsim.ee\/swp\/wp-json\/wp\/v2\/types\/product"}],"replies":[{"embeddable":true,"href":"https:\/\/saxsim.ee\/swp\/wp-json\/wp\/v2\/comments?post=5946"}],"wp:featuredmedia":[{"embeddable":true,"href":"https:\/\/saxsim.ee\/swp\/wp-json\/wp\/v2\/media\/5947"}],"wp:attachment":[{"href":"https:\/\/saxsim.ee\/swp\/wp-json\/wp\/v2\/media?parent=5946"}],"wp:term":[{"taxonomy":"product_cat","embeddable":true,"href":"https:\/\/saxsim.ee\/swp\/wp-json\/wp\/v2\/product_cat?post=5946"},{"taxonomy":"product_tag","embeddable":true,"href":"https:\/\/saxsim.ee\/swp\/wp-json\/wp\/v2\/product_tag?post=5946"}],"curies":[{"name":"wp","href":"https:\/\/api.w.org\/{rel}","templated":true}]}}