{"id":5941,"date":"2019-03-01T21:45:02","date_gmt":"2019-03-01T19:45:02","guid":{"rendered":"https:\/\/www.saxsim.ee\/?post_type=product&#038;p=5941"},"modified":"2024-10-18T09:56:31","modified_gmt":"2024-10-18T06:56:31","slug":"tool-bag-hairway-2-toovahendite-kott","status":"publish","type":"product","link":"https:\/\/saxsim.ee\/swp\/product\/tool-bag-hairway-2-toovahendite-kott\/","title":{"rendered":"Tool Bag, Hairway 2 &#8211; t\u00f6\u00f6vahendite kott"},"content":{"rendered":"<p>Vastupidavast tekstiilist, \u00f5larihmaga, mahukas t\u00f6\u00f6vahendite kott. Kotil on 5 v\u00e4listaskut, 7 laia ja 8 kitsast sisetaskut. Kotti saab kokku panna.<\/p>\n<p>M\u00f5\u00f5dud &#8211; 25 x 35,5 x 21 cm.<\/p>\n<p>V\u00e4rv &#8211; must.<\/p>\n<p>Kaal &#8211; 628 g.<\/p>\n","protected":false},"excerpt":{"rendered":"<p>Vastupidavast tekstiilist, \u00f5larihmaga, mahukas t\u00f6\u00f6vahendite kott. Kotil on 5 v\u00e4listaskut, 7 laia ja 8 kitsast sisetaskut. Kotti saab kokku panna. M\u00f5\u00f5dud &#8211; 25 x 35,5 x 21 cm. V\u00e4rv &#8211; must. Kaal &#8211; 628 g.<\/p>\n","protected":false},"featured_media":5942,"comment_status":"closed","ping_status":"closed","template":"","meta":[],"product_cat":[577,590,401,313],"product_tag":[],"class_list":{"0":"post-5941","1":"product","2":"type-product","3":"status-publish","4":"has-post-thumbnail","6":"product_cat-iluteenindaja-tarvikud","7":"product_cat-kohvrid-ja-kotid-iluteenindaja-tarvikud","8":"product_cat-juuksuri-tarvikud","9":"product_cat-kohvrid-ja-kotid","11":"first","12":"instock","13":"taxable","14":"shipping-taxable","15":"purchasable","16":"product-type-simple"},"_links":{"self":[{"href":"https:\/\/saxsim.ee\/swp\/wp-json\/wp\/v2\/product\/5941"}],"collection":[{"href":"https:\/\/saxsim.ee\/swp\/wp-json\/wp\/v2\/product"}],"about":[{"href":"https:\/\/saxsim.ee\/swp\/wp-json\/wp\/v2\/types\/product"}],"replies":[{"embeddable":true,"href":"https:\/\/saxsim.ee\/swp\/wp-json\/wp\/v2\/comments?post=5941"}],"wp:featuredmedia":[{"embeddable":true,"href":"https:\/\/saxsim.ee\/swp\/wp-json\/wp\/v2\/media\/5942"}],"wp:attachment":[{"href":"https:\/\/saxsim.ee\/swp\/wp-json\/wp\/v2\/media?parent=5941"}],"wp:term":[{"taxonomy":"product_cat","embeddable":true,"href":"https:\/\/saxsim.ee\/swp\/wp-json\/wp\/v2\/product_cat?post=5941"},{"taxonomy":"product_tag","embeddable":true,"href":"https:\/\/saxsim.ee\/swp\/wp-json\/wp\/v2\/product_tag?post=5941"}],"curies":[{"name":"wp","href":"https:\/\/api.w.org\/{rel}","templated":true}]}}