{"id":5927,"date":"2019-03-01T19:32:52","date_gmt":"2019-03-01T17:32:52","guid":{"rendered":"https:\/\/www.saxsim.ee\/?post_type=product&#038;p=5927"},"modified":"2019-03-01T19:47:50","modified_gmt":"2019-03-01T17:47:50","slug":"stylists-stool-flash-tootool","status":"publish","type":"product","link":"https:\/\/saxsim.ee\/swp\/product\/stylists-stool-flash-tootool\/","title":{"rendered":"Stylists Stool, Flash &#8211; t\u00f6\u00f6tool"},"content":{"rendered":"<p>Kandilise istmega, seljatoega t\u00f6\u00f6tool juuksurile v\u00f5i kosmeetikule.<\/p>\n<p>5-haruline alumiinium jalg,\u00a0\u00f8 50 cm.<\/p>\n<p>reguleeritava k\u00f5rgusega ( 54-74 cm. ) gaasipump<\/p>\n<p>iste &#8211; <span class=\"tlid-translation translation\"><span title=\"\">36 x 30 cm.<\/span><\/span><\/p>\n<p><span class=\"tlid-translation translation\"><span title=\"\">seljatoe k\u00f5rgus &#8211; 23 cm.<\/span><\/span><\/p>\n<p>max. kaal &#8211; 100 kg.<\/p>\n","protected":false},"excerpt":{"rendered":"<p>Kandilise istmega, seljatoega t\u00f6\u00f6tool juuksurile v\u00f5i kosmeetikule. 5-haruline alumiinium jalg,\u00a0\u00f8 50 cm. reguleeritava k\u00f5rgusega ( 54-74 cm. ) gaasipump iste &#8211; 36 x 30 cm. seljatoe k\u00f5rgus &#8211; 23 cm. max. kaal &#8211; 100 kg.<\/p>\n","protected":false},"featured_media":5928,"comment_status":"closed","ping_status":"closed","template":"","meta":[],"product_cat":[325,333,400,589,577,401],"product_tag":[],"class_list":{"0":"post-5927","1":"product","2":"type-product","3":"status-publish","4":"has-post-thumbnail","6":"product_cat-juuksuri-ja-ilusalongi-sisustus","7":"product_cat-tootoolid","8":"product_cat-ilusalongi-sisustus","9":"product_cat-tootoolid-ilusalongi-sisustus","10":"product_cat-iluteenindaja-tarvikud","11":"product_cat-juuksuri-tarvikud","13":"first","14":"instock","15":"taxable","16":"shipping-taxable","17":"purchasable","18":"product-type-simple"},"_links":{"self":[{"href":"https:\/\/saxsim.ee\/swp\/wp-json\/wp\/v2\/product\/5927"}],"collection":[{"href":"https:\/\/saxsim.ee\/swp\/wp-json\/wp\/v2\/product"}],"about":[{"href":"https:\/\/saxsim.ee\/swp\/wp-json\/wp\/v2\/types\/product"}],"replies":[{"embeddable":true,"href":"https:\/\/saxsim.ee\/swp\/wp-json\/wp\/v2\/comments?post=5927"}],"wp:featuredmedia":[{"embeddable":true,"href":"https:\/\/saxsim.ee\/swp\/wp-json\/wp\/v2\/media\/5928"}],"wp:attachment":[{"href":"https:\/\/saxsim.ee\/swp\/wp-json\/wp\/v2\/media?parent=5927"}],"wp:term":[{"taxonomy":"product_cat","embeddable":true,"href":"https:\/\/saxsim.ee\/swp\/wp-json\/wp\/v2\/product_cat?post=5927"},{"taxonomy":"product_tag","embeddable":true,"href":"https:\/\/saxsim.ee\/swp\/wp-json\/wp\/v2\/product_tag?post=5927"}],"curies":[{"name":"wp","href":"https:\/\/api.w.org\/{rel}","templated":true}]}}