{"id":5919,"date":"2019-02-26T13:50:44","date_gmt":"2019-02-26T11:50:44","guid":{"rendered":"https:\/\/www.saxsim.ee\/?post_type=product&#038;p=5919"},"modified":"2024-01-10T10:38:20","modified_gmt":"2024-01-10T08:38:20","slug":"hair-clipper-iramoto-lux-loikusmasin","status":"publish","type":"product","link":"https:\/\/saxsim.ee\/swp\/product\/hair-clipper-iramoto-lux-loikusmasin\/","title":{"rendered":"Hair Clipper, Iramoto Lux &#8211; l\u00f5ikusmasin"},"content":{"rendered":"<p>Vaikne, juhtme\/juhtmeta, juuksel\u00f5ikusmasin professionaalseks kasutamiseks.\u00a0LED idikaatortuled kuvavad aku laetuse taset ja annavad m\u00e4rku, kui aku vajab laadimist.<\/p>\n<p><strong>Tehnilised andmed:<\/strong><\/p>\n<p>akutoitel t\u00f6\u00f6tab &#8211; 70 min.<\/p>\n<p>l\u00f5iketera pikkuse reguleerimine ( 0,8 &#8211; 2,0 mm. )<\/p>\n<p>indikaatortuled\u00a0aku laetusastme kuvamiseks<\/p>\n<p>kaal &#8211; 225 g.<\/p>\n<p>juhe &#8211; \u00a0m.<\/p>\n<p><strong>Komplektis:<\/strong><\/p>\n<p>1 eemaldatav l\u00f5ikustera ( laius &#8211; 45 mm. )<\/p>\n<p>4 erinevat l\u00f5ikustalda ( 3 mm.\/6 mm.\/9 mm.\/12 mm. )<br \/>\nlaadimisalus koos juhtmega<br \/>\npuhastushari<br \/>\nmasina\u00f5li<\/p>\n","protected":false},"excerpt":{"rendered":"<p>Vaikne, juhtme\/juhtmeta, juuksel\u00f5ikusmasin professionaalseks kasutamiseks.\u00a0LED idikaatortuled kuvavad aku laetuse taset ja annavad m\u00e4rku, kui aku vajab laadimist. Tehnilised andmed: akutoitel t\u00f6\u00f6tab &#8211; 70 min. l\u00f5iketera pikkuse reguleerimine ( 0,8 &#8211; 2,0 mm. ) indikaatortuled\u00a0aku laetusastme kuvamiseks kaal &#8211; 225 g. juhe &#8211; \u00a0m. Komplektis: 1 eemaldatav l\u00f5ikustera ( laius &#8211; 45 mm. ) 4 erinevat [&hellip;]<\/p>\n","protected":false},"featured_media":5920,"comment_status":"closed","ping_status":"closed","template":"","meta":[],"product_cat":[401,280,286],"product_tag":[],"class_list":{"0":"post-5919","1":"product","2":"type-product","3":"status-publish","4":"has-post-thumbnail","6":"product_cat-juuksuri-tarvikud","7":"product_cat-elektrilised-toovahendid","8":"product_cat-loikusmasinad-ja-trimmerid","10":"first","11":"instock","12":"taxable","13":"shipping-taxable","14":"purchasable","15":"product-type-simple"},"_links":{"self":[{"href":"https:\/\/saxsim.ee\/swp\/wp-json\/wp\/v2\/product\/5919"}],"collection":[{"href":"https:\/\/saxsim.ee\/swp\/wp-json\/wp\/v2\/product"}],"about":[{"href":"https:\/\/saxsim.ee\/swp\/wp-json\/wp\/v2\/types\/product"}],"replies":[{"embeddable":true,"href":"https:\/\/saxsim.ee\/swp\/wp-json\/wp\/v2\/comments?post=5919"}],"wp:featuredmedia":[{"embeddable":true,"href":"https:\/\/saxsim.ee\/swp\/wp-json\/wp\/v2\/media\/5920"}],"wp:attachment":[{"href":"https:\/\/saxsim.ee\/swp\/wp-json\/wp\/v2\/media?parent=5919"}],"wp:term":[{"taxonomy":"product_cat","embeddable":true,"href":"https:\/\/saxsim.ee\/swp\/wp-json\/wp\/v2\/product_cat?post=5919"},{"taxonomy":"product_tag","embeddable":true,"href":"https:\/\/saxsim.ee\/swp\/wp-json\/wp\/v2\/product_tag?post=5919"}],"curies":[{"name":"wp","href":"https:\/\/api.w.org\/{rel}","templated":true}]}}