{"id":5899,"date":"2019-02-20T08:27:41","date_gmt":"2019-02-20T06:27:41","guid":{"rendered":"https:\/\/www.saxsim.ee\/?post_type=product&#038;p=5899"},"modified":"2024-01-10T09:47:11","modified_gmt":"2024-01-10T07:47:11","slug":"nose-and-ear-trimmer-ultron-ninakorva-trimmer","status":"publish","type":"product","link":"https:\/\/saxsim.ee\/swp\/product\/nose-and-ear-trimmer-ultron-ninakorva-trimmer\/","title":{"rendered":"Nose and Ear Trimmer, Ultron &#8211; nina\/k\u00f5rva trimmer"},"content":{"rendered":"<p>AA &#8211; t\u00fc\u00fcpi patareil t\u00f6\u00f6tav nina\/k\u00f5rva trimmer, millel on 2 erinevat l\u00f5iketera. V\u00f5imaldab eemaldada karvad ninast ja k\u00f5rvadest, ning korrigeerida kulmu- ja habemejoont.<\/p>\n<p><strong>Komplektis:<\/strong><\/p>\n<p>2 erinevat l\u00f5iketera ( \u00fcmar ja 5 mm lapik )<\/p>\n<p>puhastushari<\/p>\n<p>&nbsp;<\/p>\n<p>&nbsp;<\/p>\n<p>&nbsp;<\/p>\n","protected":false},"excerpt":{"rendered":"<p>AA &#8211; t\u00fc\u00fcpi patareil t\u00f6\u00f6tav nina\/k\u00f5rva trimmer, millel on 2 erinevat l\u00f5iketera. V\u00f5imaldab eemaldada karvad ninast ja k\u00f5rvadest, ning korrigeerida kulmu- ja habemejoont. Komplektis: 2 erinevat l\u00f5iketera ( \u00fcmar ja 5 mm lapik ) puhastushari &nbsp; &nbsp; &nbsp;<\/p>\n","protected":false},"featured_media":5901,"comment_status":"closed","ping_status":"closed","template":"","meta":[],"product_cat":[733,401,280,286,284],"product_tag":[],"class_list":{"0":"post-5899","1":"product","2":"type-product","3":"status-publish","4":"has-post-thumbnail","6":"product_cat-ultron","7":"product_cat-juuksuri-tarvikud","8":"product_cat-elektrilised-toovahendid","9":"product_cat-loikusmasinad-ja-trimmerid","10":"product_cat-reisimiseks","12":"first","13":"instock","14":"taxable","15":"shipping-taxable","16":"purchasable","17":"product-type-simple"},"_links":{"self":[{"href":"https:\/\/saxsim.ee\/swp\/wp-json\/wp\/v2\/product\/5899"}],"collection":[{"href":"https:\/\/saxsim.ee\/swp\/wp-json\/wp\/v2\/product"}],"about":[{"href":"https:\/\/saxsim.ee\/swp\/wp-json\/wp\/v2\/types\/product"}],"replies":[{"embeddable":true,"href":"https:\/\/saxsim.ee\/swp\/wp-json\/wp\/v2\/comments?post=5899"}],"wp:featuredmedia":[{"embeddable":true,"href":"https:\/\/saxsim.ee\/swp\/wp-json\/wp\/v2\/media\/5901"}],"wp:attachment":[{"href":"https:\/\/saxsim.ee\/swp\/wp-json\/wp\/v2\/media?parent=5899"}],"wp:term":[{"taxonomy":"product_cat","embeddable":true,"href":"https:\/\/saxsim.ee\/swp\/wp-json\/wp\/v2\/product_cat?post=5899"},{"taxonomy":"product_tag","embeddable":true,"href":"https:\/\/saxsim.ee\/swp\/wp-json\/wp\/v2\/product_tag?post=5899"}],"curies":[{"name":"wp","href":"https:\/\/api.w.org\/{rel}","templated":true}]}}