{"id":5893,"date":"2019-02-19T20:06:46","date_gmt":"2019-02-19T18:06:46","guid":{"rendered":"https:\/\/www.saxsim.ee\/?post_type=product&#038;p=5893"},"modified":"2019-02-19T20:22:05","modified_gmt":"2019-02-19T18:22:05","slug":"telescopic-handle-teleskoop-harjavars","status":"publish","type":"product","link":"https:\/\/saxsim.ee\/swp\/product\/telescopic-handle-teleskoop-harjavars\/","title":{"rendered":"Telescopic Handle &#8211; teleskoop harjavars"},"content":{"rendered":"<p>Plastikust teleskoop harjavars kummist p\u00f5randaharjale. V\u00f5imaldab s\u00e4ttida endale sobiva harjavarre pikkuse.<\/p>\n<p>V\u00e4rvus: sinine<\/p>\n<p>Reguleeritav: 87 &#8211; 151 cm.<\/p>\n<p>Keerme l\u00e4bim\u00f5\u00f5t: 2,4 cm.<\/p>\n<p>&nbsp;<\/p>\n<p>&nbsp;<\/p>\n<p>&nbsp;<\/p>\n<p>&nbsp;<\/p>\n","protected":false},"excerpt":{"rendered":"<p>Plastikust teleskoop harjavars kummist p\u00f5randaharjale. V\u00f5imaldab s\u00e4ttida endale sobiva harjavarre pikkuse. V\u00e4rvus: sinine Reguleeritav: 87 &#8211; 151 cm. Keerme l\u00e4bim\u00f5\u00f5t: 2,4 cm. &nbsp; &nbsp; &nbsp; &nbsp;<\/p>\n","protected":false},"featured_media":5894,"comment_status":"closed","ping_status":"closed","template":"","meta":[],"product_cat":[577,600,401,599],"product_tag":[],"class_list":{"0":"post-5893","1":"product","2":"type-product","3":"status-publish","4":"has-post-thumbnail","6":"product_cat-iluteenindaja-tarvikud","7":"product_cat-puhastus-ja-desinfektsioonivahendid-iluteenindaja-tarvikud","8":"product_cat-juuksuri-tarvikud","9":"product_cat-puhastus-ja-desinfektsioonivahendid","11":"first","12":"instock","13":"taxable","14":"shipping-taxable","15":"purchasable","16":"product-type-simple"},"_links":{"self":[{"href":"https:\/\/saxsim.ee\/swp\/wp-json\/wp\/v2\/product\/5893"}],"collection":[{"href":"https:\/\/saxsim.ee\/swp\/wp-json\/wp\/v2\/product"}],"about":[{"href":"https:\/\/saxsim.ee\/swp\/wp-json\/wp\/v2\/types\/product"}],"replies":[{"embeddable":true,"href":"https:\/\/saxsim.ee\/swp\/wp-json\/wp\/v2\/comments?post=5893"}],"wp:featuredmedia":[{"embeddable":true,"href":"https:\/\/saxsim.ee\/swp\/wp-json\/wp\/v2\/media\/5894"}],"wp:attachment":[{"href":"https:\/\/saxsim.ee\/swp\/wp-json\/wp\/v2\/media?parent=5893"}],"wp:term":[{"taxonomy":"product_cat","embeddable":true,"href":"https:\/\/saxsim.ee\/swp\/wp-json\/wp\/v2\/product_cat?post=5893"},{"taxonomy":"product_tag","embeddable":true,"href":"https:\/\/saxsim.ee\/swp\/wp-json\/wp\/v2\/product_tag?post=5893"}],"curies":[{"name":"wp","href":"https:\/\/api.w.org\/{rel}","templated":true}]}}