{"id":5882,"date":"2019-02-19T18:51:14","date_gmt":"2019-02-19T16:51:14","guid":{"rendered":"https:\/\/www.saxsim.ee\/?post_type=product&#038;p=5882"},"modified":"2019-02-19T19:14:01","modified_gmt":"2019-02-19T17:14:01","slug":"silicone-dye-brush-silikoonist-varvi%c2%adpint%c2%adsel-15-mm","status":"publish","type":"product","link":"https:\/\/saxsim.ee\/swp\/product\/silicone-dye-brush-silikoonist-varvi%c2%adpint%c2%adsel-15-mm\/","title":{"rendered":"Silicone Dye Brush &#8211; silikoonist v\u00e4rvi\u00adpint\u00adsel 15 mm."},"content":{"rendered":"<p>15 mm. laiune, silikoonist, professionaalne v\u00e4rvipintsel.<\/p>\n<p>Silikoonist pintslit on kerge puhastada, temaga saab lihtsamalt ja kiiremini v\u00e4rvisegu juustesse kanda, ning temaga v\u00f5ib s\u00e4\u00e4sta isegi 1\/2 v\u00e4rvimassist.<\/p>\n<p>&nbsp;<\/p>\n<p>&nbsp;<\/p>\n<p>&nbsp;<\/p>\n","protected":false},"excerpt":{"rendered":"<p>15 mm. laiune, silikoonist, professionaalne v\u00e4rvipintsel. Silikoonist pintslit on kerge puhastada, temaga saab lihtsamalt ja kiiremini v\u00e4rvisegu juustesse kanda, ning temaga v\u00f5ib s\u00e4\u00e4sta isegi 1\/2 v\u00e4rvimassist. &nbsp; &nbsp; &nbsp;<\/p>\n","protected":false},"featured_media":5883,"comment_status":"closed","ping_status":"closed","template":"","meta":[],"product_cat":[401,176,287],"product_tag":[],"class_list":{"0":"post-5882","1":"product","2":"type-product","3":"status-publish","4":"has-post-thumbnail","6":"product_cat-juuksuri-tarvikud","7":"product_cat-varvitarvikud","8":"product_cat-varvipintslid","10":"first","11":"instock","12":"taxable","13":"shipping-taxable","14":"purchasable","15":"product-type-simple"},"_links":{"self":[{"href":"https:\/\/saxsim.ee\/swp\/wp-json\/wp\/v2\/product\/5882"}],"collection":[{"href":"https:\/\/saxsim.ee\/swp\/wp-json\/wp\/v2\/product"}],"about":[{"href":"https:\/\/saxsim.ee\/swp\/wp-json\/wp\/v2\/types\/product"}],"replies":[{"embeddable":true,"href":"https:\/\/saxsim.ee\/swp\/wp-json\/wp\/v2\/comments?post=5882"}],"wp:featuredmedia":[{"embeddable":true,"href":"https:\/\/saxsim.ee\/swp\/wp-json\/wp\/v2\/media\/5883"}],"wp:attachment":[{"href":"https:\/\/saxsim.ee\/swp\/wp-json\/wp\/v2\/media?parent=5882"}],"wp:term":[{"taxonomy":"product_cat","embeddable":true,"href":"https:\/\/saxsim.ee\/swp\/wp-json\/wp\/v2\/product_cat?post=5882"},{"taxonomy":"product_tag","embeddable":true,"href":"https:\/\/saxsim.ee\/swp\/wp-json\/wp\/v2\/product_tag?post=5882"}],"curies":[{"name":"wp","href":"https:\/\/api.w.org\/{rel}","templated":true}]}}