{"id":5858,"date":"2019-02-19T11:47:02","date_gmt":"2019-02-19T09:47:02","guid":{"rendered":"https:\/\/www.saxsim.ee\/?post_type=product&#038;p=5858"},"modified":"2019-02-19T12:00:54","modified_gmt":"2019-02-19T10:00:54","slug":"plastic-tray-for-equipment-desinfektsioonianum","status":"publish","type":"product","link":"https:\/\/saxsim.ee\/swp\/product\/plastic-tray-for-equipment-desinfektsioonianum\/","title":{"rendered":"Plastic Tray For Equipment &#8211; desinfektsioonianum"},"content":{"rendered":"<p>Plastikust desinfektsioonianum t\u00f6\u00f6vahendite desinfitseerimiseks.<\/p>\n<p>Anuma k\u00f5rgus &#8211; 12 cm.<\/p>\n<p>Anuma laius &#8211; 22,5 cm.<\/p>\n<p>&nbsp;<\/p>\n<p>&nbsp;<\/p>\n<p>&nbsp;<\/p>\n<p>&nbsp;<\/p>\n<p>&nbsp;<\/p>\n","protected":false},"excerpt":{"rendered":"<p>Plastikust desinfektsioonianum t\u00f6\u00f6vahendite desinfitseerimiseks. Anuma k\u00f5rgus &#8211; 12 cm. Anuma laius &#8211; 22,5 cm. &nbsp; &nbsp; &nbsp; &nbsp; &nbsp;<\/p>\n","protected":false},"featured_media":5859,"comment_status":"closed","ping_status":"closed","template":"","meta":[],"product_cat":[577,600,401,599],"product_tag":[],"class_list":{"0":"post-5858","1":"product","2":"type-product","3":"status-publish","4":"has-post-thumbnail","6":"product_cat-iluteenindaja-tarvikud","7":"product_cat-puhastus-ja-desinfektsioonivahendid-iluteenindaja-tarvikud","8":"product_cat-juuksuri-tarvikud","9":"product_cat-puhastus-ja-desinfektsioonivahendid","11":"first","12":"instock","13":"taxable","14":"shipping-taxable","15":"purchasable","16":"product-type-simple"},"_links":{"self":[{"href":"https:\/\/saxsim.ee\/swp\/wp-json\/wp\/v2\/product\/5858"}],"collection":[{"href":"https:\/\/saxsim.ee\/swp\/wp-json\/wp\/v2\/product"}],"about":[{"href":"https:\/\/saxsim.ee\/swp\/wp-json\/wp\/v2\/types\/product"}],"replies":[{"embeddable":true,"href":"https:\/\/saxsim.ee\/swp\/wp-json\/wp\/v2\/comments?post=5858"}],"wp:featuredmedia":[{"embeddable":true,"href":"https:\/\/saxsim.ee\/swp\/wp-json\/wp\/v2\/media\/5859"}],"wp:attachment":[{"href":"https:\/\/saxsim.ee\/swp\/wp-json\/wp\/v2\/media?parent=5858"}],"wp:term":[{"taxonomy":"product_cat","embeddable":true,"href":"https:\/\/saxsim.ee\/swp\/wp-json\/wp\/v2\/product_cat?post=5858"},{"taxonomy":"product_tag","embeddable":true,"href":"https:\/\/saxsim.ee\/swp\/wp-json\/wp\/v2\/product_tag?post=5858"}],"curies":[{"name":"wp","href":"https:\/\/api.w.org\/{rel}","templated":true}]}}