{"id":5761,"date":"2019-02-03T20:11:02","date_gmt":"2019-02-03T18:11:02","guid":{"rendered":"https:\/\/www.saxsim.ee\/?post_type=product&#038;p=5761"},"modified":"2023-03-12T10:19:59","modified_gmt":"2023-03-12T08:19:59","slug":"barber-cape-loikuslina","status":"publish","type":"product","link":"https:\/\/saxsim.ee\/swp\/product\/barber-cape-loikuslina\/","title":{"rendered":"Barber Cape &#8211; l\u00f5ikuslina"},"content":{"rendered":"<p>Suurus &#8211; 120*135 cm.<\/p>\n<p>Kinnitus &#8211; haakidega, elastne kaelus<\/p>\n<p>Kaeluse max. \u00fcmberm\u00f5\u00f5t \u2013 68 cm.<\/p>\n<p>Materjal &#8211; 80% pol\u00fcester, 20% <span class=\"tlid-translation translation\"><span class=\"\" title=\"\">puuvill<\/span><\/span><\/p>\n<p>K\u00e4eavadeta<\/p>\n<p><strong>Hooldus:<\/strong><\/p>\n<p>masinpesu madalal temperatuuril<\/p>\n<p>kuivatada soovitavalt n\u00f6\u00f6ril. Trummelkuivatus ainult madalatel p\u00f6\u00f6retel!<\/p>\n<p>pesemisel \u00e4rge kunagi kasutage vedelaid valgendusvahendeid!<\/p>\n<p>&nbsp;<\/p>\n","protected":false},"excerpt":{"rendered":"<p>Suurus &#8211; 120*135 cm. Kinnitus &#8211; haakidega, elastne kaelus Kaeluse max. \u00fcmberm\u00f5\u00f5t \u2013 68 cm. Materjal &#8211; 80% pol\u00fcester, 20% puuvill K\u00e4eavadeta Hooldus: masinpesu madalal temperatuuril kuivatada soovitavalt n\u00f6\u00f6ril. Trummelkuivatus ainult madalatel p\u00f6\u00f6retel! pesemisel \u00e4rge kunagi kasutage vedelaid valgendusvahendeid! &nbsp;<\/p>\n","protected":false},"featured_media":5765,"comment_status":"closed","ping_status":"closed","template":"","meta":[],"product_cat":[401,296],"product_tag":[],"class_list":{"0":"post-5761","1":"product","2":"type-product","3":"status-publish","4":"has-post-thumbnail","6":"product_cat-juuksuri-tarvikud","7":"product_cat-loikus-ja-varvilinad","9":"first","10":"instock","11":"taxable","12":"shipping-taxable","13":"purchasable","14":"product-type-simple"},"_links":{"self":[{"href":"https:\/\/saxsim.ee\/swp\/wp-json\/wp\/v2\/product\/5761"}],"collection":[{"href":"https:\/\/saxsim.ee\/swp\/wp-json\/wp\/v2\/product"}],"about":[{"href":"https:\/\/saxsim.ee\/swp\/wp-json\/wp\/v2\/types\/product"}],"replies":[{"embeddable":true,"href":"https:\/\/saxsim.ee\/swp\/wp-json\/wp\/v2\/comments?post=5761"}],"wp:featuredmedia":[{"embeddable":true,"href":"https:\/\/saxsim.ee\/swp\/wp-json\/wp\/v2\/media\/5765"}],"wp:attachment":[{"href":"https:\/\/saxsim.ee\/swp\/wp-json\/wp\/v2\/media?parent=5761"}],"wp:term":[{"taxonomy":"product_cat","embeddable":true,"href":"https:\/\/saxsim.ee\/swp\/wp-json\/wp\/v2\/product_cat?post=5761"},{"taxonomy":"product_tag","embeddable":true,"href":"https:\/\/saxsim.ee\/swp\/wp-json\/wp\/v2\/product_tag?post=5761"}],"curies":[{"name":"wp","href":"https:\/\/api.w.org\/{rel}","templated":true}]}}