{"id":5709,"date":"2019-01-28T18:44:22","date_gmt":"2019-01-28T16:44:22","guid":{"rendered":"https:\/\/www.saxsim.ee\/?post_type=product&#038;p=5709"},"modified":"2025-10-01T12:56:39","modified_gmt":"2025-10-01T09:56:39","slug":"moser-chrom2style-1877-loikusmasin","status":"publish","type":"product","link":"https:\/\/saxsim.ee\/swp\/product\/moser-chrom2style-1877-loikusmasin\/","title":{"rendered":"Moser Chrom2Style 1877 &#8211; l\u00f5ikusmasin"},"content":{"rendered":"<p><span class=\"tlid-translation translation\"><span class=\"\" title=\"\">Moser Chrom2Style on vaikne, juhtme\/juhtmeta, juuksel\u00f5ikusmasin professionaalseks kasutamiseks.<\/span> <span title=\"\">V\u00f5imas, mikrokiibiga juhitud mootor, teeb masina v\u00e4ga t\u00f5husaks. Tera l<\/span><span class=\"\" title=\"\">\u00f5ikab usaldusv\u00e4\u00e4rselt, t\u00e4pselt ja \u00fchtlaselt.<\/span> <span title=\"\">Masin on ergonoomiliselt kujundatud ja h\u00e4sti k\u00e4ep\u00e4rane.<\/span> <span class=\"\" title=\"\">Li-Ion akud on kiire laadimisega ja neid saab t\u00e4islaadimisel kasutada kuni 120 minutit.<\/span> <span title=\"\">Kiire tera vahetamine ja puhastamine.<\/span><br \/>\n<\/span><\/p>\n<p><strong>Tehnilised andmed:<\/strong><\/p>\n<p>aku: Li-Ion<\/p>\n<p>mootor: DC<\/p>\n<p>laadija: Adapter 6000<\/p>\n<p>nergiatarve: max. 12 W<\/p>\n<p><span title=\"\">t\u00f6\u00f6pinge<\/span>: 100\u2013240 V, 50\u201360 Hz<\/p>\n<p>m\u00f5\u00f5tmed: 178*48*51 mm.<\/p>\n<p>akutoitel t\u00f6\u00f6tab &#8211; 120 min.<br \/>\naku laadimisaeg &#8211; 80 min.<\/p>\n<p>m\u00fcratase: max. 63 dB(A) @ 25 cm.<\/p>\n<p>vibratsioon: &lt; 2,5 m\/s2<\/p>\n<p>l\u00f5iketera pikkuse reguleerimine ( 0,5 &#8211; 2,0 mm. )<\/p>\n<p>kaal &#8211; 275 g.<\/p>\n<p>juhe &#8211; \u00a0m.<\/p>\n<p><strong>Komplektis:<\/strong><\/p>\n<p>1 Diamond Blade ( laius &#8211; 46 mm. )<\/p>\n<p>6 erinevat l\u00f5ikustalda ( 1,5 mm.\/3 mm.\/4,5 mm.\/6 mm.\/9 mm.\/12 mm. )<\/p>\n<p>6 erinevat metalltalda ( 1,5 mm.\/3 mm.\/4,5 mm.\/6 mm.\/10 mm.\/13 mm. )<\/p>\n<p>laadimisalus koos juhtmega<\/p>\n<p>puhastushari<\/p>\n<p>masina\u00f5li<\/p>\n","protected":false},"excerpt":{"rendered":"<p>Moser Chrom2Style on vaikne, juhtme\/juhtmeta, juuksel\u00f5ikusmasin professionaalseks kasutamiseks. V\u00f5imas, mikrokiibiga juhitud mootor, teeb masina v\u00e4ga t\u00f5husaks. Tera l\u00f5ikab usaldusv\u00e4\u00e4rselt, t\u00e4pselt ja \u00fchtlaselt. Masin on ergonoomiliselt kujundatud ja h\u00e4sti k\u00e4ep\u00e4rane. Li-Ion akud on kiire laadimisega ja neid saab t\u00e4islaadimisel kasutada kuni 120 minutit. Kiire tera vahetamine ja puhastamine. Tehnilised andmed: aku: Li-Ion mootor: DC laadija: Adapter [&hellip;]<\/p>\n","protected":false},"featured_media":5710,"comment_status":"closed","ping_status":"closed","template":"","meta":[],"product_cat":[668,401,280,286],"product_tag":[],"class_list":{"0":"post-5709","1":"product","2":"type-product","3":"status-publish","4":"has-post-thumbnail","6":"product_cat-moser","7":"product_cat-juuksuri-tarvikud","8":"product_cat-elektrilised-toovahendid","9":"product_cat-loikusmasinad-ja-trimmerid","11":"first","12":"outofstock","13":"taxable","14":"shipping-taxable","15":"purchasable","16":"product-type-simple"},"_links":{"self":[{"href":"https:\/\/saxsim.ee\/swp\/wp-json\/wp\/v2\/product\/5709"}],"collection":[{"href":"https:\/\/saxsim.ee\/swp\/wp-json\/wp\/v2\/product"}],"about":[{"href":"https:\/\/saxsim.ee\/swp\/wp-json\/wp\/v2\/types\/product"}],"replies":[{"embeddable":true,"href":"https:\/\/saxsim.ee\/swp\/wp-json\/wp\/v2\/comments?post=5709"}],"wp:featuredmedia":[{"embeddable":true,"href":"https:\/\/saxsim.ee\/swp\/wp-json\/wp\/v2\/media\/5710"}],"wp:attachment":[{"href":"https:\/\/saxsim.ee\/swp\/wp-json\/wp\/v2\/media?parent=5709"}],"wp:term":[{"taxonomy":"product_cat","embeddable":true,"href":"https:\/\/saxsim.ee\/swp\/wp-json\/wp\/v2\/product_cat?post=5709"},{"taxonomy":"product_tag","embeddable":true,"href":"https:\/\/saxsim.ee\/swp\/wp-json\/wp\/v2\/product_tag?post=5709"}],"curies":[{"name":"wp","href":"https:\/\/api.w.org\/{rel}","templated":true}]}}