{"id":5686,"date":"2019-01-21T17:31:17","date_gmt":"2019-01-21T15:31:17","guid":{"rendered":"https:\/\/www.saxsim.ee\/?post_type=product&#038;p=5686"},"modified":"2024-02-23T09:03:15","modified_gmt":"2024-02-23T07:03:15","slug":"kretzer-classic-style-l50-left-50-vasakukaeliste-loikuskaarid","status":"publish","type":"product","link":"https:\/\/saxsim.ee\/swp\/product\/kretzer-classic-style-l50-left-50-vasakukaeliste-loikuskaarid\/","title":{"rendered":"Kretzer Classic Style L50, LEFT 5,0&#8243; &#8211; vasakuk\u00e4eliste l\u00f5ikusk\u00e4\u00e4rid"},"content":{"rendered":"<p>AINULT VASAKUK\u00c4ELISTELE m\u00f5eldud l\u00f5ikusk\u00e4\u00e4rid.<\/p>\n<p>Tootja: Kretzer Scheren GmbH, Saksamaa<\/p>\n","protected":false},"excerpt":{"rendered":"<p>AINULT VASAKUK\u00c4ELISTELE m\u00f5eldud l\u00f5ikusk\u00e4\u00e4rid. Tootja: Kretzer Scheren GmbH, Saksamaa<\/p>\n","protected":false},"featured_media":5833,"comment_status":"closed","ping_status":"closed","template":"","meta":[],"product_cat":[401,174,740],"product_tag":[],"class_list":{"0":"post-5686","1":"product","2":"type-product","3":"status-publish","4":"has-post-thumbnail","6":"product_cat-juuksuri-tarvikud","7":"product_cat-kaarid","8":"product_cat-vasakukaeliste-kaarid","10":"first","11":"instock","12":"taxable","13":"shipping-taxable","14":"purchasable","15":"product-type-simple"},"_links":{"self":[{"href":"https:\/\/saxsim.ee\/swp\/wp-json\/wp\/v2\/product\/5686"}],"collection":[{"href":"https:\/\/saxsim.ee\/swp\/wp-json\/wp\/v2\/product"}],"about":[{"href":"https:\/\/saxsim.ee\/swp\/wp-json\/wp\/v2\/types\/product"}],"replies":[{"embeddable":true,"href":"https:\/\/saxsim.ee\/swp\/wp-json\/wp\/v2\/comments?post=5686"}],"wp:featuredmedia":[{"embeddable":true,"href":"https:\/\/saxsim.ee\/swp\/wp-json\/wp\/v2\/media\/5833"}],"wp:attachment":[{"href":"https:\/\/saxsim.ee\/swp\/wp-json\/wp\/v2\/media?parent=5686"}],"wp:term":[{"taxonomy":"product_cat","embeddable":true,"href":"https:\/\/saxsim.ee\/swp\/wp-json\/wp\/v2\/product_cat?post=5686"},{"taxonomy":"product_tag","embeddable":true,"href":"https:\/\/saxsim.ee\/swp\/wp-json\/wp\/v2\/product_tag?post=5686"}],"curies":[{"name":"wp","href":"https:\/\/api.w.org\/{rel}","templated":true}]}}