{"id":5669,"date":"2019-01-19T12:49:45","date_gmt":"2019-01-19T10:49:45","guid":{"rendered":"https:\/\/www.saxsim.ee\/?post_type=product&#038;p=5669"},"modified":"2024-02-04T10:29:07","modified_gmt":"2024-02-04T08:29:07","slug":"aura-razor-kit-tattoopliiatsi-komplekt","status":"publish","type":"product","link":"https:\/\/saxsim.ee\/swp\/product\/aura-razor-kit-tattoopliiatsi-komplekt\/","title":{"rendered":"Aura Razor Kit &#8211; tattoopliiatsi komplekt"},"content":{"rendered":"<p><span class=\"tlid-translation translation\"><span title=\"\">Praktiline raseerimisvahend juuste, habeme, vuntside ja kulmude kujundamiseks.<\/span> <span class=\"\" title=\"\">Pliiats sobib ideaalselt juustesse mustrite loomiseks.<\/span><\/span><\/p>\n<p>Komplekt &#8211; pliiats + 5 tera<\/p>\n<p>\u017diletiterad on eraldi m\u00fc\u00fcgis.<\/p>\n<p>&nbsp;<\/p>\n","protected":false},"excerpt":{"rendered":"<p>Praktiline raseerimisvahend juuste, habeme, vuntside ja kulmude kujundamiseks. Pliiats sobib ideaalselt juustesse mustrite loomiseks. Komplekt &#8211; pliiats + 5 tera \u017diletiterad on eraldi m\u00fc\u00fcgis. &nbsp;<\/p>\n","protected":false},"featured_media":5670,"comment_status":"closed","ping_status":"closed","template":"","meta":[],"product_cat":[708,401,337],"product_tag":[],"class_list":{"0":"post-5669","1":"product","2":"type-product","3":"status-publish","4":"has-post-thumbnail","6":"product_cat-aura","7":"product_cat-juuksuri-tarvikud","8":"product_cat-loikusnoad-ja-noaterad","10":"first","11":"instock","12":"taxable","13":"shipping-taxable","14":"purchasable","15":"product-type-simple"},"_links":{"self":[{"href":"https:\/\/saxsim.ee\/swp\/wp-json\/wp\/v2\/product\/5669"}],"collection":[{"href":"https:\/\/saxsim.ee\/swp\/wp-json\/wp\/v2\/product"}],"about":[{"href":"https:\/\/saxsim.ee\/swp\/wp-json\/wp\/v2\/types\/product"}],"replies":[{"embeddable":true,"href":"https:\/\/saxsim.ee\/swp\/wp-json\/wp\/v2\/comments?post=5669"}],"wp:featuredmedia":[{"embeddable":true,"href":"https:\/\/saxsim.ee\/swp\/wp-json\/wp\/v2\/media\/5670"}],"wp:attachment":[{"href":"https:\/\/saxsim.ee\/swp\/wp-json\/wp\/v2\/media?parent=5669"}],"wp:term":[{"taxonomy":"product_cat","embeddable":true,"href":"https:\/\/saxsim.ee\/swp\/wp-json\/wp\/v2\/product_cat?post=5669"},{"taxonomy":"product_tag","embeddable":true,"href":"https:\/\/saxsim.ee\/swp\/wp-json\/wp\/v2\/product_tag?post=5669"}],"curies":[{"name":"wp","href":"https:\/\/api.w.org\/{rel}","templated":true}]}}