{"id":5621,"date":"2019-01-10T18:38:35","date_gmt":"2019-01-10T16:38:35","guid":{"rendered":"https:\/\/www.saxsim.ee\/?post_type=product&#038;p=5621"},"modified":"2023-01-13T09:29:19","modified_gmt":"2023-01-13T07:29:19","slug":"wash-unit-gustav-peapesutool","status":"publish","type":"product","link":"https:\/\/saxsim.ee\/swp\/product\/wash-unit-gustav-peapesutool\/","title":{"rendered":"Wash Unit &#8220;Gustav&#8221; &#8211; peapesutool"},"content":{"rendered":"<p>Musta kraanikausiga peapesutool.<\/p>\n<p>Pesukohal on kallutatav valamu, segisti ja kaelakaitsega.<\/p>\n<p><span class=\"tlid-translation translation\"><span class=\"\" title=\"\">Fikseeritud seljatugi.<\/span><\/span><\/p>\n<p><span class=\"tlid-translation translation\"><span class=\"\" title=\"\">Reguleeritav jalatugi, veelgi mugavamaks istumiseks.<\/span><\/span><\/p>\n<p><span class=\"tlid-translation translation\"><span class=\"\" title=\"\">Vett saab \u00fchendada k\u00fcljelt v\u00f5i altpoolt.<\/span><\/span><\/p>\n<p>K\u00f5rgus &#8211; 97 cm.<\/p>\n<p>Laius &#8211; 60 cm.<\/p>\n<p>S\u00fcgavus &#8211; 102 cm. + 38 cm. \u00fclest\u00f5stetud jalatoega<\/p>\n<p>&nbsp;<\/p>\n<p>&nbsp;<\/p>\n","protected":false},"excerpt":{"rendered":"<p>Musta kraanikausiga peapesutool. Pesukohal on kallutatav valamu, segisti ja kaelakaitsega. Fikseeritud seljatugi. Reguleeritav jalatugi, veelgi mugavamaks istumiseks. Vett saab \u00fchendada k\u00fcljelt v\u00f5i altpoolt. K\u00f5rgus &#8211; 97 cm. Laius &#8211; 60 cm. S\u00fcgavus &#8211; 102 cm. + 38 cm. \u00fclest\u00f5stetud jalatoega &nbsp; &nbsp;<\/p>\n","protected":false},"featured_media":5622,"comment_status":"closed","ping_status":"closed","template":"","meta":[],"product_cat":[325,375,401],"product_tag":[],"class_list":{"0":"post-5621","1":"product","2":"type-product","3":"status-publish","4":"has-post-thumbnail","6":"product_cat-juuksuri-ja-ilusalongi-sisustus","7":"product_cat-pesukohad","8":"product_cat-juuksuri-tarvikud","10":"first","11":"instock","12":"taxable","13":"shipping-taxable","14":"purchasable","15":"product-type-simple"},"_links":{"self":[{"href":"https:\/\/saxsim.ee\/swp\/wp-json\/wp\/v2\/product\/5621"}],"collection":[{"href":"https:\/\/saxsim.ee\/swp\/wp-json\/wp\/v2\/product"}],"about":[{"href":"https:\/\/saxsim.ee\/swp\/wp-json\/wp\/v2\/types\/product"}],"replies":[{"embeddable":true,"href":"https:\/\/saxsim.ee\/swp\/wp-json\/wp\/v2\/comments?post=5621"}],"wp:featuredmedia":[{"embeddable":true,"href":"https:\/\/saxsim.ee\/swp\/wp-json\/wp\/v2\/media\/5622"}],"wp:attachment":[{"href":"https:\/\/saxsim.ee\/swp\/wp-json\/wp\/v2\/media?parent=5621"}],"wp:term":[{"taxonomy":"product_cat","embeddable":true,"href":"https:\/\/saxsim.ee\/swp\/wp-json\/wp\/v2\/product_cat?post=5621"},{"taxonomy":"product_tag","embeddable":true,"href":"https:\/\/saxsim.ee\/swp\/wp-json\/wp\/v2\/product_tag?post=5621"}],"curies":[{"name":"wp","href":"https:\/\/api.w.org\/{rel}","templated":true}]}}