{"id":5386,"date":"2018-12-19T21:45:46","date_gmt":"2018-12-19T19:45:46","guid":{"rendered":"https:\/\/www.saxsim.ee\/?post_type=product&#038;p=5386"},"modified":"2022-01-04T08:47:23","modified_gmt":"2022-01-04T06:47:23","slug":"towel-4190-cm-ratik-pressitud-sim-logoga","status":"publish","type":"product","link":"https:\/\/saxsim.ee\/swp\/product\/towel-4190-cm-ratik-pressitud-sim-logoga\/","title":{"rendered":"Towel 41*90 cm. &#8211; r\u00e4tik, pressitud SIM logoga"},"content":{"rendered":"<p>&nbsp;<\/p>\n<p>Pehme, vett h\u00e4sti imav r\u00e4tik.<\/p>\n<p><span class=\"tlid-translation translation\"><span title=\"\">R\u00e4tikule on pressitud Sim logo.<\/span><\/span><\/p>\n<p><span class=\"\" title=\"\">Suurus &#8211; 41 x 90 cm.<\/span><\/p>\n<p>&nbsp;<\/p>\n","protected":false},"excerpt":{"rendered":"<p>&nbsp; Pehme, vett h\u00e4sti imav r\u00e4tik. R\u00e4tikule on pressitud Sim logo. Suurus &#8211; 41 x 90 cm. &nbsp;<\/p>\n","protected":false},"featured_media":5387,"comment_status":"closed","ping_status":"closed","template":"","meta":[],"product_cat":[577,401,329],"product_tag":[],"class_list":{"0":"post-5386","1":"product","2":"type-product","3":"status-publish","4":"has-post-thumbnail","6":"product_cat-iluteenindaja-tarvikud","7":"product_cat-juuksuri-tarvikud","8":"product_cat-ratikud","10":"first","11":"outofstock","12":"taxable","13":"shipping-taxable","14":"purchasable","15":"product-type-simple"},"_links":{"self":[{"href":"https:\/\/saxsim.ee\/swp\/wp-json\/wp\/v2\/product\/5386"}],"collection":[{"href":"https:\/\/saxsim.ee\/swp\/wp-json\/wp\/v2\/product"}],"about":[{"href":"https:\/\/saxsim.ee\/swp\/wp-json\/wp\/v2\/types\/product"}],"replies":[{"embeddable":true,"href":"https:\/\/saxsim.ee\/swp\/wp-json\/wp\/v2\/comments?post=5386"}],"wp:featuredmedia":[{"embeddable":true,"href":"https:\/\/saxsim.ee\/swp\/wp-json\/wp\/v2\/media\/5387"}],"wp:attachment":[{"href":"https:\/\/saxsim.ee\/swp\/wp-json\/wp\/v2\/media?parent=5386"}],"wp:term":[{"taxonomy":"product_cat","embeddable":true,"href":"https:\/\/saxsim.ee\/swp\/wp-json\/wp\/v2\/product_cat?post=5386"},{"taxonomy":"product_tag","embeddable":true,"href":"https:\/\/saxsim.ee\/swp\/wp-json\/wp\/v2\/product_tag?post=5386"}],"curies":[{"name":"wp","href":"https:\/\/api.w.org\/{rel}","templated":true}]}}