{"id":5384,"date":"2018-12-19T21:37:27","date_gmt":"2018-12-19T19:37:27","guid":{"rendered":"https:\/\/www.saxsim.ee\/?post_type=product&#038;p=5384"},"modified":"2022-02-08T09:12:41","modified_gmt":"2022-02-08T07:12:41","slug":"towel-395885-cm-ratik-tikitud-sim-logoga","status":"publish","type":"product","link":"https:\/\/saxsim.ee\/swp\/product\/towel-395885-cm-ratik-tikitud-sim-logoga\/","title":{"rendered":"Towel 39,5*88,5 cm. &#8211; r\u00e4tik, tikitud SIM logoga"},"content":{"rendered":"<p>&nbsp;<\/p>\n<p>Pehme, vett h\u00e4sti imav r\u00e4tik.<\/p>\n<p><span class=\"tlid-translation translation\"><span title=\"\">R\u00e4tikule on tikitud punane Sim logo.<\/span><\/span><\/p>\n<p><span class=\"\" title=\"\">Suurus &#8211; 39,5 x 88,5 cm.<\/span><\/p>\n<p>&nbsp;<\/p>\n","protected":false},"excerpt":{"rendered":"<p>&nbsp; Pehme, vett h\u00e4sti imav r\u00e4tik. R\u00e4tikule on tikitud punane Sim logo. Suurus &#8211; 39,5 x 88,5 cm. &nbsp;<\/p>\n","protected":false},"featured_media":5385,"comment_status":"closed","ping_status":"closed","template":"","meta":[],"product_cat":[577,401,329],"product_tag":[],"class_list":{"0":"post-5384","1":"product","2":"type-product","3":"status-publish","4":"has-post-thumbnail","6":"product_cat-iluteenindaja-tarvikud","7":"product_cat-juuksuri-tarvikud","8":"product_cat-ratikud","10":"first","11":"outofstock","12":"taxable","13":"shipping-taxable","14":"purchasable","15":"product-type-simple"},"_links":{"self":[{"href":"https:\/\/saxsim.ee\/swp\/wp-json\/wp\/v2\/product\/5384"}],"collection":[{"href":"https:\/\/saxsim.ee\/swp\/wp-json\/wp\/v2\/product"}],"about":[{"href":"https:\/\/saxsim.ee\/swp\/wp-json\/wp\/v2\/types\/product"}],"replies":[{"embeddable":true,"href":"https:\/\/saxsim.ee\/swp\/wp-json\/wp\/v2\/comments?post=5384"}],"wp:featuredmedia":[{"embeddable":true,"href":"https:\/\/saxsim.ee\/swp\/wp-json\/wp\/v2\/media\/5385"}],"wp:attachment":[{"href":"https:\/\/saxsim.ee\/swp\/wp-json\/wp\/v2\/media?parent=5384"}],"wp:term":[{"taxonomy":"product_cat","embeddable":true,"href":"https:\/\/saxsim.ee\/swp\/wp-json\/wp\/v2\/product_cat?post=5384"},{"taxonomy":"product_tag","embeddable":true,"href":"https:\/\/saxsim.ee\/swp\/wp-json\/wp\/v2\/product_tag?post=5384"}],"curies":[{"name":"wp","href":"https:\/\/api.w.org\/{rel}","templated":true}]}}