{"id":5373,"date":"2018-12-17T10:16:48","date_gmt":"2018-12-17T08:16:48","guid":{"rendered":"https:\/\/www.saxsim.ee\/?post_type=product&#038;p=5373"},"modified":"2024-08-01T12:04:45","modified_gmt":"2024-08-01T09:04:45","slug":"salon-stool-rounder-tootool","status":"publish","type":"product","link":"https:\/\/saxsim.ee\/swp\/product\/salon-stool-rounder-tootool\/","title":{"rendered":"Salon Stool, Rounder &#8211; t\u00f6\u00f6tool"},"content":{"rendered":"<p>T\u00f6\u00f6tool juuksurile v\u00f5i kosmeetikule.<\/p>\n<p>5-haruline alumiiniumjalg,\u00a0\u00f8 60 cm.<\/p>\n<p>reguleeritava k\u00f5rgusega ( 37-56 cm. ) gaasipump<\/p>\n<p>kvaliteetsed kummist rattad<\/p>\n<p>\u00fcmmargune iste, \u00f8 35 cm.<\/p>\n","protected":false},"excerpt":{"rendered":"<p>T\u00f6\u00f6tool juuksurile v\u00f5i kosmeetikule. 5-haruline alumiiniumjalg,\u00a0\u00f8 60 cm. reguleeritava k\u00f5rgusega ( 37-56 cm. ) gaasipump kvaliteetsed kummist rattad \u00fcmmargune iste, \u00f8 35 cm.<\/p>\n","protected":false},"featured_media":5374,"comment_status":"closed","ping_status":"closed","template":"","meta":[],"product_cat":[325,333,400,589,577,401],"product_tag":[],"class_list":{"0":"post-5373","1":"product","2":"type-product","3":"status-publish","4":"has-post-thumbnail","6":"product_cat-juuksuri-ja-ilusalongi-sisustus","7":"product_cat-tootoolid","8":"product_cat-ilusalongi-sisustus","9":"product_cat-tootoolid-ilusalongi-sisustus","10":"product_cat-iluteenindaja-tarvikud","11":"product_cat-juuksuri-tarvikud","13":"first","14":"instock","15":"taxable","16":"shipping-taxable","17":"purchasable","18":"product-type-simple"},"_links":{"self":[{"href":"https:\/\/saxsim.ee\/swp\/wp-json\/wp\/v2\/product\/5373"}],"collection":[{"href":"https:\/\/saxsim.ee\/swp\/wp-json\/wp\/v2\/product"}],"about":[{"href":"https:\/\/saxsim.ee\/swp\/wp-json\/wp\/v2\/types\/product"}],"replies":[{"embeddable":true,"href":"https:\/\/saxsim.ee\/swp\/wp-json\/wp\/v2\/comments?post=5373"}],"wp:featuredmedia":[{"embeddable":true,"href":"https:\/\/saxsim.ee\/swp\/wp-json\/wp\/v2\/media\/5374"}],"wp:attachment":[{"href":"https:\/\/saxsim.ee\/swp\/wp-json\/wp\/v2\/media?parent=5373"}],"wp:term":[{"taxonomy":"product_cat","embeddable":true,"href":"https:\/\/saxsim.ee\/swp\/wp-json\/wp\/v2\/product_cat?post=5373"},{"taxonomy":"product_tag","embeddable":true,"href":"https:\/\/saxsim.ee\/swp\/wp-json\/wp\/v2\/product_tag?post=5373"}],"curies":[{"name":"wp","href":"https:\/\/api.w.org\/{rel}","templated":true}]}}