{"id":5352,"date":"2018-12-10T10:02:02","date_gmt":"2018-12-10T08:02:02","guid":{"rendered":"https:\/\/www.saxsim.ee\/?post_type=product&#038;p=5352"},"modified":"2019-02-03T18:30:58","modified_gmt":"2019-02-03T16:30:58","slug":"cutting-cape-neon-loikuslina-4","status":"publish","type":"product","link":"https:\/\/saxsim.ee\/swp\/product\/cutting-cape-neon-loikuslina-4\/","title":{"rendered":"Cutting Cape, Neon &#8211; l\u00f5ikuslina"},"content":{"rendered":"<p>Suurus &#8211; 145*125 cm.<\/p>\n<p>Kinnitus &#8211; haakidega<\/p>\n<p>Kaeluse max. \u00fcmberm\u00f5\u00f5t &#8211; 58 cm.<\/p>\n<p>Materjal &#8211; <span class=\"tlid-translation translation\"><span title=\"\">100% pol\u00fcester<\/span><\/span>, hingav<\/p>\n<p>K\u00e4eavadeta<\/p>\n<p>V\u00e4rv &#8211; roheline<\/p>\n<p><strong>Hooldus:<\/strong><\/p>\n<p>masinpesu madalal temperatuuril<\/p>\n<p>kuivatada soovitavalt n\u00f6\u00f6ril. Trummelkuivatus ainult madalatel p\u00f6\u00f6retel!<\/p>\n<p>pesemisel \u00e4rge kunagi kasutage vedelaid valgendusvahendeid!<\/p>\n","protected":false},"excerpt":{"rendered":"<p>Suurus &#8211; 145*125 cm. Kinnitus &#8211; haakidega Kaeluse max. \u00fcmberm\u00f5\u00f5t &#8211; 58 cm. Materjal &#8211; 100% pol\u00fcester, hingav K\u00e4eavadeta V\u00e4rv &#8211; roheline Hooldus: masinpesu madalal temperatuuril kuivatada soovitavalt n\u00f6\u00f6ril. Trummelkuivatus ainult madalatel p\u00f6\u00f6retel! pesemisel \u00e4rge kunagi kasutage vedelaid valgendusvahendeid!<\/p>\n","protected":false},"featured_media":5357,"comment_status":"closed","ping_status":"closed","template":"","meta":[],"product_cat":[739,401,296],"product_tag":[],"class_list":{"0":"post-5352","1":"product","2":"type-product","3":"status-publish","4":"has-post-thumbnail","6":"product_cat-trend-design","7":"product_cat-juuksuri-tarvikud","8":"product_cat-loikus-ja-varvilinad","10":"first","11":"instock","12":"taxable","13":"shipping-taxable","14":"purchasable","15":"product-type-simple"},"_links":{"self":[{"href":"https:\/\/saxsim.ee\/swp\/wp-json\/wp\/v2\/product\/5352"}],"collection":[{"href":"https:\/\/saxsim.ee\/swp\/wp-json\/wp\/v2\/product"}],"about":[{"href":"https:\/\/saxsim.ee\/swp\/wp-json\/wp\/v2\/types\/product"}],"replies":[{"embeddable":true,"href":"https:\/\/saxsim.ee\/swp\/wp-json\/wp\/v2\/comments?post=5352"}],"wp:featuredmedia":[{"embeddable":true,"href":"https:\/\/saxsim.ee\/swp\/wp-json\/wp\/v2\/media\/5357"}],"wp:attachment":[{"href":"https:\/\/saxsim.ee\/swp\/wp-json\/wp\/v2\/media?parent=5352"}],"wp:term":[{"taxonomy":"product_cat","embeddable":true,"href":"https:\/\/saxsim.ee\/swp\/wp-json\/wp\/v2\/product_cat?post=5352"},{"taxonomy":"product_tag","embeddable":true,"href":"https:\/\/saxsim.ee\/swp\/wp-json\/wp\/v2\/product_tag?post=5352"}],"curies":[{"name":"wp","href":"https:\/\/api.w.org\/{rel}","templated":true}]}}