{"id":5344,"date":"2018-12-10T08:55:36","date_gmt":"2018-12-10T06:55:36","guid":{"rendered":"https:\/\/www.saxsim.ee\/?post_type=product&#038;p=5344"},"modified":"2019-02-03T18:27:11","modified_gmt":"2019-02-03T16:27:11","slug":"cutting-cape-classic-loikuslina-3","status":"publish","type":"product","link":"https:\/\/saxsim.ee\/swp\/product\/cutting-cape-classic-loikuslina-3\/","title":{"rendered":"Cutting Cape, Classic &#8211; l\u00f5ikuslina"},"content":{"rendered":"<p>Suurus &#8211; 135*150 cm.<\/p>\n<p>Kinnitus &#8211; haakidega<\/p>\n<p>Kaeluse max. \u00fcmberm\u00f5\u00f5t &#8211; 59 cm.<\/p>\n<p>Materjal &#8211; <span class=\"tlid-translation translation\"><span title=\"\">100% nailon<\/span><\/span>, hingav<\/p>\n<p>K\u00e4eavadega<\/p>\n<p>V\u00e4rv &#8211; tumesinine<\/p>\n<p><strong>Hooldus:<\/strong><\/p>\n<p>masinpesu madalal temperatuuril<\/p>\n<p>kuivatada soovitavalt n\u00f6\u00f6ril. Trummelkuivatus ainult madalatel p\u00f6\u00f6retel!<\/p>\n<p>pesemisel \u00e4rge kunagi kasutage vedelaid valgendusvahendeid!<\/p>\n","protected":false},"excerpt":{"rendered":"<p>Suurus &#8211; 135*150 cm. Kinnitus &#8211; haakidega Kaeluse max. \u00fcmberm\u00f5\u00f5t &#8211; 59 cm. Materjal &#8211; 100% nailon, hingav K\u00e4eavadega V\u00e4rv &#8211; tumesinine Hooldus: masinpesu madalal temperatuuril kuivatada soovitavalt n\u00f6\u00f6ril. Trummelkuivatus ainult madalatel p\u00f6\u00f6retel! pesemisel \u00e4rge kunagi kasutage vedelaid valgendusvahendeid!<\/p>\n","protected":false},"featured_media":5346,"comment_status":"closed","ping_status":"closed","template":"","meta":[],"product_cat":[739,401,296],"product_tag":[],"class_list":{"0":"post-5344","1":"product","2":"type-product","3":"status-publish","4":"has-post-thumbnail","6":"product_cat-trend-design","7":"product_cat-juuksuri-tarvikud","8":"product_cat-loikus-ja-varvilinad","10":"first","11":"instock","12":"taxable","13":"shipping-taxable","14":"purchasable","15":"product-type-simple"},"_links":{"self":[{"href":"https:\/\/saxsim.ee\/swp\/wp-json\/wp\/v2\/product\/5344"}],"collection":[{"href":"https:\/\/saxsim.ee\/swp\/wp-json\/wp\/v2\/product"}],"about":[{"href":"https:\/\/saxsim.ee\/swp\/wp-json\/wp\/v2\/types\/product"}],"replies":[{"embeddable":true,"href":"https:\/\/saxsim.ee\/swp\/wp-json\/wp\/v2\/comments?post=5344"}],"wp:featuredmedia":[{"embeddable":true,"href":"https:\/\/saxsim.ee\/swp\/wp-json\/wp\/v2\/media\/5346"}],"wp:attachment":[{"href":"https:\/\/saxsim.ee\/swp\/wp-json\/wp\/v2\/media?parent=5344"}],"wp:term":[{"taxonomy":"product_cat","embeddable":true,"href":"https:\/\/saxsim.ee\/swp\/wp-json\/wp\/v2\/product_cat?post=5344"},{"taxonomy":"product_tag","embeddable":true,"href":"https:\/\/saxsim.ee\/swp\/wp-json\/wp\/v2\/product_tag?post=5344"}],"curies":[{"name":"wp","href":"https:\/\/api.w.org\/{rel}","templated":true}]}}